{"id":100,"date":"2022-05-05T22:12:01","date_gmt":"2022-05-05T20:12:01","guid":{"rendered":"https:\/\/cvipomocky.sk\/?page_id=100"},"modified":"2022-06-12T18:04:36","modified_gmt":"2022-06-12T16:04:36","slug":"kniha-tvary","status":"publish","type":"page","link":"https:\/\/cvipomocky.sk\/?page_id=100","title":{"rendered":"Knihy"},"content":{"rendered":"<div class=\"yoast-breadcrumbs\"><span><span><a href=\"https:\/\/cvipomocky.sk\/\">Home<\/a> &raquo; <span><a href=\"https:\/\/cvipomocky.sk\/?page_id=132\">Tvorba pom\u00f4cok<\/a> &raquo; <span class=\"breadcrumb_last\" aria-current=\"page\">Knihy<\/span><\/span><\/span><\/span><\/div>\n\n\n<p>V tejto sekcii sa nach\u00e1dzaj\u00fa viacer\u00e9 knihy pre deti s CVI, ktor\u00e9 je mo\u017en\u00e9 vytla\u010di\u0165 a pou\u017ei\u0165 v r\u00e1mci cielenej stimul\u00e1cie zraku u det\u00ed s CVI. Pre knihy boli navrhnut\u00e9 aj trojrozmern\u00e9 filcov\u00e9 alebo plsten\u00e9 pom\u00f4cky. \u0160abl\u00f3ny na tvorbu t\u00fdchto pom\u00f4cok sa tak isto nach\u00e1dzaj\u00fa v \u010dasti <a href=\"https:\/\/cvipomocky.sk\/?page_id=132\" target=\"_blank\" rel=\"noreferrer noopener\">Tvorba pom\u00f4cok.<\/a><\/p>\n\n\n\n<hr class=\"wp-block-separator is-style-dots\"\/>\n\n\n\n<p>Dvojica kn\u00edh \u2013 <strong>PR\u00cdRODN\u00c9 TVARY<\/strong><\/p>\n\n\n\n<figure class=\"wp-block-image size-large\"><img loading=\"lazy\" width=\"1024\" height=\"768\" src=\"https:\/\/cvipomocky.sk\/wp-content\/uploads\/2022\/06\/Prirodne-tvary_obalka-1-1024x768.jpg\" alt=\"\" class=\"wp-image-825\" srcset=\"https:\/\/cvipomocky.sk\/wp-content\/uploads\/2022\/06\/Prirodne-tvary_obalka-1-1024x768.jpg 1024w, https:\/\/cvipomocky.sk\/wp-content\/uploads\/2022\/06\/Prirodne-tvary_obalka-1-300x225.jpg 300w, https:\/\/cvipomocky.sk\/wp-content\/uploads\/2022\/06\/Prirodne-tvary_obalka-1-768x576.jpg 768w, https:\/\/cvipomocky.sk\/wp-content\/uploads\/2022\/06\/Prirodne-tvary_obalka-1-1536x1152.jpg 1536w, https:\/\/cvipomocky.sk\/wp-content\/uploads\/2022\/06\/Prirodne-tvary_obalka-1-1568x1176.jpg 1568w, https:\/\/cvipomocky.sk\/wp-content\/uploads\/2022\/06\/Prirodne-tvary_obalka-1.jpg 1920w\" sizes=\"(max-width: 1024px) 100vw, 1024px\" \/><figcaption>Ob\u00e1lka knihy Pr\u00edrodn\u00e9 tvary \u2013 Piktogramy v \u010dervenej farbe, form\u00e1t 160 x 160 mm.<\/figcaption><\/figure>\n\n\n\n<div class=\"wp-block-media-text is-stacked-on-mobile\"><figure class=\"wp-block-media-text__media\"><a href=\"http:\/\/cvipomocky.sk\/wp-content\/uploads\/2022\/06\/CVI_kniha_Prirodne-tvary_Fotografie.pdf\" target=\"_blank\" rel=\"noopener\"><img loading=\"lazy\" width=\"1024\" height=\"768\" src=\"https:\/\/cvipomocky.sk\/wp-content\/uploads\/2022\/06\/Prirodne-tvary_vnutro_CVI_2-1024x768.jpg\" alt=\"\" class=\"wp-image-828 size-full\" srcset=\"https:\/\/cvipomocky.sk\/wp-content\/uploads\/2022\/06\/Prirodne-tvary_vnutro_CVI_2-1024x768.jpg 1024w, https:\/\/cvipomocky.sk\/wp-content\/uploads\/2022\/06\/Prirodne-tvary_vnutro_CVI_2-300x225.jpg 300w, https:\/\/cvipomocky.sk\/wp-content\/uploads\/2022\/06\/Prirodne-tvary_vnutro_CVI_2-768x576.jpg 768w, https:\/\/cvipomocky.sk\/wp-content\/uploads\/2022\/06\/Prirodne-tvary_vnutro_CVI_2-1536x1152.jpg 1536w, https:\/\/cvipomocky.sk\/wp-content\/uploads\/2022\/06\/Prirodne-tvary_vnutro_CVI_2-1568x1176.jpg 1568w, https:\/\/cvipomocky.sk\/wp-content\/uploads\/2022\/06\/Prirodne-tvary_vnutro_CVI_2.jpg 1920w\" sizes=\"(max-width: 1024px) 100vw, 1024px\" \/><\/a><\/figure><div class=\"wp-block-media-text__content\">\n<p class=\"has-large-font-size\"><a href=\"http:\/\/cvipomocky.sk\/wp-content\/uploads\/2022\/06\/CVI_kniha_Prirodne-tvary_Fotografie.pdf\" target=\"_blank\" rel=\"noreferrer noopener\">PDF Pr\u00edrodn\u00e9 tvary: fotografie<\/a><\/p>\n<\/div><\/div>\n\n\n\n<div class=\"wp-block-media-text is-stacked-on-mobile\"><figure class=\"wp-block-media-text__media\"><a href=\"http:\/\/cvipomocky.sk\/wp-content\/uploads\/2022\/06\/CVI_kniha_Prirodne-tvary_Piktogramy.pdf\" target=\"_blank\" rel=\"noopener\"><img loading=\"lazy\" width=\"1024\" height=\"768\" src=\"http:\/\/cvipomocky.sk\/wp-content\/uploads\/2022\/06\/Prirodne-tvary_vnutro-1024x768.jpg\" alt=\"\" class=\"wp-image-836 size-full\" srcset=\"https:\/\/cvipomocky.sk\/wp-content\/uploads\/2022\/06\/Prirodne-tvary_vnutro-1024x768.jpg 1024w, https:\/\/cvipomocky.sk\/wp-content\/uploads\/2022\/06\/Prirodne-tvary_vnutro-300x225.jpg 300w, https:\/\/cvipomocky.sk\/wp-content\/uploads\/2022\/06\/Prirodne-tvary_vnutro-768x576.jpg 768w, https:\/\/cvipomocky.sk\/wp-content\/uploads\/2022\/06\/Prirodne-tvary_vnutro-1536x1152.jpg 1536w, https:\/\/cvipomocky.sk\/wp-content\/uploads\/2022\/06\/Prirodne-tvary_vnutro-1568x1176.jpg 1568w, https:\/\/cvipomocky.sk\/wp-content\/uploads\/2022\/06\/Prirodne-tvary_vnutro.jpg 1920w\" sizes=\"(max-width: 1024px) 100vw, 1024px\" \/><\/a><\/figure><div class=\"wp-block-media-text__content\">\n<p class=\"has-large-font-size\"><a href=\"http:\/\/cvipomocky.sk\/wp-content\/uploads\/2022\/06\/CVI_kniha_Prirodne-tvary_Piktogramy.pdf\" target=\"_blank\" rel=\"noreferrer noopener\">PDF Pr\u00edrodn\u00e9 tvary: piktogramy<\/a><\/p>\n<\/div><\/div>\n\n\n\n<p>Dvojica kn\u00edh <strong>Pr\u00edrodn\u00e9 tvary<\/strong> obsahuje vyobrazenia vybran\u00fdch pr\u00edrodn\u00fdch tvarov (ovocie, kvety, mot\u00fd\u013e at\u010f.), v prvom pr\u00edpade vo forme <strong>realistickej fotografie,<\/strong> v druhom vo forme <strong>\u0161tylizovan\u00e9ho obr\u00e1zka \u2013 piktogramu<\/strong> v \u010dervenom preveden\u00ed. Na proti\u013eahlej strane obr\u00e1zkov sa nach\u00e1dza jednoslovn\u00fd n\u00e1zov dan\u00e9ho tvaru, ktor\u00fd je zv\u00fdraznen\u00fd \u010derven\u00fdm obrysom. Obe knihy maj\u00fa vysoko kontrastn\u00e9 \u010dierne pozadie a form\u00e1t 160 x 160 mm. Knihy s\u00fa ur\u010den\u00e9 pri prechode od trojrozmern\u00fdch objektov k ich dvojrozmern\u00e9mu realistick\u00e9mu vyobrazeniu a\u017e k abstraktnej \u0161tyliz\u00e1cii dan\u00e9ho tvaru.<\/p>\n\n\n\n<hr class=\"wp-block-separator is-style-dots\"\/>\n\n\n\n<p><strong>\u017dLT\u00c9 GEOMETRICK\u00c9 TVARY<\/strong><\/p>\n\n\n\n<figure class=\"wp-block-image size-large\"><img loading=\"lazy\" width=\"1024\" height=\"683\" src=\"https:\/\/cvipomocky.sk\/wp-content\/uploads\/2022\/06\/Obalka_zlte_tvary-1024x683.jpg\" alt=\"\" class=\"wp-image-846\" srcset=\"https:\/\/cvipomocky.sk\/wp-content\/uploads\/2022\/06\/Obalka_zlte_tvary-1024x683.jpg 1024w, https:\/\/cvipomocky.sk\/wp-content\/uploads\/2022\/06\/Obalka_zlte_tvary-300x200.jpg 300w, https:\/\/cvipomocky.sk\/wp-content\/uploads\/2022\/06\/Obalka_zlte_tvary-768x512.jpg 768w, https:\/\/cvipomocky.sk\/wp-content\/uploads\/2022\/06\/Obalka_zlte_tvary-1536x1024.jpg 1536w, https:\/\/cvipomocky.sk\/wp-content\/uploads\/2022\/06\/Obalka_zlte_tvary-1568x1045.jpg 1568w, https:\/\/cvipomocky.sk\/wp-content\/uploads\/2022\/06\/Obalka_zlte_tvary.jpg 1920w\" sizes=\"(max-width: 1024px) 100vw, 1024px\" \/><figcaption>Ob\u00e1lka knihy \u017dlt\u00e9 tvary \u2013 geometrick\u00e9 tvary v \u017eltej farbe, form\u00e1t 160 x 160 mm.<\/figcaption><\/figure>\n\n\n\n<div class=\"wp-block-media-text is-stacked-on-mobile\"><figure class=\"wp-block-media-text__media\"><a href=\"http:\/\/cvipomocky.sk\/wp-content\/uploads\/2022\/06\/CVI_kniha_Zlte-tvary.pdf\" target=\"_blank\" rel=\"noopener\"><img loading=\"lazy\" width=\"1024\" height=\"683\" src=\"http:\/\/cvipomocky.sk\/wp-content\/uploads\/2022\/06\/Zlte-tvary_vnutorne-strany-1024x683.jpg\" alt=\"\" class=\"wp-image-852 size-full\" srcset=\"https:\/\/cvipomocky.sk\/wp-content\/uploads\/2022\/06\/Zlte-tvary_vnutorne-strany-1024x683.jpg 1024w, https:\/\/cvipomocky.sk\/wp-content\/uploads\/2022\/06\/Zlte-tvary_vnutorne-strany-300x200.jpg 300w, https:\/\/cvipomocky.sk\/wp-content\/uploads\/2022\/06\/Zlte-tvary_vnutorne-strany-768x512.jpg 768w, https:\/\/cvipomocky.sk\/wp-content\/uploads\/2022\/06\/Zlte-tvary_vnutorne-strany-1536x1024.jpg 1536w, https:\/\/cvipomocky.sk\/wp-content\/uploads\/2022\/06\/Zlte-tvary_vnutorne-strany-1568x1045.jpg 1568w, https:\/\/cvipomocky.sk\/wp-content\/uploads\/2022\/06\/Zlte-tvary_vnutorne-strany.jpg 1920w\" sizes=\"(max-width: 1024px) 100vw, 1024px\" \/><\/a><\/figure><div class=\"wp-block-media-text__content\">\n<p class=\"has-large-font-size\"><a href=\"http:\/\/cvipomocky.sk\/wp-content\/uploads\/2022\/06\/CVI_kniha_Zlte-tvary.pdf\" target=\"_blank\" rel=\"noreferrer noopener\">PDF \u017dlt\u00e9 tvary: geometrick\u00e9 tvary<\/a><\/p>\n<\/div><\/div>\n\n\n\n<p>Kniha <strong>\u017dlt\u00e9 tvary<\/strong> je vari\u00e1ciou predo\u0161lej knihy s abstraktn\u00fdmi pr\u00edrodn\u00fdmi tvarmi, v tomto pr\u00edpade s\u00fa v\u0161ak vyobrazen\u00e9 abstraktn\u00e9 geometrick\u00e9 tvary (kruh, \u0161tvorec, hviezda at\u010f.). Geometrick\u00e9 tvary i obrys ich jednoslovn\u00fdch n\u00e1zvov s\u00fa zn\u00e1zornen\u00e9 pomocou \u017eltej farby. Farebnos\u0165 je v\u0161ak mo\u017en\u00e9 variova\u0165 pod\u013ea preferovanej farby die\u0165a\u0165a (\u010derven\u00e1, oran\u017eov\u00e1, zelen\u00e1 at\u010f.). <\/p>\n\n\n\n<p>T\u00fato knihu je mo\u017en\u00e9 vyrobi\u0165 si aj v dom\u00e1cich podmienkach pomocou \u010dierneho kart\u00f3nu, samolepiaceho filcu zvolenej farby, pr\u00edpadne vytla\u010den\u00fdch n\u00e1zvov geometrick\u00fdch tvarov na samolepiaci papier, pri\u010dom sa n\u00e1zvy nalepia na proti\u013eahl\u00fa stranu oproti dan\u00e9mu geometrick\u00e9mu tvaru v taktilnom preveden\u00ed. Na zviazanie jednotliv\u00fdch listov m\u00f4\u017ee posl\u00fa\u017ei\u0165 napr\u00edklad \u010dierna \u0161pir\u00e1lov\u00e1 v\u00e4zba. Ako \u010fal\u0161iu pom\u00f4cku ku knihe je mo\u017en\u00e9 vytvori\u0165 aj karti\u010dky form\u00e1tu 70 x 90 mm s jednotliv\u00fdmi geometrick\u00fdmi tvarmi.<\/p>\n\n\n\n<figure class=\"wp-block-image size-large\"><img loading=\"lazy\" width=\"1024\" height=\"768\" src=\"http:\/\/cvipomocky.sk\/wp-content\/uploads\/2022\/06\/nalepky_01-1024x768.jpg\" alt=\"\" class=\"wp-image-438\" srcset=\"https:\/\/cvipomocky.sk\/wp-content\/uploads\/2022\/06\/nalepky_01-1024x768.jpg 1024w, https:\/\/cvipomocky.sk\/wp-content\/uploads\/2022\/06\/nalepky_01-300x225.jpg 300w, https:\/\/cvipomocky.sk\/wp-content\/uploads\/2022\/06\/nalepky_01-768x576.jpg 768w, https:\/\/cvipomocky.sk\/wp-content\/uploads\/2022\/06\/nalepky_01-1536x1152.jpg 1536w, https:\/\/cvipomocky.sk\/wp-content\/uploads\/2022\/06\/nalepky_01-1568x1176.jpg 1568w, https:\/\/cvipomocky.sk\/wp-content\/uploads\/2022\/06\/nalepky_01.jpg 1920w\" sizes=\"(max-width: 1024px) 100vw, 1024px\" \/><figcaption>Karti\u010dky form\u00e1tu 70 x 90 mm s jednotliv\u00fdmi tvarmi v \u017eltej farbe. Tvary je mo\u017en\u00e9 vystrihn\u00fa\u0165 zo samolepiaceho papiera na z\u00e1klade \u0161abl\u00f3n a nalepi\u0165 na \u010dierny kart\u00f3n.<\/figcaption><\/figure>\n\n\n\n<div class=\"wp-block-file\"><a id=\"wp-block-file--media-d5f5a501-eef3-48a6-a2dd-8c7a7a4b1b3c\" href=\"http:\/\/cvipomocky.sk\/wp-content\/uploads\/2022\/06\/Tvary_sablony.pdf\" target=\"_blank\" rel=\"noreferrer noopener\">Tvary_sablony<\/a><a href=\"http:\/\/cvipomocky.sk\/wp-content\/uploads\/2022\/06\/Tvary_sablony.pdf\" class=\"wp-block-file__button\" download aria-describedby=\"wp-block-file--media-d5f5a501-eef3-48a6-a2dd-8c7a7a4b1b3c\">Stiahnu\u0165<\/a><\/div>\n\n\n\n<hr class=\"wp-block-separator is-style-dots\"\/>\n\n\n\n<p><\/p>\n","protected":false},"excerpt":{"rendered":"<p>V tejto sekcii sa nach\u00e1dzaj\u00fa viacer\u00e9 knihy pre deti s CVI, ktor\u00e9 je mo\u017en\u00e9 vytla\u010di\u0165 a pou\u017ei\u0165 v r\u00e1mci cielenej stimul\u00e1cie zraku u det\u00ed s CVI. Pre knihy boli navrhnut\u00e9 aj trojrozmern\u00e9 filcov\u00e9 alebo plsten\u00e9 pom\u00f4cky. \u0160abl\u00f3ny na tvorbu t\u00fdchto pom\u00f4cok sa tak isto nach\u00e1dzaj\u00fa v \u010dasti Tvorba pom\u00f4cok. Dvojica kn\u00edh \u2013 PR\u00cdRODN\u00c9 TVARY PDF&hellip; <a class=\"more-link\" href=\"https:\/\/cvipomocky.sk\/?page_id=100\">Pokra\u010dova\u0165 v \u010d\u00edtan\u00ed <span class=\"screen-reader-text\">Knihy<\/span><\/a><\/p>\n","protected":false},"author":1,"featured_media":0,"parent":132,"menu_order":8,"comment_status":"closed","ping_status":"closed","template":"","meta":{"_monsterinsights_skip_tracking":false,"_monsterinsights_sitenote_active":false,"_monsterinsights_sitenote_note":"","_monsterinsights_sitenote_category":0},"yoast_head":"<!-- This site is optimized with the Yoast SEO plugin v19.0 - https:\/\/yoast.com\/wordpress\/plugins\/seo\/ -->\n<title>Knihy - cvipomocky.sk<\/title>\n<meta name=\"robots\" content=\"index, follow, max-snippet:-1, max-image-preview:large, max-video-preview:-1\" \/>\n<link rel=\"canonical\" href=\"https:\/\/cvipomocky.sk\/?page_id=100\" \/>\n<meta property=\"og:locale\" content=\"sk_SK\" \/>\n<meta property=\"og:type\" content=\"article\" \/>\n<meta property=\"og:title\" content=\"Knihy - cvipomocky.sk\" \/>\n<meta property=\"og:description\" content=\"V tejto sekcii sa nach\u00e1dzaj\u00fa viacer\u00e9 knihy pre deti s CVI, ktor\u00e9 je mo\u017en\u00e9 vytla\u010di\u0165 a pou\u017ei\u0165 v r\u00e1mci cielenej stimul\u00e1cie zraku u det\u00ed s CVI. Pre knihy boli navrhnut\u00e9 aj trojrozmern\u00e9 filcov\u00e9 alebo plsten\u00e9 pom\u00f4cky. \u0160abl\u00f3ny na tvorbu t\u00fdchto pom\u00f4cok sa tak isto nach\u00e1dzaj\u00fa v \u010dasti Tvorba pom\u00f4cok. Dvojica kn\u00edh \u2013 PR\u00cdRODN\u00c9 TVARY PDF&hellip; Pokra\u010dova\u0165 v \u010d\u00edtan\u00ed Knihy\" \/>\n<meta property=\"og:url\" content=\"https:\/\/cvipomocky.sk\/?page_id=100\" \/>\n<meta property=\"og:site_name\" content=\"cvipomocky.sk\" \/>\n<meta property=\"article:modified_time\" content=\"2022-06-12T16:04:36+00:00\" \/>\n<meta property=\"og:image\" content=\"https:\/\/cvipomocky.sk\/wp-content\/uploads\/2022\/06\/Prirodne-tvary_obalka-1-1024x768.jpg\" \/>\n<meta name=\"twitter:card\" content=\"summary_large_image\" \/>\n<meta name=\"twitter:label1\" content=\"Predpokladan\u00fd \u010das \u010d\u00edtania\" \/>\n\t<meta name=\"twitter:data1\" content=\"3 min\u00faty\" \/>\n<script type=\"application\/ld+json\" class=\"yoast-schema-graph\">{\"@context\":\"https:\/\/schema.org\",\"@graph\":[{\"@type\":[\"Person\",\"Organization\"],\"@id\":\"https:\/\/cvipomocky.sk\/#\/schema\/person\/6764def79ff29fc2ea07657bb110ef9b\",\"name\":\"evarak\",\"image\":{\"@type\":\"ImageObject\",\"inLanguage\":\"sk-SK\",\"@id\":\"https:\/\/cvipomocky.sk\/#\/schema\/person\/image\/\",\"url\":\"https:\/\/cvipomocky.sk\/wp-content\/uploads\/2022\/06\/hrasok_01.jpg\",\"contentUrl\":\"https:\/\/cvipomocky.sk\/wp-content\/uploads\/2022\/06\/hrasok_01.jpg\",\"width\":1600,\"height\":1200,\"caption\":\"evarak\"},\"logo\":{\"@id\":\"https:\/\/cvipomocky.sk\/#\/schema\/person\/image\/\"},\"sameAs\":[\"http:\/\/cvipomocky.sk\"]},{\"@type\":\"WebSite\",\"@id\":\"https:\/\/cvipomocky.sk\/#website\",\"url\":\"https:\/\/cvipomocky.sk\/\",\"name\":\"cvipomocky.sk\",\"description\":\"pom\u00f4cky pre deti s CVI\",\"publisher\":{\"@id\":\"https:\/\/cvipomocky.sk\/#\/schema\/person\/6764def79ff29fc2ea07657bb110ef9b\"},\"potentialAction\":[{\"@type\":\"SearchAction\",\"target\":{\"@type\":\"EntryPoint\",\"urlTemplate\":\"https:\/\/cvipomocky.sk\/?s={search_term_string}\"},\"query-input\":\"required name=search_term_string\"}],\"inLanguage\":\"sk-SK\"},{\"@type\":\"ImageObject\",\"inLanguage\":\"sk-SK\",\"@id\":\"https:\/\/cvipomocky.sk\/?page_id=100#primaryimage\",\"url\":\"https:\/\/cvipomocky.sk\/wp-content\/uploads\/2022\/06\/Prirodne-tvary_obalka-1.jpg\",\"contentUrl\":\"https:\/\/cvipomocky.sk\/wp-content\/uploads\/2022\/06\/Prirodne-tvary_obalka-1.jpg\",\"width\":1920,\"height\":1440},{\"@type\":\"WebPage\",\"@id\":\"https:\/\/cvipomocky.sk\/?page_id=100#webpage\",\"url\":\"https:\/\/cvipomocky.sk\/?page_id=100\",\"name\":\"Knihy - cvipomocky.sk\",\"isPartOf\":{\"@id\":\"https:\/\/cvipomocky.sk\/#website\"},\"primaryImageOfPage\":{\"@id\":\"https:\/\/cvipomocky.sk\/?page_id=100#primaryimage\"},\"datePublished\":\"2022-05-05T20:12:01+00:00\",\"dateModified\":\"2022-06-12T16:04:36+00:00\",\"breadcrumb\":{\"@id\":\"https:\/\/cvipomocky.sk\/?page_id=100#breadcrumb\"},\"inLanguage\":\"sk-SK\",\"potentialAction\":[{\"@type\":\"ReadAction\",\"target\":[\"https:\/\/cvipomocky.sk\/?page_id=100\"]}]},{\"@type\":\"BreadcrumbList\",\"@id\":\"https:\/\/cvipomocky.sk\/?page_id=100#breadcrumb\",\"itemListElement\":[{\"@type\":\"ListItem\",\"position\":1,\"name\":\"Home\",\"item\":\"https:\/\/cvipomocky.sk\/\"},{\"@type\":\"ListItem\",\"position\":2,\"name\":\"Tvorba pom\u00f4cok\",\"item\":\"https:\/\/cvipomocky.sk\/?page_id=132\"},{\"@type\":\"ListItem\",\"position\":3,\"name\":\"Knihy\"}]}]}<\/script>\n<!-- \/ Yoast SEO plugin. -->","yoast_head_json":{"title":"Knihy - cvipomocky.sk","robots":{"index":"index","follow":"follow","max-snippet":"max-snippet:-1","max-image-preview":"max-image-preview:large","max-video-preview":"max-video-preview:-1"},"canonical":"https:\/\/cvipomocky.sk\/?page_id=100","og_locale":"sk_SK","og_type":"article","og_title":"Knihy - cvipomocky.sk","og_description":"V tejto sekcii sa nach\u00e1dzaj\u00fa viacer\u00e9 knihy pre deti s CVI, ktor\u00e9 je mo\u017en\u00e9 vytla\u010di\u0165 a pou\u017ei\u0165 v r\u00e1mci cielenej stimul\u00e1cie zraku u det\u00ed s CVI. Pre knihy boli navrhnut\u00e9 aj trojrozmern\u00e9 filcov\u00e9 alebo plsten\u00e9 pom\u00f4cky. \u0160abl\u00f3ny na tvorbu t\u00fdchto pom\u00f4cok sa tak isto nach\u00e1dzaj\u00fa v \u010dasti Tvorba pom\u00f4cok. Dvojica kn\u00edh \u2013 PR\u00cdRODN\u00c9 TVARY PDF&hellip; Pokra\u010dova\u0165 v \u010d\u00edtan\u00ed Knihy","og_url":"https:\/\/cvipomocky.sk\/?page_id=100","og_site_name":"cvipomocky.sk","article_modified_time":"2022-06-12T16:04:36+00:00","og_image":[{"url":"https:\/\/cvipomocky.sk\/wp-content\/uploads\/2022\/06\/Prirodne-tvary_obalka-1-1024x768.jpg"}],"twitter_card":"summary_large_image","twitter_misc":{"Predpokladan\u00fd \u010das \u010d\u00edtania":"3 min\u00faty"},"schema":{"@context":"https:\/\/schema.org","@graph":[{"@type":["Person","Organization"],"@id":"https:\/\/cvipomocky.sk\/#\/schema\/person\/6764def79ff29fc2ea07657bb110ef9b","name":"evarak","image":{"@type":"ImageObject","inLanguage":"sk-SK","@id":"https:\/\/cvipomocky.sk\/#\/schema\/person\/image\/","url":"https:\/\/cvipomocky.sk\/wp-content\/uploads\/2022\/06\/hrasok_01.jpg","contentUrl":"https:\/\/cvipomocky.sk\/wp-content\/uploads\/2022\/06\/hrasok_01.jpg","width":1600,"height":1200,"caption":"evarak"},"logo":{"@id":"https:\/\/cvipomocky.sk\/#\/schema\/person\/image\/"},"sameAs":["http:\/\/cvipomocky.sk"]},{"@type":"WebSite","@id":"https:\/\/cvipomocky.sk\/#website","url":"https:\/\/cvipomocky.sk\/","name":"cvipomocky.sk","description":"pom\u00f4cky pre deti s CVI","publisher":{"@id":"https:\/\/cvipomocky.sk\/#\/schema\/person\/6764def79ff29fc2ea07657bb110ef9b"},"potentialAction":[{"@type":"SearchAction","target":{"@type":"EntryPoint","urlTemplate":"https:\/\/cvipomocky.sk\/?s={search_term_string}"},"query-input":"required name=search_term_string"}],"inLanguage":"sk-SK"},{"@type":"ImageObject","inLanguage":"sk-SK","@id":"https:\/\/cvipomocky.sk\/?page_id=100#primaryimage","url":"https:\/\/cvipomocky.sk\/wp-content\/uploads\/2022\/06\/Prirodne-tvary_obalka-1.jpg","contentUrl":"https:\/\/cvipomocky.sk\/wp-content\/uploads\/2022\/06\/Prirodne-tvary_obalka-1.jpg","width":1920,"height":1440},{"@type":"WebPage","@id":"https:\/\/cvipomocky.sk\/?page_id=100#webpage","url":"https:\/\/cvipomocky.sk\/?page_id=100","name":"Knihy - cvipomocky.sk","isPartOf":{"@id":"https:\/\/cvipomocky.sk\/#website"},"primaryImageOfPage":{"@id":"https:\/\/cvipomocky.sk\/?page_id=100#primaryimage"},"datePublished":"2022-05-05T20:12:01+00:00","dateModified":"2022-06-12T16:04:36+00:00","breadcrumb":{"@id":"https:\/\/cvipomocky.sk\/?page_id=100#breadcrumb"},"inLanguage":"sk-SK","potentialAction":[{"@type":"ReadAction","target":["https:\/\/cvipomocky.sk\/?page_id=100"]}]},{"@type":"BreadcrumbList","@id":"https:\/\/cvipomocky.sk\/?page_id=100#breadcrumb","itemListElement":[{"@type":"ListItem","position":1,"name":"Home","item":"https:\/\/cvipomocky.sk\/"},{"@type":"ListItem","position":2,"name":"Tvorba pom\u00f4cok","item":"https:\/\/cvipomocky.sk\/?page_id=132"},{"@type":"ListItem","position":3,"name":"Knihy"}]}]}},"_links":{"self":[{"href":"https:\/\/cvipomocky.sk\/index.php?rest_route=\/wp\/v2\/pages\/100"}],"collection":[{"href":"https:\/\/cvipomocky.sk\/index.php?rest_route=\/wp\/v2\/pages"}],"about":[{"href":"https:\/\/cvipomocky.sk\/index.php?rest_route=\/wp\/v2\/types\/page"}],"author":[{"embeddable":true,"href":"https:\/\/cvipomocky.sk\/index.php?rest_route=\/wp\/v2\/users\/1"}],"replies":[{"embeddable":true,"href":"https:\/\/cvipomocky.sk\/index.php?rest_route=%2Fwp%2Fv2%2Fcomments&post=100"}],"version-history":[{"count":5,"href":"https:\/\/cvipomocky.sk\/index.php?rest_route=\/wp\/v2\/pages\/100\/revisions"}],"predecessor-version":[{"id":870,"href":"https:\/\/cvipomocky.sk\/index.php?rest_route=\/wp\/v2\/pages\/100\/revisions\/870"}],"up":[{"embeddable":true,"href":"https:\/\/cvipomocky.sk\/index.php?rest_route=\/wp\/v2\/pages\/132"}],"wp:attachment":[{"href":"https:\/\/cvipomocky.sk\/index.php?rest_route=%2Fwp%2Fv2%2Fmedia&parent=100"}],"curies":[{"name":"wp","href":"https:\/\/api.w.org\/{rel}","templated":true}]}}