{"id":141,"date":"2022-05-05T22:35:46","date_gmt":"2022-05-05T20:35:46","guid":{"rendered":"https:\/\/cvipomocky.sk\/?page_id=141"},"modified":"2022-06-12T14:44:25","modified_gmt":"2022-06-12T12:44:25","slug":"techniky-spracovania-materialov","status":"publish","type":"page","link":"https:\/\/cvipomocky.sk\/?page_id=141","title":{"rendered":"Techniky spracovania materi\u00e1lov"},"content":{"rendered":"\n<figure class=\"wp-block-gallery alignwide has-nested-images columns-default is-cropped\">\n<figure class=\"wp-block-image size-large\"><img loading=\"lazy\" width=\"1024\" height=\"768\" data-id=\"607\"  src=\"https:\/\/cvipomocky.sk\/wp-content\/uploads\/2022\/06\/hrasky_WIP-1024x768.jpg\" alt=\"\" class=\"wp-image-607\" srcset=\"https:\/\/cvipomocky.sk\/wp-content\/uploads\/2022\/06\/hrasky_WIP-1024x768.jpg 1024w, https:\/\/cvipomocky.sk\/wp-content\/uploads\/2022\/06\/hrasky_WIP-300x225.jpg 300w, https:\/\/cvipomocky.sk\/wp-content\/uploads\/2022\/06\/hrasky_WIP-768x576.jpg 768w, https:\/\/cvipomocky.sk\/wp-content\/uploads\/2022\/06\/hrasky_WIP-1536x1152.jpg 1536w, https:\/\/cvipomocky.sk\/wp-content\/uploads\/2022\/06\/hrasky_WIP-1568x1176.jpg 1568w, https:\/\/cvipomocky.sk\/wp-content\/uploads\/2022\/06\/hrasky_WIP.jpg 1920w\" sizes=\"(max-width: 1024px) 100vw, 1024px\" \/><\/figure>\n\n\n\n<figure class=\"wp-block-image size-large\"><img loading=\"lazy\" width=\"1600\" height=\"1200\" data-id=\"268\"  src=\"http:\/\/cvipomocky.sk\/wp-content\/uploads\/2022\/06\/hrasky-work-in-progressl.jpg\" alt=\"\" class=\"wp-image-268\" srcset=\"https:\/\/cvipomocky.sk\/wp-content\/uploads\/2022\/06\/hrasky-work-in-progressl.jpg 1600w, https:\/\/cvipomocky.sk\/wp-content\/uploads\/2022\/06\/hrasky-work-in-progressl-300x225.jpg 300w, https:\/\/cvipomocky.sk\/wp-content\/uploads\/2022\/06\/hrasky-work-in-progressl-1024x768.jpg 1024w, https:\/\/cvipomocky.sk\/wp-content\/uploads\/2022\/06\/hrasky-work-in-progressl-768x576.jpg 768w, https:\/\/cvipomocky.sk\/wp-content\/uploads\/2022\/06\/hrasky-work-in-progressl-1536x1152.jpg 1536w, https:\/\/cvipomocky.sk\/wp-content\/uploads\/2022\/06\/hrasky-work-in-progressl-1568x1176.jpg 1568w\" sizes=\"(max-width: 1600px) 100vw, 1600px\" \/><\/figure>\n\n\n\n<figure class=\"wp-block-image size-large\"><img loading=\"lazy\" width=\"2560\" height=\"1920\" data-id=\"57\"  src=\"http:\/\/cvipomocky.sk\/wp-content\/uploads\/2022\/05\/IMG_20220408_101041258-scaled.jpg\" alt=\"\" class=\"wp-image-57\" srcset=\"https:\/\/cvipomocky.sk\/wp-content\/uploads\/2022\/05\/IMG_20220408_101041258-scaled.jpg 2560w, https:\/\/cvipomocky.sk\/wp-content\/uploads\/2022\/05\/IMG_20220408_101041258-300x225.jpg 300w, https:\/\/cvipomocky.sk\/wp-content\/uploads\/2022\/05\/IMG_20220408_101041258-1024x768.jpg 1024w, https:\/\/cvipomocky.sk\/wp-content\/uploads\/2022\/05\/IMG_20220408_101041258-768x576.jpg 768w, https:\/\/cvipomocky.sk\/wp-content\/uploads\/2022\/05\/IMG_20220408_101041258-1536x1152.jpg 1536w, https:\/\/cvipomocky.sk\/wp-content\/uploads\/2022\/05\/IMG_20220408_101041258-2048x1536.jpg 2048w, https:\/\/cvipomocky.sk\/wp-content\/uploads\/2022\/05\/IMG_20220408_101041258-1568x1176.jpg 1568w\" sizes=\"(max-width: 2560px) 100vw, 2560px\" \/><\/figure>\n<\/figure>\n\n\n<div class=\"yoast-breadcrumbs\"><span><span><a href=\"https:\/\/cvipomocky.sk\/\">Home<\/a> &raquo; <span><a href=\"https:\/\/cvipomocky.sk\/?page_id=133\">\u00daprava pom\u00f4cok<\/a> &raquo; <span class=\"breadcrumb_last\" aria-current=\"page\">Techniky spracovania materi\u00e1lov<\/span><\/span><\/span><\/span><\/div>\n\n\n<p>Pom\u00f4cky pre deti s CVI, ktor\u00e9 s\u00fa prezentovan\u00e9 na tejto webovej str\u00e1nke, boli navrhnut\u00e9 a optimalizovan\u00e9 pre ru\u010dn\u00fa v\u00fdrobu \u2013 len s&nbsp;pomocou r\u00f4znych materi\u00e1lov, rysovac\u00edch pom\u00f4cok, papierov a&nbsp;podobne, aby sa docielila \u010do najjednoduch\u0161iu vyrobite\u013enos\u0165 aj v&nbsp;dom\u00e1cich podmienkach. V&nbsp;z\u00e1vislosti od typu pom\u00f4cky, ktor\u00e9 bolo potrebn\u00e9 upravi\u0165 alebo vyhotovi\u0165, ako aj pou\u017eit\u00e9ho materi\u00e1lu, je mo\u017en\u00e9 pracova\u0165 s&nbsp;technikami <strong>\u0161itia (ru\u010dn\u00e9, strojov\u00e9) a&nbsp;plstenia.<\/strong> Mnoh\u00e9 z&nbsp;materi\u00e1lov bolo potrebn\u00e9 <strong>striha\u0165<\/strong> \u010di <strong>lepi\u0165. <\/strong>Pri ru\u010dne tvoren\u00fdch knih\u00e1ch je strany knihy mo\u017en\u00e9 zviaza\u0165 <strong>kovovou (dr\u00f4tenou, \u0161pir\u00e1lovou) v\u00e4zbou,<\/strong> pr\u00edpadne ru\u010dne \u2013 ako <strong>leporelo. <\/strong>Pri \u00faprave u\u017e&nbsp;existuj\u00facich pom\u00f4cok je materi\u00e1l (f\u00f3liu, filc a podobne) pred aplikovan\u00edm na pom\u00f4cky mo\u017en\u00e9 striha\u0165 a lepi\u0165, respekt\u00edve <strong>aplikova\u0165 farbu \u0161tetcom<\/strong> na dan\u00e9 pom\u00f4cky, \u010domu predch\u00e1dza <strong>br\u00fasenie<\/strong> a o\u010distenie ich povrchu.<\/p>\n\n\n\n<p>Pri s\u00e9riovej v\u00fdrobe navrhnut\u00fdch pom\u00f4cok (napr. kn\u00edh) je mo\u017en\u00e9 vyu\u017ei\u0165 r\u00f4zne <strong>technol\u00f3gie v\u00fdroby, <\/strong>napr. digit\u00e1lnu alebo ofsetov\u00fa tla\u010d, r\u00f4zne typy dokon\u010dovac\u00edch \u00faprav v&nbsp;z\u00e1vislosti od pou\u017eit\u00e9ho materi\u00e1lu (slepotla\u010d, razba s f\u00f3liou at\u010f.), \u010falej plotrovanie, digit\u00e1lny v\u00fdsek, ka\u0161\u00edrovanie, lamin\u00e1ciu a podobne.<\/p>\n","protected":false},"excerpt":{"rendered":"<p>Pom\u00f4cky pre deti s CVI, ktor\u00e9 s\u00fa prezentovan\u00e9 na tejto webovej str\u00e1nke, boli navrhnut\u00e9 a optimalizovan\u00e9 pre ru\u010dn\u00fa v\u00fdrobu \u2013 len s&nbsp;pomocou r\u00f4znych materi\u00e1lov, rysovac\u00edch pom\u00f4cok, papierov a&nbsp;podobne, aby sa docielila \u010do najjednoduch\u0161iu vyrobite\u013enos\u0165 aj v&nbsp;dom\u00e1cich podmienkach. V&nbsp;z\u00e1vislosti od typu pom\u00f4cky, ktor\u00e9 bolo potrebn\u00e9 upravi\u0165 alebo vyhotovi\u0165, ako aj pou\u017eit\u00e9ho materi\u00e1lu, je mo\u017en\u00e9 pracova\u0165 s&nbsp;technikami&hellip; <a class=\"more-link\" href=\"https:\/\/cvipomocky.sk\/?page_id=141\">Pokra\u010dova\u0165 v \u010d\u00edtan\u00ed <span class=\"screen-reader-text\">Techniky spracovania materi\u00e1lov<\/span><\/a><\/p>\n","protected":false},"author":1,"featured_media":0,"parent":133,"menu_order":2,"comment_status":"closed","ping_status":"closed","template":"","meta":{"_monsterinsights_skip_tracking":false,"_monsterinsights_sitenote_active":false,"_monsterinsights_sitenote_note":"","_monsterinsights_sitenote_category":0},"yoast_head":"<!-- This site is optimized with the Yoast SEO plugin v19.0 - https:\/\/yoast.com\/wordpress\/plugins\/seo\/ -->\n<title>Techniky spracovania materi\u00e1lov - cvipomocky.sk<\/title>\n<meta name=\"description\" content=\"Popis r\u00f4znych techn\u00edk spracovania materi\u00e1lov, ktor\u00e9 je mo\u017en\u00e9 vyu\u017ei\u0165 pri tvorbe alebo \u00faprave pom\u00f4cok pre deti s CVI.\" \/>\n<meta name=\"robots\" content=\"index, follow, max-snippet:-1, max-image-preview:large, max-video-preview:-1\" \/>\n<link rel=\"canonical\" href=\"https:\/\/cvipomocky.sk\/?page_id=141\" \/>\n<meta property=\"og:locale\" content=\"sk_SK\" \/>\n<meta property=\"og:type\" content=\"article\" \/>\n<meta property=\"og:title\" content=\"Techniky spracovania materi\u00e1lov - cvipomocky.sk\" \/>\n<meta property=\"og:description\" content=\"Popis r\u00f4znych techn\u00edk spracovania materi\u00e1lov, ktor\u00e9 je mo\u017en\u00e9 vyu\u017ei\u0165 pri tvorbe alebo \u00faprave pom\u00f4cok pre deti s CVI.\" \/>\n<meta property=\"og:url\" content=\"https:\/\/cvipomocky.sk\/?page_id=141\" \/>\n<meta property=\"og:site_name\" content=\"cvipomocky.sk\" \/>\n<meta property=\"article:modified_time\" content=\"2022-06-12T12:44:25+00:00\" \/>\n<meta property=\"og:image\" content=\"https:\/\/cvipomocky.sk\/wp-content\/uploads\/2022\/06\/hrasky_WIP-1024x768.jpg\" \/>\n<meta name=\"twitter:card\" content=\"summary_large_image\" \/>\n<meta name=\"twitter:label1\" content=\"Predpokladan\u00fd \u010das \u010d\u00edtania\" \/>\n\t<meta name=\"twitter:data1\" content=\"2 min\u00faty\" \/>\n<script type=\"application\/ld+json\" class=\"yoast-schema-graph\">{\"@context\":\"https:\/\/schema.org\",\"@graph\":[{\"@type\":[\"Person\",\"Organization\"],\"@id\":\"https:\/\/cvipomocky.sk\/#\/schema\/person\/6764def79ff29fc2ea07657bb110ef9b\",\"name\":\"evarak\",\"image\":{\"@type\":\"ImageObject\",\"inLanguage\":\"sk-SK\",\"@id\":\"https:\/\/cvipomocky.sk\/#\/schema\/person\/image\/\",\"url\":\"https:\/\/cvipomocky.sk\/wp-content\/uploads\/2022\/06\/hrasok_01.jpg\",\"contentUrl\":\"https:\/\/cvipomocky.sk\/wp-content\/uploads\/2022\/06\/hrasok_01.jpg\",\"width\":1600,\"height\":1200,\"caption\":\"evarak\"},\"logo\":{\"@id\":\"https:\/\/cvipomocky.sk\/#\/schema\/person\/image\/\"},\"sameAs\":[\"http:\/\/cvipomocky.sk\"]},{\"@type\":\"WebSite\",\"@id\":\"https:\/\/cvipomocky.sk\/#website\",\"url\":\"https:\/\/cvipomocky.sk\/\",\"name\":\"cvipomocky.sk\",\"description\":\"pom\u00f4cky pre deti s CVI\",\"publisher\":{\"@id\":\"https:\/\/cvipomocky.sk\/#\/schema\/person\/6764def79ff29fc2ea07657bb110ef9b\"},\"potentialAction\":[{\"@type\":\"SearchAction\",\"target\":{\"@type\":\"EntryPoint\",\"urlTemplate\":\"https:\/\/cvipomocky.sk\/?s={search_term_string}\"},\"query-input\":\"required name=search_term_string\"}],\"inLanguage\":\"sk-SK\"},{\"@type\":\"ImageObject\",\"inLanguage\":\"sk-SK\",\"@id\":\"https:\/\/cvipomocky.sk\/?page_id=141#primaryimage\",\"url\":\"https:\/\/cvipomocky.sk\/wp-content\/uploads\/2022\/06\/hrasky_WIP.jpg\",\"contentUrl\":\"https:\/\/cvipomocky.sk\/wp-content\/uploads\/2022\/06\/hrasky_WIP.jpg\",\"width\":1920,\"height\":1440},{\"@type\":\"WebPage\",\"@id\":\"https:\/\/cvipomocky.sk\/?page_id=141#webpage\",\"url\":\"https:\/\/cvipomocky.sk\/?page_id=141\",\"name\":\"Techniky spracovania materi\u00e1lov - cvipomocky.sk\",\"isPartOf\":{\"@id\":\"https:\/\/cvipomocky.sk\/#website\"},\"primaryImageOfPage\":{\"@id\":\"https:\/\/cvipomocky.sk\/?page_id=141#primaryimage\"},\"datePublished\":\"2022-05-05T20:35:46+00:00\",\"dateModified\":\"2022-06-12T12:44:25+00:00\",\"description\":\"Popis r\u00f4znych techn\u00edk spracovania materi\u00e1lov, ktor\u00e9 je mo\u017en\u00e9 vyu\u017ei\u0165 pri tvorbe alebo \u00faprave pom\u00f4cok pre deti s CVI.\",\"breadcrumb\":{\"@id\":\"https:\/\/cvipomocky.sk\/?page_id=141#breadcrumb\"},\"inLanguage\":\"sk-SK\",\"potentialAction\":[{\"@type\":\"ReadAction\",\"target\":[\"https:\/\/cvipomocky.sk\/?page_id=141\"]}]},{\"@type\":\"BreadcrumbList\",\"@id\":\"https:\/\/cvipomocky.sk\/?page_id=141#breadcrumb\",\"itemListElement\":[{\"@type\":\"ListItem\",\"position\":1,\"name\":\"Home\",\"item\":\"https:\/\/cvipomocky.sk\/\"},{\"@type\":\"ListItem\",\"position\":2,\"name\":\"\u00daprava pom\u00f4cok\",\"item\":\"https:\/\/cvipomocky.sk\/?page_id=133\"},{\"@type\":\"ListItem\",\"position\":3,\"name\":\"Techniky spracovania materi\u00e1lov\"}]}]}<\/script>\n<!-- \/ Yoast SEO plugin. -->","yoast_head_json":{"title":"Techniky spracovania materi\u00e1lov - cvipomocky.sk","description":"Popis r\u00f4znych techn\u00edk spracovania materi\u00e1lov, ktor\u00e9 je mo\u017en\u00e9 vyu\u017ei\u0165 pri tvorbe alebo \u00faprave pom\u00f4cok pre deti s CVI.","robots":{"index":"index","follow":"follow","max-snippet":"max-snippet:-1","max-image-preview":"max-image-preview:large","max-video-preview":"max-video-preview:-1"},"canonical":"https:\/\/cvipomocky.sk\/?page_id=141","og_locale":"sk_SK","og_type":"article","og_title":"Techniky spracovania materi\u00e1lov - cvipomocky.sk","og_description":"Popis r\u00f4znych techn\u00edk spracovania materi\u00e1lov, ktor\u00e9 je mo\u017en\u00e9 vyu\u017ei\u0165 pri tvorbe alebo \u00faprave pom\u00f4cok pre deti s CVI.","og_url":"https:\/\/cvipomocky.sk\/?page_id=141","og_site_name":"cvipomocky.sk","article_modified_time":"2022-06-12T12:44:25+00:00","og_image":[{"url":"https:\/\/cvipomocky.sk\/wp-content\/uploads\/2022\/06\/hrasky_WIP-1024x768.jpg"}],"twitter_card":"summary_large_image","twitter_misc":{"Predpokladan\u00fd \u010das \u010d\u00edtania":"2 min\u00faty"},"schema":{"@context":"https:\/\/schema.org","@graph":[{"@type":["Person","Organization"],"@id":"https:\/\/cvipomocky.sk\/#\/schema\/person\/6764def79ff29fc2ea07657bb110ef9b","name":"evarak","image":{"@type":"ImageObject","inLanguage":"sk-SK","@id":"https:\/\/cvipomocky.sk\/#\/schema\/person\/image\/","url":"https:\/\/cvipomocky.sk\/wp-content\/uploads\/2022\/06\/hrasok_01.jpg","contentUrl":"https:\/\/cvipomocky.sk\/wp-content\/uploads\/2022\/06\/hrasok_01.jpg","width":1600,"height":1200,"caption":"evarak"},"logo":{"@id":"https:\/\/cvipomocky.sk\/#\/schema\/person\/image\/"},"sameAs":["http:\/\/cvipomocky.sk"]},{"@type":"WebSite","@id":"https:\/\/cvipomocky.sk\/#website","url":"https:\/\/cvipomocky.sk\/","name":"cvipomocky.sk","description":"pom\u00f4cky pre deti s CVI","publisher":{"@id":"https:\/\/cvipomocky.sk\/#\/schema\/person\/6764def79ff29fc2ea07657bb110ef9b"},"potentialAction":[{"@type":"SearchAction","target":{"@type":"EntryPoint","urlTemplate":"https:\/\/cvipomocky.sk\/?s={search_term_string}"},"query-input":"required name=search_term_string"}],"inLanguage":"sk-SK"},{"@type":"ImageObject","inLanguage":"sk-SK","@id":"https:\/\/cvipomocky.sk\/?page_id=141#primaryimage","url":"https:\/\/cvipomocky.sk\/wp-content\/uploads\/2022\/06\/hrasky_WIP.jpg","contentUrl":"https:\/\/cvipomocky.sk\/wp-content\/uploads\/2022\/06\/hrasky_WIP.jpg","width":1920,"height":1440},{"@type":"WebPage","@id":"https:\/\/cvipomocky.sk\/?page_id=141#webpage","url":"https:\/\/cvipomocky.sk\/?page_id=141","name":"Techniky spracovania materi\u00e1lov - cvipomocky.sk","isPartOf":{"@id":"https:\/\/cvipomocky.sk\/#website"},"primaryImageOfPage":{"@id":"https:\/\/cvipomocky.sk\/?page_id=141#primaryimage"},"datePublished":"2022-05-05T20:35:46+00:00","dateModified":"2022-06-12T12:44:25+00:00","description":"Popis r\u00f4znych techn\u00edk spracovania materi\u00e1lov, ktor\u00e9 je mo\u017en\u00e9 vyu\u017ei\u0165 pri tvorbe alebo \u00faprave pom\u00f4cok pre deti s CVI.","breadcrumb":{"@id":"https:\/\/cvipomocky.sk\/?page_id=141#breadcrumb"},"inLanguage":"sk-SK","potentialAction":[{"@type":"ReadAction","target":["https:\/\/cvipomocky.sk\/?page_id=141"]}]},{"@type":"BreadcrumbList","@id":"https:\/\/cvipomocky.sk\/?page_id=141#breadcrumb","itemListElement":[{"@type":"ListItem","position":1,"name":"Home","item":"https:\/\/cvipomocky.sk\/"},{"@type":"ListItem","position":2,"name":"\u00daprava pom\u00f4cok","item":"https:\/\/cvipomocky.sk\/?page_id=133"},{"@type":"ListItem","position":3,"name":"Techniky spracovania materi\u00e1lov"}]}]}},"_links":{"self":[{"href":"https:\/\/cvipomocky.sk\/index.php?rest_route=\/wp\/v2\/pages\/141"}],"collection":[{"href":"https:\/\/cvipomocky.sk\/index.php?rest_route=\/wp\/v2\/pages"}],"about":[{"href":"https:\/\/cvipomocky.sk\/index.php?rest_route=\/wp\/v2\/types\/page"}],"author":[{"embeddable":true,"href":"https:\/\/cvipomocky.sk\/index.php?rest_route=\/wp\/v2\/users\/1"}],"replies":[{"embeddable":true,"href":"https:\/\/cvipomocky.sk\/index.php?rest_route=%2Fwp%2Fv2%2Fcomments&post=141"}],"version-history":[{"count":5,"href":"https:\/\/cvipomocky.sk\/index.php?rest_route=\/wp\/v2\/pages\/141\/revisions"}],"predecessor-version":[{"id":785,"href":"https:\/\/cvipomocky.sk\/index.php?rest_route=\/wp\/v2\/pages\/141\/revisions\/785"}],"up":[{"embeddable":true,"href":"https:\/\/cvipomocky.sk\/index.php?rest_route=\/wp\/v2\/pages\/133"}],"wp:attachment":[{"href":"https:\/\/cvipomocky.sk\/index.php?rest_route=%2Fwp%2Fv2%2Fmedia&parent=141"}],"curies":[{"name":"wp","href":"https:\/\/api.w.org\/{rel}","templated":true}]}}