{"id":430,"date":"2022-06-05T19:44:31","date_gmt":"2022-06-05T17:44:31","guid":{"rendered":"https:\/\/cvipomocky.sk\/?page_id=430"},"modified":"2022-06-12T14:24:02","modified_gmt":"2022-06-12T12:24:02","slug":"nalepky","status":"publish","type":"page","link":"https:\/\/cvipomocky.sk\/?page_id=430","title":{"rendered":"N\u00e1lepky"},"content":{"rendered":"<div class=\"yoast-breadcrumbs\"><span><span><a href=\"https:\/\/cvipomocky.sk\/\">Home<\/a> &raquo; <span><a href=\"https:\/\/cvipomocky.sk\/?page_id=132\">Tvorba pom\u00f4cok<\/a> &raquo; <span class=\"breadcrumb_last\" aria-current=\"page\">N\u00e1lepky<\/span><\/span><\/span><\/span><\/div>\n\n\n<figure class=\"wp-block-image alignwide size-large\"><img loading=\"lazy\" width=\"1024\" height=\"768\" src=\"https:\/\/cvipomocky.sk\/wp-content\/uploads\/2022\/06\/nalepky_01-1024x768.jpg\" alt=\"\" class=\"wp-image-438\" srcset=\"https:\/\/cvipomocky.sk\/wp-content\/uploads\/2022\/06\/nalepky_01-1024x768.jpg 1024w, https:\/\/cvipomocky.sk\/wp-content\/uploads\/2022\/06\/nalepky_01-300x225.jpg 300w, https:\/\/cvipomocky.sk\/wp-content\/uploads\/2022\/06\/nalepky_01-768x576.jpg 768w, https:\/\/cvipomocky.sk\/wp-content\/uploads\/2022\/06\/nalepky_01-1536x1152.jpg 1536w, https:\/\/cvipomocky.sk\/wp-content\/uploads\/2022\/06\/nalepky_01-1568x1176.jpg 1568w, https:\/\/cvipomocky.sk\/wp-content\/uploads\/2022\/06\/nalepky_01.jpg 1920w\" sizes=\"(max-width: 1024px) 100vw, 1024px\" \/><\/figure>\n\n\n\n<p>V r\u00e1mci stimul\u00e1cie zraku boli navrhnut\u00e9 aj <strong>n\u00e1lepky<\/strong> vo forme <strong>geometrick\u00fdch, resp. pr\u00edrodn\u00fdch tvarov<\/strong> vo dvoch ve\u013ekostiach. M\u00f4\u017eu posl\u00fa\u017ei\u0165 pre v\u00fdrobu karti\u010diek (7 cm x 9 cm) ako sprievodnej pom\u00f4cky ku knih\u00e1m <strong>\u017dlt\u00e9 \/ Oran\u017eov\u00e9 \/ Pr\u00edrodn\u00e9 tvary,<\/strong> ale aj ako n\u00e1lepky pre ozna\u010denie konkr\u00e9tneho miesta, objektu, alebo ako pom\u00f4cky pre vymedzenie priestoru v r\u00e1mci interi\u00e9ru.<\/p>\n\n\n\n<figure class=\"wp-block-gallery has-nested-images columns-default is-cropped\">\n<figure class=\"wp-block-image size-large\"><img loading=\"lazy\" width=\"768\" height=\"1024\" data-id=\"440\"  src=\"https:\/\/cvipomocky.sk\/wp-content\/uploads\/2022\/06\/nalepky_02-768x1024.jpg\" alt=\"\" class=\"wp-image-440\" srcset=\"https:\/\/cvipomocky.sk\/wp-content\/uploads\/2022\/06\/nalepky_02-768x1024.jpg 768w, https:\/\/cvipomocky.sk\/wp-content\/uploads\/2022\/06\/nalepky_02-225x300.jpg 225w, https:\/\/cvipomocky.sk\/wp-content\/uploads\/2022\/06\/nalepky_02-1152x1536.jpg 1152w, https:\/\/cvipomocky.sk\/wp-content\/uploads\/2022\/06\/nalepky_02.jpg 1440w\" sizes=\"(max-width: 768px) 100vw, 768px\" \/><\/figure>\n\n\n\n<figure class=\"wp-block-image size-large\"><img loading=\"lazy\" width=\"768\" height=\"1024\" data-id=\"441\"  src=\"https:\/\/cvipomocky.sk\/wp-content\/uploads\/2022\/06\/nalepky_03-768x1024.jpg\" alt=\"\" class=\"wp-image-441\" srcset=\"https:\/\/cvipomocky.sk\/wp-content\/uploads\/2022\/06\/nalepky_03-768x1024.jpg 768w, https:\/\/cvipomocky.sk\/wp-content\/uploads\/2022\/06\/nalepky_03-225x300.jpg 225w, https:\/\/cvipomocky.sk\/wp-content\/uploads\/2022\/06\/nalepky_03-1152x1536.jpg 1152w, https:\/\/cvipomocky.sk\/wp-content\/uploads\/2022\/06\/nalepky_03.jpg 1440w\" sizes=\"(max-width: 768px) 100vw, 768px\" \/><\/figure>\n\n\n\n<figure class=\"wp-block-image size-large\"><img loading=\"lazy\" width=\"768\" height=\"1024\" data-id=\"442\"  src=\"https:\/\/cvipomocky.sk\/wp-content\/uploads\/2022\/06\/nalepky_04-768x1024.jpg\" alt=\"\" class=\"wp-image-442\" srcset=\"https:\/\/cvipomocky.sk\/wp-content\/uploads\/2022\/06\/nalepky_04-768x1024.jpg 768w, https:\/\/cvipomocky.sk\/wp-content\/uploads\/2022\/06\/nalepky_04-225x300.jpg 225w, https:\/\/cvipomocky.sk\/wp-content\/uploads\/2022\/06\/nalepky_04-1152x1536.jpg 1152w, https:\/\/cvipomocky.sk\/wp-content\/uploads\/2022\/06\/nalepky_04.jpg 1440w\" sizes=\"(max-width: 768px) 100vw, 768px\" \/><\/figure>\n<\/figure>\n\n\n\n<p>N\u00e1lepky je mo\u017en\u00e9 vyrobi\u0165 aj ru\u010dne pomocou \u0161abl\u00f3n. Pre ich v\u00fdrobu je mo\u017en\u00e9 pou\u017ei\u0165 papierov\u00e9 samolepiace <strong>f\u00f3lie<\/strong> fluorescen\u010dn\u00fdch farieb, pr\u00edpadne leskl\u00e9 f\u00f3lie pou\u017e\u00edvan\u00e9 v polygrafii. Na v\u00fdrobu karti\u010diek je vhodn\u00e9 pou\u017ei\u0165 \u010dierny kart\u00f3n alebo lepenku \u010do najvy\u0161\u0161ej gram\u00e1\u017ee. Lamin\u00e1cia karti\u010diek pred\u013a\u017ei ich trv\u00e1cnos\u0165, z\u00e1vis\u00ed v\u0161ak od tolerancie dan\u00e9ho die\u0165a\u0165a na odlesky a jeho taktilnej vn\u00edmavosti.<\/p>\n\n\n\n<div class=\"wp-block-file\"><a id=\"wp-block-file--media-565c343e-60fc-4b09-9441-1dcddb6db934\" href=\"https:\/\/cvipomocky.sk\/wp-content\/uploads\/2022\/06\/Tvary_sablony.pdf\" target=\"_blank\" rel=\"noreferrer noopener\">Tvary_sablony<\/a><a href=\"https:\/\/cvipomocky.sk\/wp-content\/uploads\/2022\/06\/Tvary_sablony.pdf\" class=\"wp-block-file__button\" download aria-describedby=\"wp-block-file--media-565c343e-60fc-4b09-9441-1dcddb6db934\">Stiahnu\u0165<\/a><\/div>\n\n\n\n<figure class=\"wp-block-video\"><video controls loop muted src=\"https:\/\/cvipomocky.sk\/wp-content\/uploads\/2022\/06\/VID_20200423_022511.mp4\"><\/video><\/figure>\n\n\n\n<p>Okrem geometrick\u00fdch tvarov je mo\u017en\u00e9 na z\u00e1klade \u0161abl\u00f3n vytvori\u0165 aj n\u00e1lepky jednoduch\u00fdch <strong>pr\u00edrodn\u00fdch tvarov<\/strong> (jab\u013a\u010dko, mot\u00fd\u013e, hviezdi\u010dka, srdie\u010dko, tulip\u00e1n a pod.). <\/p>\n\n\n\n<figure class=\"wp-block-video\"><video controls loop muted src=\"https:\/\/cvipomocky.sk\/wp-content\/uploads\/2022\/06\/VID_20200423_020411.mp4\"><\/video><\/figure>\n\n\n\n<p>V pr\u00edpade, ak die\u0165a pre stimul\u00e1ciu zraku potrebuje <strong>leskl\u00e9, metalick\u00e9 povrchy,<\/strong> je mo\u017en\u00e9 na v\u00fdrobu n\u00e1lepiek pou\u017ei\u0165 holografick\u00e9 \u010di metalick\u00e9 f\u00f3lie a vyu\u017ei\u0165 v\u00e4\u010d\u0161\u00ed rozmer \u0161abl\u00f3n.<\/p>\n\n\n\n<figure class=\"wp-block-video\"><video controls loop muted src=\"https:\/\/cvipomocky.sk\/wp-content\/uploads\/2022\/06\/VID_20200423_021106.mp4\"><\/video><\/figure>\n","protected":false},"excerpt":{"rendered":"<p>V r\u00e1mci stimul\u00e1cie zraku boli navrhnut\u00e9 aj n\u00e1lepky vo forme geometrick\u00fdch, resp. pr\u00edrodn\u00fdch tvarov vo dvoch ve\u013ekostiach. M\u00f4\u017eu posl\u00fa\u017ei\u0165 pre v\u00fdrobu karti\u010diek (7 cm x 9 cm) ako sprievodnej pom\u00f4cky ku knih\u00e1m \u017dlt\u00e9 \/ Oran\u017eov\u00e9 \/ Pr\u00edrodn\u00e9 tvary, ale aj ako n\u00e1lepky pre ozna\u010denie konkr\u00e9tneho miesta, objektu, alebo ako pom\u00f4cky pre vymedzenie priestoru v r\u00e1mci&hellip; <a class=\"more-link\" href=\"https:\/\/cvipomocky.sk\/?page_id=430\">Pokra\u010dova\u0165 v \u010d\u00edtan\u00ed <span class=\"screen-reader-text\">N\u00e1lepky<\/span><\/a><\/p>\n","protected":false},"author":1,"featured_media":0,"parent":132,"menu_order":7,"comment_status":"closed","ping_status":"closed","template":"","meta":{"_monsterinsights_skip_tracking":false,"_monsterinsights_sitenote_active":false,"_monsterinsights_sitenote_note":"","_monsterinsights_sitenote_category":0},"yoast_head":"<!-- This site is optimized with the Yoast SEO plugin v19.0 - https:\/\/yoast.com\/wordpress\/plugins\/seo\/ -->\n<title>N\u00e1lepky - cvipomocky.sk<\/title>\n<meta name=\"robots\" content=\"index, follow, max-snippet:-1, max-image-preview:large, max-video-preview:-1\" \/>\n<link rel=\"canonical\" href=\"https:\/\/cvipomocky.sk\/?page_id=430\" \/>\n<meta property=\"og:locale\" content=\"sk_SK\" \/>\n<meta property=\"og:type\" content=\"article\" \/>\n<meta property=\"og:title\" content=\"N\u00e1lepky - cvipomocky.sk\" \/>\n<meta property=\"og:description\" content=\"V r\u00e1mci stimul\u00e1cie zraku boli navrhnut\u00e9 aj n\u00e1lepky vo forme geometrick\u00fdch, resp. pr\u00edrodn\u00fdch tvarov vo dvoch ve\u013ekostiach. M\u00f4\u017eu posl\u00fa\u017ei\u0165 pre v\u00fdrobu karti\u010diek (7 cm x 9 cm) ako sprievodnej pom\u00f4cky ku knih\u00e1m \u017dlt\u00e9 \/ Oran\u017eov\u00e9 \/ Pr\u00edrodn\u00e9 tvary, ale aj ako n\u00e1lepky pre ozna\u010denie konkr\u00e9tneho miesta, objektu, alebo ako pom\u00f4cky pre vymedzenie priestoru v r\u00e1mci&hellip; Pokra\u010dova\u0165 v \u010d\u00edtan\u00ed N\u00e1lepky\" \/>\n<meta property=\"og:url\" content=\"https:\/\/cvipomocky.sk\/?page_id=430\" \/>\n<meta property=\"og:site_name\" content=\"cvipomocky.sk\" \/>\n<meta property=\"article:modified_time\" content=\"2022-06-12T12:24:02+00:00\" \/>\n<meta property=\"og:image\" content=\"https:\/\/cvipomocky.sk\/wp-content\/uploads\/2022\/06\/nalepky_01-1024x768.jpg\" \/>\n<meta name=\"twitter:card\" content=\"summary_large_image\" \/>\n<meta name=\"twitter:label1\" content=\"Predpokladan\u00fd \u010das \u010d\u00edtania\" \/>\n\t<meta name=\"twitter:data1\" content=\"2 min\u00faty\" \/>\n<script type=\"application\/ld+json\" class=\"yoast-schema-graph\">{\"@context\":\"https:\/\/schema.org\",\"@graph\":[{\"@type\":[\"Person\",\"Organization\"],\"@id\":\"https:\/\/cvipomocky.sk\/#\/schema\/person\/6764def79ff29fc2ea07657bb110ef9b\",\"name\":\"evarak\",\"image\":{\"@type\":\"ImageObject\",\"inLanguage\":\"sk-SK\",\"@id\":\"https:\/\/cvipomocky.sk\/#\/schema\/person\/image\/\",\"url\":\"https:\/\/cvipomocky.sk\/wp-content\/uploads\/2022\/06\/hrasok_01.jpg\",\"contentUrl\":\"https:\/\/cvipomocky.sk\/wp-content\/uploads\/2022\/06\/hrasok_01.jpg\",\"width\":1600,\"height\":1200,\"caption\":\"evarak\"},\"logo\":{\"@id\":\"https:\/\/cvipomocky.sk\/#\/schema\/person\/image\/\"},\"sameAs\":[\"http:\/\/cvipomocky.sk\"]},{\"@type\":\"WebSite\",\"@id\":\"https:\/\/cvipomocky.sk\/#website\",\"url\":\"https:\/\/cvipomocky.sk\/\",\"name\":\"cvipomocky.sk\",\"description\":\"pom\u00f4cky pre deti s CVI\",\"publisher\":{\"@id\":\"https:\/\/cvipomocky.sk\/#\/schema\/person\/6764def79ff29fc2ea07657bb110ef9b\"},\"potentialAction\":[{\"@type\":\"SearchAction\",\"target\":{\"@type\":\"EntryPoint\",\"urlTemplate\":\"https:\/\/cvipomocky.sk\/?s={search_term_string}\"},\"query-input\":\"required name=search_term_string\"}],\"inLanguage\":\"sk-SK\"},{\"@type\":\"ImageObject\",\"inLanguage\":\"sk-SK\",\"@id\":\"https:\/\/cvipomocky.sk\/?page_id=430#primaryimage\",\"url\":\"https:\/\/cvipomocky.sk\/wp-content\/uploads\/2022\/06\/nalepky_01-1024x768.jpg\",\"contentUrl\":\"https:\/\/cvipomocky.sk\/wp-content\/uploads\/2022\/06\/nalepky_01-1024x768.jpg\"},{\"@type\":\"WebPage\",\"@id\":\"https:\/\/cvipomocky.sk\/?page_id=430#webpage\",\"url\":\"https:\/\/cvipomocky.sk\/?page_id=430\",\"name\":\"N\u00e1lepky - cvipomocky.sk\",\"isPartOf\":{\"@id\":\"https:\/\/cvipomocky.sk\/#website\"},\"primaryImageOfPage\":{\"@id\":\"https:\/\/cvipomocky.sk\/?page_id=430#primaryimage\"},\"datePublished\":\"2022-06-05T17:44:31+00:00\",\"dateModified\":\"2022-06-12T12:24:02+00:00\",\"breadcrumb\":{\"@id\":\"https:\/\/cvipomocky.sk\/?page_id=430#breadcrumb\"},\"inLanguage\":\"sk-SK\",\"potentialAction\":[{\"@type\":\"ReadAction\",\"target\":[\"https:\/\/cvipomocky.sk\/?page_id=430\"]}]},{\"@type\":\"BreadcrumbList\",\"@id\":\"https:\/\/cvipomocky.sk\/?page_id=430#breadcrumb\",\"itemListElement\":[{\"@type\":\"ListItem\",\"position\":1,\"name\":\"Home\",\"item\":\"https:\/\/cvipomocky.sk\/\"},{\"@type\":\"ListItem\",\"position\":2,\"name\":\"Tvorba pom\u00f4cok\",\"item\":\"https:\/\/cvipomocky.sk\/?page_id=132\"},{\"@type\":\"ListItem\",\"position\":3,\"name\":\"N\u00e1lepky\"}]}]}<\/script>\n<!-- \/ Yoast SEO plugin. -->","yoast_head_json":{"title":"N\u00e1lepky - cvipomocky.sk","robots":{"index":"index","follow":"follow","max-snippet":"max-snippet:-1","max-image-preview":"max-image-preview:large","max-video-preview":"max-video-preview:-1"},"canonical":"https:\/\/cvipomocky.sk\/?page_id=430","og_locale":"sk_SK","og_type":"article","og_title":"N\u00e1lepky - cvipomocky.sk","og_description":"V r\u00e1mci stimul\u00e1cie zraku boli navrhnut\u00e9 aj n\u00e1lepky vo forme geometrick\u00fdch, resp. pr\u00edrodn\u00fdch tvarov vo dvoch ve\u013ekostiach. M\u00f4\u017eu posl\u00fa\u017ei\u0165 pre v\u00fdrobu karti\u010diek (7 cm x 9 cm) ako sprievodnej pom\u00f4cky ku knih\u00e1m \u017dlt\u00e9 \/ Oran\u017eov\u00e9 \/ Pr\u00edrodn\u00e9 tvary, ale aj ako n\u00e1lepky pre ozna\u010denie konkr\u00e9tneho miesta, objektu, alebo ako pom\u00f4cky pre vymedzenie priestoru v r\u00e1mci&hellip; Pokra\u010dova\u0165 v \u010d\u00edtan\u00ed N\u00e1lepky","og_url":"https:\/\/cvipomocky.sk\/?page_id=430","og_site_name":"cvipomocky.sk","article_modified_time":"2022-06-12T12:24:02+00:00","og_image":[{"url":"https:\/\/cvipomocky.sk\/wp-content\/uploads\/2022\/06\/nalepky_01-1024x768.jpg"}],"twitter_card":"summary_large_image","twitter_misc":{"Predpokladan\u00fd \u010das \u010d\u00edtania":"2 min\u00faty"},"schema":{"@context":"https:\/\/schema.org","@graph":[{"@type":["Person","Organization"],"@id":"https:\/\/cvipomocky.sk\/#\/schema\/person\/6764def79ff29fc2ea07657bb110ef9b","name":"evarak","image":{"@type":"ImageObject","inLanguage":"sk-SK","@id":"https:\/\/cvipomocky.sk\/#\/schema\/person\/image\/","url":"https:\/\/cvipomocky.sk\/wp-content\/uploads\/2022\/06\/hrasok_01.jpg","contentUrl":"https:\/\/cvipomocky.sk\/wp-content\/uploads\/2022\/06\/hrasok_01.jpg","width":1600,"height":1200,"caption":"evarak"},"logo":{"@id":"https:\/\/cvipomocky.sk\/#\/schema\/person\/image\/"},"sameAs":["http:\/\/cvipomocky.sk"]},{"@type":"WebSite","@id":"https:\/\/cvipomocky.sk\/#website","url":"https:\/\/cvipomocky.sk\/","name":"cvipomocky.sk","description":"pom\u00f4cky pre deti s CVI","publisher":{"@id":"https:\/\/cvipomocky.sk\/#\/schema\/person\/6764def79ff29fc2ea07657bb110ef9b"},"potentialAction":[{"@type":"SearchAction","target":{"@type":"EntryPoint","urlTemplate":"https:\/\/cvipomocky.sk\/?s={search_term_string}"},"query-input":"required name=search_term_string"}],"inLanguage":"sk-SK"},{"@type":"ImageObject","inLanguage":"sk-SK","@id":"https:\/\/cvipomocky.sk\/?page_id=430#primaryimage","url":"https:\/\/cvipomocky.sk\/wp-content\/uploads\/2022\/06\/nalepky_01-1024x768.jpg","contentUrl":"https:\/\/cvipomocky.sk\/wp-content\/uploads\/2022\/06\/nalepky_01-1024x768.jpg"},{"@type":"WebPage","@id":"https:\/\/cvipomocky.sk\/?page_id=430#webpage","url":"https:\/\/cvipomocky.sk\/?page_id=430","name":"N\u00e1lepky - cvipomocky.sk","isPartOf":{"@id":"https:\/\/cvipomocky.sk\/#website"},"primaryImageOfPage":{"@id":"https:\/\/cvipomocky.sk\/?page_id=430#primaryimage"},"datePublished":"2022-06-05T17:44:31+00:00","dateModified":"2022-06-12T12:24:02+00:00","breadcrumb":{"@id":"https:\/\/cvipomocky.sk\/?page_id=430#breadcrumb"},"inLanguage":"sk-SK","potentialAction":[{"@type":"ReadAction","target":["https:\/\/cvipomocky.sk\/?page_id=430"]}]},{"@type":"BreadcrumbList","@id":"https:\/\/cvipomocky.sk\/?page_id=430#breadcrumb","itemListElement":[{"@type":"ListItem","position":1,"name":"Home","item":"https:\/\/cvipomocky.sk\/"},{"@type":"ListItem","position":2,"name":"Tvorba pom\u00f4cok","item":"https:\/\/cvipomocky.sk\/?page_id=132"},{"@type":"ListItem","position":3,"name":"N\u00e1lepky"}]}]}},"_links":{"self":[{"href":"https:\/\/cvipomocky.sk\/index.php?rest_route=\/wp\/v2\/pages\/430"}],"collection":[{"href":"https:\/\/cvipomocky.sk\/index.php?rest_route=\/wp\/v2\/pages"}],"about":[{"href":"https:\/\/cvipomocky.sk\/index.php?rest_route=\/wp\/v2\/types\/page"}],"author":[{"embeddable":true,"href":"https:\/\/cvipomocky.sk\/index.php?rest_route=\/wp\/v2\/users\/1"}],"replies":[{"embeddable":true,"href":"https:\/\/cvipomocky.sk\/index.php?rest_route=%2Fwp%2Fv2%2Fcomments&post=430"}],"version-history":[{"count":5,"href":"https:\/\/cvipomocky.sk\/index.php?rest_route=\/wp\/v2\/pages\/430\/revisions"}],"predecessor-version":[{"id":465,"href":"https:\/\/cvipomocky.sk\/index.php?rest_route=\/wp\/v2\/pages\/430\/revisions\/465"}],"up":[{"embeddable":true,"href":"https:\/\/cvipomocky.sk\/index.php?rest_route=\/wp\/v2\/pages\/132"}],"wp:attachment":[{"href":"https:\/\/cvipomocky.sk\/index.php?rest_route=%2Fwp%2Fv2%2Fmedia&parent=430"}],"curies":[{"name":"wp","href":"https:\/\/api.w.org\/{rel}","templated":true}]}}