{"id":671,"date":"2022-06-12T12:26:02","date_gmt":"2022-06-12T10:26:02","guid":{"rendered":"https:\/\/cvipomocky.sk\/?page_id=671"},"modified":"2022-06-12T15:28:02","modified_gmt":"2022-06-12T13:28:02","slug":"stimulacia-zraku-u-deti-s-cvi","status":"publish","type":"page","link":"https:\/\/cvipomocky.sk\/?page_id=671","title":{"rendered":"Stimul\u00e1cia zraku u det\u00ed s CVI"},"content":{"rendered":"<div class=\"yoast-breadcrumbs\"><span><span><a href=\"https:\/\/cvipomocky.sk\/\">Home<\/a> &raquo; <span><a href=\"https:\/\/cvipomocky.sk\/?page_id=8\">Kortik\u00e1lna porucha zraku (CVI)<\/a> &raquo; <span class=\"breadcrumb_last\" aria-current=\"page\">Stimul\u00e1cia zraku u det\u00ed s CVI<\/span><\/span><\/span><\/span><\/div>\n\n\n<p>Cielen\u00e1 stimul\u00e1cia, rozvoj a&nbsp;rehabilit\u00e1cia zrakov\u00fdch funkci\u00ed m\u00e1 najv\u00e4\u010d\u0161\u00ed dopad na v\u00fdvoj zrakovej poruchy pr\u00e1ve <strong>v&nbsp;detskom veku.<\/strong> Mozog die\u0165a\u0165a vtedy disponuje najvy\u0161\u0161ou <strong>plasticitou nervov\u00e9ho syst\u00e9mu, ako aj zrakov\u00fdch funkci\u00ed,<\/strong> ktor\u00e1 mu umo\u017e\u0148uje vytvori\u0165 n\u00e1hradn\u00e9 siete zrakov\u00e9ho syst\u00e9mu. Nie je zn\u00e1me, kedy sa t\u00e1to plasticita kon\u010d\u00ed, najv\u00fdraznej\u0161ia je v\u0161ak u&nbsp;mal\u00fdch det\u00ed. <em>\u201eS&nbsp;rast\u00facim vekom sa v\u0161ak plasticita a&nbsp;senzitivita vizu\u00e1lneho syst\u00e9mu, a&nbsp;teda aj mo\u017enosti terapeutick\u00fdch z\u00e1sahov zni\u017euj\u00fa.\u201c<\/em><sup>1<\/sup> To ist\u00e9 plat\u00ed aj o&nbsp;v\u00fdvoji zrakov\u00fdch org\u00e1nov, ktor\u00e9 so zvy\u0161uj\u00facim sa vekom str\u00e1caj\u00fa svoju prisp\u00f4sobivos\u0165. Z&nbsp;uveden\u00fdch poznatkov nutne a&nbsp;logicky vypl\u00fdva, \u017ee stimul\u00e1cia a&nbsp;rehabilit\u00e1cia zraku je k\u013e\u00fa\u010dov\u00e1 u\u017e v&nbsp;ranom veku die\u0165a\u0165a (nielen) trpiaceho poruchami zrakov\u00e9ho vn\u00edmania, kedy je priazniv\u00e1 progn\u00f3za na zlep\u0161enie zrakov\u00fdch funkci\u00ed.<\/p>\n\n\n\n<p>Pre deti s&nbsp;CVI je k\u013e\u00fa\u010dov\u00e9 <strong>za\u010dleni\u0165 cielen\u00fa stimul\u00e1ciu zraku do ich ka\u017edodenn\u00fdch aktiv\u00edt,<\/strong> nevyu\u017e\u00edva\u0165 ju teda len ako formu terapie v&nbsp;presne stanoven\u00fdch \u010dasoch. Po diagnostick\u00fdch vy\u0161etreniach, stanoven\u00ed rozsahu zrakov\u00e9ho po\u0161kodenia a&nbsp;na z\u00e1klade individu\u00e1lnych potrieb die\u0165a\u0165a sa stanovuje cielen\u00e1 stimul\u00e1cia zraku. Ni\u017e\u0161ie s\u00fa uveden\u00e9 odpor\u00fa\u010dania na stimul\u00e1ciu zraku pri jednotliv\u00fdch f\u00e1zach CVI<sup>2,<\/sup> je v\u0161ak nutn\u00e9 podotkn\u00fa\u0165, \u017ee sa m\u00f4\u017eu u&nbsp;det\u00ed l\u00ed\u0161i\u0165 na z\u00e1klade ich individu\u00e1lneho stavu a&nbsp;moment\u00e1lnych potrieb.<\/p>\n\n\n\n<p><strong>F\u00c1ZA I, stupe\u0148 1 a\u017e 3+<\/strong><\/p>\n\n\n\n<ul><li>zapoji\u0165 naraz len jeden zmysel<\/li><li>prostredie neru\u0161iv\u00e9, prisp\u00f4soben\u00e9 die\u0165a\u0165u<\/li><li>jedna farba (\u010derven\u00e1, \u017elt\u00e1)<\/li><li>vysok\u00fd kontrast (\u010dierne a&nbsp;biele pozadie), leskl\u00e9 predmety<\/li><li>\u010dierne pozadie, objekty nasvieten\u00e9, lightbox<\/li><li>za\u010da\u0165 s&nbsp;re\u00e1lnym objektom, zapoji\u0165 hmat, chu\u0165, \u010duch<\/li><li>zap\u00e1ja\u0165 tzv. <em>salient features<\/em><sup>3<\/sup><\/li><\/ul>\n\n\n\n<p><strong>F\u00e1za II, stupe\u0148 3+ a\u017e 7+<\/strong><\/p>\n\n\n\n<ul><li>fotografie 3D objektov na \u010diernom pozad\u00ed<\/li><li>mo\u017enos\u0165 zapoji\u0165 viacero farieb<\/li><li>kombin\u00e1cia obrazu a&nbsp;\u010ditate\u013en\u00e9ho textu<\/li><li>vz\u0165ah medzi objektmi na ploche a priestorom<\/li><li>prenos zrakovej pozornosti<\/li><li>pokyny: <em>kde je to? \u010do m\u00e1 vidie\u0165?<\/em><\/li><li>prostredie m\u00f4\u017ee zah\u0155\u0148a\u0165 aj zn\u00e1me zvuky<\/li><\/ul>\n\n\n\n<p><strong>F\u00c1ZA III, stupe\u0148 7+ a\u017e 10<\/strong><\/p>\n\n\n\n<ul><li>zv\u00fdraznenie jednotliv\u00fdch p\u00edsmen<\/li><li>or\u00e1movanie cel\u00fdch slov farebn\u00fdm obrysom<\/li><li>viac slov na ka\u017edej strane<\/li><li>komplexnej\u0161\u00ed dej knihy<\/li><li>zlo\u017eitej\u0161ie farebn\u00e9 obr\u00e1zky, raster, tiene<\/li><li>simult\u00e1nna koordin\u00e1cia oka a&nbsp;ruky<\/li><li>k\u00f3pia knihy aj doma, aj v&nbsp;\u0161kole<\/li><\/ul>\n\n\n\n<p>Pri stimul\u00e1cii zraku u det\u00ed s CVI je ve\u013emi d\u00f4le\u017eit\u00e9 aj samotn\u00e9 prostredie, v ktorom stimul\u00e1cia prebieha. Bli\u017e\u0161ie sa tejto t\u00e9me venujeme v \u010dasti <a href=\"https:\/\/cvipomocky.sk\/?page_id=672\" target=\"_blank\" rel=\"noreferrer noopener\">\u00daprava prostredia pre deti s CVI.<\/a> <\/p>\n\n\n\n<p>Pri aktivit\u00e1ch stimuluj\u00faci zrakov\u00e9 funkcie u die\u0165a\u0165a s CVI nezab\u00fadame ani na faktor <strong>motiv\u00e1cie<\/strong> \u2013 die\u0165a by aktivity mali bavi\u0165. Zrakov\u00e1 stimul\u00e1cia v\u0161ak pre\u0148 predstavuje n\u00e1ro\u010dn\u00fa pr\u00e1cu, preto je d\u00f4le\u017eit\u00e9 aktivity stimuluj\u00face zrak strieda\u0165 s tak\u00fdmi aktivitami, kde si die\u0165a m\u00f4\u017ee odd\u00fdchnu\u0165 od vyu\u017e\u00edvania svojho zraku. V opa\u010dnom pr\u00edpade hroz\u00ed <em>tzv. meltdown syndr\u00f3m,<\/em><sup>4<\/sup> kedy doch\u00e1dza k pre\u0165a\u017eeniu, podr\u00e1\u017edeniu die\u0165a\u0165a a jeho neprimeranej emocion\u00e1lnej aj behavior\u00e1lnej reakcii.<\/p>\n\n\n\n<hr class=\"wp-block-separator is-style-dots\"\/>\n\n\n\n<p>Pou\u017eit\u00e9 zdroje inform\u00e1ci\u00ed:<\/p>\n\n\n\n<ol><li>KOZELKOV\u00c1, M. <em>Poruchy zrakov\u00fdch funkci\u00ed det\u00ed s&nbsp;detskou mozgovou obrnou : Montessori terapia.<\/em> Spolok Slov\u00e1kov v&nbsp;Po\u013esku v&nbsp;spolupr\u00e1ci s&nbsp;Filozofickou fakultou Trnavskej univerzity v&nbsp;Trnave, 2013. s. 46.<\/li><li>RECKER, D. <em>Books for Students in Different CVI Phases.<\/em> [online]. [cit. 2020-09-25]. Dostupn\u00e9 na internete: <a href=\"https:\/\/www.pathstoliteracy.org\/blog\/books-students-different-cvi-phases\" target=\"_blank\" rel=\"noreferrer noopener\">https:\/\/www.pathstoliteracy.org\/blog\/books-students-different-cvi-phases<\/a><\/li><li>Pojem <em>Salient features<\/em> ozna\u010duje charakteristick\u00e9 \u010drty ur\u010dit\u00e9ho predmetu alebo objektu, napr.<em> jablko je \u010derven\u00e9, okr\u00fahle a&nbsp;m\u00e1 stopku.<\/em> Zoznam t\u00fdchto charakteristick\u00fdch \u010d\u0155t je dostupn\u00fd online na: <a href=\"https:\/\/cvicollaborative.wixsite.com\/salientfeatures\" target=\"_blank\" rel=\"noreferrer noopener\">https:\/\/cvicollaborative.wixsite.com\/salientfeatures<\/a><\/li><li><em>CVI Meltdowns.<\/em> [online]. [cit. 2020-09-20]. Dostupn\u00e9 na internete: <a href=\"https:\/\/cviscotland.org\/documents.php?did=1&amp;sid=55\" target=\"_blank\" rel=\"noreferrer noopener\">https:\/\/cviscotland.org\/documents.php?did=1&amp;sid=55<\/a><\/li><\/ol>\n","protected":false},"excerpt":{"rendered":"<p>Cielen\u00e1 stimul\u00e1cia, rozvoj a&nbsp;rehabilit\u00e1cia zrakov\u00fdch funkci\u00ed m\u00e1 najv\u00e4\u010d\u0161\u00ed dopad na v\u00fdvoj zrakovej poruchy pr\u00e1ve v&nbsp;detskom veku. Mozog die\u0165a\u0165a vtedy disponuje najvy\u0161\u0161ou plasticitou nervov\u00e9ho syst\u00e9mu, ako aj zrakov\u00fdch funkci\u00ed, ktor\u00e1 mu umo\u017e\u0148uje vytvori\u0165 n\u00e1hradn\u00e9 siete zrakov\u00e9ho syst\u00e9mu. Nie je zn\u00e1me, kedy sa t\u00e1to plasticita kon\u010d\u00ed, najv\u00fdraznej\u0161ia je v\u0161ak u&nbsp;mal\u00fdch det\u00ed. \u201eS&nbsp;rast\u00facim vekom sa v\u0161ak plasticita a&nbsp;senzitivita&hellip; <a class=\"more-link\" href=\"https:\/\/cvipomocky.sk\/?page_id=671\">Pokra\u010dova\u0165 v \u010d\u00edtan\u00ed <span class=\"screen-reader-text\">Stimul\u00e1cia zraku u det\u00ed s CVI<\/span><\/a><\/p>\n","protected":false},"author":1,"featured_media":0,"parent":8,"menu_order":1,"comment_status":"closed","ping_status":"closed","template":"","meta":{"_monsterinsights_skip_tracking":false,"_monsterinsights_sitenote_active":false,"_monsterinsights_sitenote_note":"","_monsterinsights_sitenote_category":0},"yoast_head":"<!-- This site is optimized with the Yoast SEO plugin v19.0 - https:\/\/yoast.com\/wordpress\/plugins\/seo\/ -->\n<title>Stimul\u00e1cia zraku u det\u00ed s CVI - cvipomocky.sk<\/title>\n<meta name=\"robots\" content=\"index, follow, max-snippet:-1, max-image-preview:large, max-video-preview:-1\" \/>\n<link rel=\"canonical\" href=\"https:\/\/cvipomocky.sk\/?page_id=671\" \/>\n<meta property=\"og:locale\" content=\"sk_SK\" \/>\n<meta property=\"og:type\" content=\"article\" \/>\n<meta property=\"og:title\" content=\"Stimul\u00e1cia zraku u det\u00ed s CVI - cvipomocky.sk\" \/>\n<meta property=\"og:description\" content=\"Cielen\u00e1 stimul\u00e1cia, rozvoj a&nbsp;rehabilit\u00e1cia zrakov\u00fdch funkci\u00ed m\u00e1 najv\u00e4\u010d\u0161\u00ed dopad na v\u00fdvoj zrakovej poruchy pr\u00e1ve v&nbsp;detskom veku. Mozog die\u0165a\u0165a vtedy disponuje najvy\u0161\u0161ou plasticitou nervov\u00e9ho syst\u00e9mu, ako aj zrakov\u00fdch funkci\u00ed, ktor\u00e1 mu umo\u017e\u0148uje vytvori\u0165 n\u00e1hradn\u00e9 siete zrakov\u00e9ho syst\u00e9mu. Nie je zn\u00e1me, kedy sa t\u00e1to plasticita kon\u010d\u00ed, najv\u00fdraznej\u0161ia je v\u0161ak u&nbsp;mal\u00fdch det\u00ed. \u201eS&nbsp;rast\u00facim vekom sa v\u0161ak plasticita a&nbsp;senzitivita&hellip; Pokra\u010dova\u0165 v \u010d\u00edtan\u00ed Stimul\u00e1cia zraku u det\u00ed s CVI\" \/>\n<meta property=\"og:url\" content=\"https:\/\/cvipomocky.sk\/?page_id=671\" \/>\n<meta property=\"og:site_name\" content=\"cvipomocky.sk\" \/>\n<meta property=\"article:modified_time\" content=\"2022-06-12T13:28:02+00:00\" \/>\n<meta name=\"twitter:card\" content=\"summary_large_image\" \/>\n<meta name=\"twitter:label1\" content=\"Predpokladan\u00fd \u010das \u010d\u00edtania\" \/>\n\t<meta name=\"twitter:data1\" content=\"3 min\u00faty\" \/>\n<script type=\"application\/ld+json\" class=\"yoast-schema-graph\">{\"@context\":\"https:\/\/schema.org\",\"@graph\":[{\"@type\":[\"Person\",\"Organization\"],\"@id\":\"https:\/\/cvipomocky.sk\/#\/schema\/person\/6764def79ff29fc2ea07657bb110ef9b\",\"name\":\"evarak\",\"image\":{\"@type\":\"ImageObject\",\"inLanguage\":\"sk-SK\",\"@id\":\"https:\/\/cvipomocky.sk\/#\/schema\/person\/image\/\",\"url\":\"https:\/\/cvipomocky.sk\/wp-content\/uploads\/2022\/06\/hrasok_01.jpg\",\"contentUrl\":\"https:\/\/cvipomocky.sk\/wp-content\/uploads\/2022\/06\/hrasok_01.jpg\",\"width\":1600,\"height\":1200,\"caption\":\"evarak\"},\"logo\":{\"@id\":\"https:\/\/cvipomocky.sk\/#\/schema\/person\/image\/\"},\"sameAs\":[\"http:\/\/cvipomocky.sk\"]},{\"@type\":\"WebSite\",\"@id\":\"https:\/\/cvipomocky.sk\/#website\",\"url\":\"https:\/\/cvipomocky.sk\/\",\"name\":\"cvipomocky.sk\",\"description\":\"pom\u00f4cky pre deti s CVI\",\"publisher\":{\"@id\":\"https:\/\/cvipomocky.sk\/#\/schema\/person\/6764def79ff29fc2ea07657bb110ef9b\"},\"potentialAction\":[{\"@type\":\"SearchAction\",\"target\":{\"@type\":\"EntryPoint\",\"urlTemplate\":\"https:\/\/cvipomocky.sk\/?s={search_term_string}\"},\"query-input\":\"required name=search_term_string\"}],\"inLanguage\":\"sk-SK\"},{\"@type\":\"WebPage\",\"@id\":\"https:\/\/cvipomocky.sk\/?page_id=671#webpage\",\"url\":\"https:\/\/cvipomocky.sk\/?page_id=671\",\"name\":\"Stimul\u00e1cia zraku u det\u00ed s CVI - cvipomocky.sk\",\"isPartOf\":{\"@id\":\"https:\/\/cvipomocky.sk\/#website\"},\"datePublished\":\"2022-06-12T10:26:02+00:00\",\"dateModified\":\"2022-06-12T13:28:02+00:00\",\"breadcrumb\":{\"@id\":\"https:\/\/cvipomocky.sk\/?page_id=671#breadcrumb\"},\"inLanguage\":\"sk-SK\",\"potentialAction\":[{\"@type\":\"ReadAction\",\"target\":[\"https:\/\/cvipomocky.sk\/?page_id=671\"]}]},{\"@type\":\"BreadcrumbList\",\"@id\":\"https:\/\/cvipomocky.sk\/?page_id=671#breadcrumb\",\"itemListElement\":[{\"@type\":\"ListItem\",\"position\":1,\"name\":\"Home\",\"item\":\"https:\/\/cvipomocky.sk\/\"},{\"@type\":\"ListItem\",\"position\":2,\"name\":\"Kortik\u00e1lna porucha zraku (CVI)\",\"item\":\"https:\/\/cvipomocky.sk\/?page_id=8\"},{\"@type\":\"ListItem\",\"position\":3,\"name\":\"Stimul\u00e1cia zraku u det\u00ed s CVI\"}]}]}<\/script>\n<!-- \/ Yoast SEO plugin. -->","yoast_head_json":{"title":"Stimul\u00e1cia zraku u det\u00ed s CVI - cvipomocky.sk","robots":{"index":"index","follow":"follow","max-snippet":"max-snippet:-1","max-image-preview":"max-image-preview:large","max-video-preview":"max-video-preview:-1"},"canonical":"https:\/\/cvipomocky.sk\/?page_id=671","og_locale":"sk_SK","og_type":"article","og_title":"Stimul\u00e1cia zraku u det\u00ed s CVI - cvipomocky.sk","og_description":"Cielen\u00e1 stimul\u00e1cia, rozvoj a&nbsp;rehabilit\u00e1cia zrakov\u00fdch funkci\u00ed m\u00e1 najv\u00e4\u010d\u0161\u00ed dopad na v\u00fdvoj zrakovej poruchy pr\u00e1ve v&nbsp;detskom veku. Mozog die\u0165a\u0165a vtedy disponuje najvy\u0161\u0161ou plasticitou nervov\u00e9ho syst\u00e9mu, ako aj zrakov\u00fdch funkci\u00ed, ktor\u00e1 mu umo\u017e\u0148uje vytvori\u0165 n\u00e1hradn\u00e9 siete zrakov\u00e9ho syst\u00e9mu. Nie je zn\u00e1me, kedy sa t\u00e1to plasticita kon\u010d\u00ed, najv\u00fdraznej\u0161ia je v\u0161ak u&nbsp;mal\u00fdch det\u00ed. \u201eS&nbsp;rast\u00facim vekom sa v\u0161ak plasticita a&nbsp;senzitivita&hellip; Pokra\u010dova\u0165 v \u010d\u00edtan\u00ed Stimul\u00e1cia zraku u det\u00ed s CVI","og_url":"https:\/\/cvipomocky.sk\/?page_id=671","og_site_name":"cvipomocky.sk","article_modified_time":"2022-06-12T13:28:02+00:00","twitter_card":"summary_large_image","twitter_misc":{"Predpokladan\u00fd \u010das \u010d\u00edtania":"3 min\u00faty"},"schema":{"@context":"https:\/\/schema.org","@graph":[{"@type":["Person","Organization"],"@id":"https:\/\/cvipomocky.sk\/#\/schema\/person\/6764def79ff29fc2ea07657bb110ef9b","name":"evarak","image":{"@type":"ImageObject","inLanguage":"sk-SK","@id":"https:\/\/cvipomocky.sk\/#\/schema\/person\/image\/","url":"https:\/\/cvipomocky.sk\/wp-content\/uploads\/2022\/06\/hrasok_01.jpg","contentUrl":"https:\/\/cvipomocky.sk\/wp-content\/uploads\/2022\/06\/hrasok_01.jpg","width":1600,"height":1200,"caption":"evarak"},"logo":{"@id":"https:\/\/cvipomocky.sk\/#\/schema\/person\/image\/"},"sameAs":["http:\/\/cvipomocky.sk"]},{"@type":"WebSite","@id":"https:\/\/cvipomocky.sk\/#website","url":"https:\/\/cvipomocky.sk\/","name":"cvipomocky.sk","description":"pom\u00f4cky pre deti s CVI","publisher":{"@id":"https:\/\/cvipomocky.sk\/#\/schema\/person\/6764def79ff29fc2ea07657bb110ef9b"},"potentialAction":[{"@type":"SearchAction","target":{"@type":"EntryPoint","urlTemplate":"https:\/\/cvipomocky.sk\/?s={search_term_string}"},"query-input":"required name=search_term_string"}],"inLanguage":"sk-SK"},{"@type":"WebPage","@id":"https:\/\/cvipomocky.sk\/?page_id=671#webpage","url":"https:\/\/cvipomocky.sk\/?page_id=671","name":"Stimul\u00e1cia zraku u det\u00ed s CVI - cvipomocky.sk","isPartOf":{"@id":"https:\/\/cvipomocky.sk\/#website"},"datePublished":"2022-06-12T10:26:02+00:00","dateModified":"2022-06-12T13:28:02+00:00","breadcrumb":{"@id":"https:\/\/cvipomocky.sk\/?page_id=671#breadcrumb"},"inLanguage":"sk-SK","potentialAction":[{"@type":"ReadAction","target":["https:\/\/cvipomocky.sk\/?page_id=671"]}]},{"@type":"BreadcrumbList","@id":"https:\/\/cvipomocky.sk\/?page_id=671#breadcrumb","itemListElement":[{"@type":"ListItem","position":1,"name":"Home","item":"https:\/\/cvipomocky.sk\/"},{"@type":"ListItem","position":2,"name":"Kortik\u00e1lna porucha zraku (CVI)","item":"https:\/\/cvipomocky.sk\/?page_id=8"},{"@type":"ListItem","position":3,"name":"Stimul\u00e1cia zraku u det\u00ed s CVI"}]}]}},"_links":{"self":[{"href":"https:\/\/cvipomocky.sk\/index.php?rest_route=\/wp\/v2\/pages\/671"}],"collection":[{"href":"https:\/\/cvipomocky.sk\/index.php?rest_route=\/wp\/v2\/pages"}],"about":[{"href":"https:\/\/cvipomocky.sk\/index.php?rest_route=\/wp\/v2\/types\/page"}],"author":[{"embeddable":true,"href":"https:\/\/cvipomocky.sk\/index.php?rest_route=\/wp\/v2\/users\/1"}],"replies":[{"embeddable":true,"href":"https:\/\/cvipomocky.sk\/index.php?rest_route=%2Fwp%2Fv2%2Fcomments&post=671"}],"version-history":[{"count":6,"href":"https:\/\/cvipomocky.sk\/index.php?rest_route=\/wp\/v2\/pages\/671\/revisions"}],"predecessor-version":[{"id":811,"href":"https:\/\/cvipomocky.sk\/index.php?rest_route=\/wp\/v2\/pages\/671\/revisions\/811"}],"up":[{"embeddable":true,"href":"https:\/\/cvipomocky.sk\/index.php?rest_route=\/wp\/v2\/pages\/8"}],"wp:attachment":[{"href":"https:\/\/cvipomocky.sk\/index.php?rest_route=%2Fwp%2Fv2%2Fmedia&parent=671"}],"curies":[{"name":"wp","href":"https:\/\/api.w.org\/{rel}","templated":true}]}}