{"id":7,"date":"2022-05-05T19:54:31","date_gmt":"2022-05-05T17:54:31","guid":{"rendered":"https:\/\/cvipomocky.sk\/?page_id=7"},"modified":"2022-06-12T15:32:13","modified_gmt":"2022-06-12T13:32:13","slug":"pomocky-pre-deti-s-kortikalnou-poruchou-zraku","status":"publish","type":"page","link":"https:\/\/cvipomocky.sk\/","title":{"rendered":"Domov"},"content":{"rendered":"\n<h2 class=\"alignwide has-text-align-wide has-huge-font-size\" style=\"line-height:1.1\">Pom\u00f4cky pre deti s kortik\u00e1lnou poruchou zraku <\/h2>\n\n\n\n<div style=\"height:80px\" aria-hidden=\"true\" class=\"wp-block-spacer\"><\/div>\n\n\n\n<div class=\"wp-container-1 wp-block-group alignfull\"><div class=\"wp-block-group__inner-container\">\n<div class=\"wp-block-columns alignfull\">\n<div class=\"wp-block-column is-vertically-aligned-top\">\n<div class=\"wp-block-columns\">\n<div class=\"wp-block-column\" style=\"flex-basis:100%\">\n<figure class=\"wp-block-gallery alignfull has-nested-images columns-default is-cropped\">\n<figure class=\"wp-block-image size-large\"><a href=\"https:\/\/cvipomocky.sk\/?page_id=94\"><img loading=\"lazy\" width=\"2560\" height=\"1920\" src=\"http:\/\/cvipomocky.sk\/wp-content\/uploads\/2022\/05\/IMG_20220421_131554479-scaled.jpg\" alt=\"fotografia filcov\u00fdch rybiek\" class=\"wp-image-65\" srcset=\"https:\/\/cvipomocky.sk\/wp-content\/uploads\/2022\/05\/IMG_20220421_131554479-scaled.jpg 2560w, https:\/\/cvipomocky.sk\/wp-content\/uploads\/2022\/05\/IMG_20220421_131554479-300x225.jpg 300w, https:\/\/cvipomocky.sk\/wp-content\/uploads\/2022\/05\/IMG_20220421_131554479-1024x768.jpg 1024w, https:\/\/cvipomocky.sk\/wp-content\/uploads\/2022\/05\/IMG_20220421_131554479-768x576.jpg 768w, https:\/\/cvipomocky.sk\/wp-content\/uploads\/2022\/05\/IMG_20220421_131554479-1536x1152.jpg 1536w, https:\/\/cvipomocky.sk\/wp-content\/uploads\/2022\/05\/IMG_20220421_131554479-2048x1536.jpg 2048w, https:\/\/cvipomocky.sk\/wp-content\/uploads\/2022\/05\/IMG_20220421_131554479-1568x1176.jpg 1568w\" sizes=\"(max-width: 2560px) 100vw, 2560px\" \/><\/a><\/figure>\n<\/figure>\n<\/div>\n<\/div>\n<\/div>\n<\/div>\n<\/div><\/div>\n\n\n\n<div style=\"height:80px\" aria-hidden=\"true\" class=\"wp-block-spacer\"><\/div>\n\n\n\n<div class=\"wp-block-columns alignwide are-vertically-aligned-top\">\n<div class=\"wp-block-column is-vertically-aligned-top\">\n<h3><strong><a href=\"https:\/\/cvipomocky.sk\/?page_id=8\" target=\"_blank\" rel=\"noreferrer noopener\">Kortik\u00e1lna (cerebr\u00e1lna) porucha zraku u det\u00ed<\/a><\/strong><\/h3>\n\n\n\n<p>Inform\u00e1cie o kortik\u00e1lnej (cerebr\u00e1lnej) poruche zraku (CVI) u det\u00ed, popis jednotliv\u00fdch f\u00e1z CVI a ich charakteristick\u00fdch znakov. Rady a tipy pre rodi\u010dov, osobn\u00fdch asistentov i \u0161peci\u00e1lnych pedag\u00f3gov.<\/p>\n<\/div>\n\n\n\n<div class=\"wp-block-column is-vertically-aligned-top\">\n<h3><strong><a href=\"https:\/\/cvipomocky.sk\/?page_id=133\" target=\"_blank\" rel=\"noreferrer noopener\">\u00daprava pom\u00f4cok, oble\u010denia a prostredia<\/a><\/strong><\/h3>\n\n\n\n<p>Na na\u0161om blogu n\u00e1jdete odpor\u00fa\u010dania na \u00fapravu existuj\u00facich pom\u00f4cok a prostredia pre deti s CVI vo v\u0161etk\u00fdch troch f\u00e1zach doplnen\u00e9 o fotodokument\u00e1ciu, u\u017eito\u010dn\u00e9 \u010dl\u00e1nky a \u010fal\u0161ie zdroje inform\u00e1ci\u00ed.<\/p>\n<\/div>\n\n\n\n<div class=\"wp-block-column is-vertically-aligned-top\">\n<h3><strong><a href=\"https:\/\/cvipomocky.sk\/?page_id=2\" target=\"_blank\" rel=\"noreferrer noopener\">\u0160abl\u00f3ny pre tvorbu origin\u00e1lnych pom\u00f4cok<\/a><\/strong><\/h3>\n\n\n\n<p>N\u00e1vody na tvorbu pom\u00f4cok \u0161peci\u00e1lne navrhnut\u00fdch pre deti s CVI, doplnen\u00e9 o \u0161abl\u00f3ny a fotodokument\u00e1ciu. Usmernenia pri kustomiz\u00e1cii pom\u00f4cok pre \u0161pecifick\u00e9 potreby dan\u00e9ho die\u0165a\u0165a. <\/p>\n<\/div>\n<\/div>\n\n\n\n<div style=\"height:100px\" aria-hidden=\"true\" class=\"wp-block-spacer\"><\/div>\n\n\n\n<figure class=\"wp-block-image alignwide size-large\"><a href=\"https:\/\/cvipomocky.sk\/?page_id=98\"><img loading=\"lazy\" width=\"1024\" height=\"768\" src=\"https:\/\/cvipomocky.sk\/wp-content\/uploads\/2022\/05\/IMG_20220408_101041258-1024x768.jpg\" alt=\"\" class=\"wp-image-57\" srcset=\"https:\/\/cvipomocky.sk\/wp-content\/uploads\/2022\/05\/IMG_20220408_101041258-1024x768.jpg 1024w, https:\/\/cvipomocky.sk\/wp-content\/uploads\/2022\/05\/IMG_20220408_101041258-300x225.jpg 300w, https:\/\/cvipomocky.sk\/wp-content\/uploads\/2022\/05\/IMG_20220408_101041258-768x576.jpg 768w, https:\/\/cvipomocky.sk\/wp-content\/uploads\/2022\/05\/IMG_20220408_101041258-1536x1152.jpg 1536w, https:\/\/cvipomocky.sk\/wp-content\/uploads\/2022\/05\/IMG_20220408_101041258-2048x1536.jpg 2048w, https:\/\/cvipomocky.sk\/wp-content\/uploads\/2022\/05\/IMG_20220408_101041258-1568x1176.jpg 1568w\" sizes=\"(max-width: 1024px) 100vw, 1024px\" \/><\/a><\/figure>\n\n\n\n<div style=\"height:100px\" aria-hidden=\"true\" class=\"wp-block-spacer\"><\/div>\n\n\n\n<blockquote class=\"wp-block-quote has-text-align-left is-style-large\"><p><strong>V\u010faka v\u010dasnej zrakovej stimul\u00e1cii u\u00a0det\u00ed s\u00a0CVI m\u00f4\u017ee nasta\u0165 obnova zrakov\u00fdch funkci\u00ed na z\u00e1klade plasticity nervov\u00e9ho syst\u00e9mu.<\/strong><\/p><\/blockquote>\n\n\n\n<hr class=\"wp-block-separator is-style-dots\"\/>\n\n\n\n<p>Projekt cvipomocky.sk vznikol v r\u00e1mci dizerta\u010dnej pr\u00e1ce Mgr. art. Evy Jen\u010dur\u00e1kovej v ateli\u00e9ri Vizu\u00e1lna komunik\u00e1cia, Katedra dizajnu, Fakulta umen\u00ed TUKE v rokoch 2018 \u2013 2022. Autorka pri n\u00e1vrhu pom\u00f4cok spolupracovala s o. z. Kukadl\u00e1 a malou Mar\u00ednkou, ako aj s pani Halkou Tytykalovou z Ranej starostlivosti, n. o. <\/p>\n\n\n\n<p>\u24b8 Mgr. art. Eva Jen\u010dur\u00e1kov\u00e1, 2022<\/p>\n\n\n\n<p><\/p>\n","protected":false},"excerpt":{"rendered":"<p>Pom\u00f4cky pre deti s kortik\u00e1lnou poruchou zraku Kortik\u00e1lna (cerebr\u00e1lna) porucha zraku u det\u00ed Inform\u00e1cie o kortik\u00e1lnej (cerebr\u00e1lnej) poruche zraku (CVI) u det\u00ed, popis jednotliv\u00fdch f\u00e1z CVI a ich charakteristick\u00fdch znakov. Rady a tipy pre rodi\u010dov, osobn\u00fdch asistentov i \u0161peci\u00e1lnych pedag\u00f3gov. \u00daprava pom\u00f4cok, oble\u010denia a prostredia Na na\u0161om blogu n\u00e1jdete odpor\u00fa\u010dania na \u00fapravu existuj\u00facich pom\u00f4cok a&hellip; <a class=\"more-link\" href=\"https:\/\/cvipomocky.sk\/\">Pokra\u010dova\u0165 v \u010d\u00edtan\u00ed <span class=\"screen-reader-text\">Domov<\/span><\/a><\/p>\n","protected":false},"author":1,"featured_media":0,"parent":0,"menu_order":0,"comment_status":"closed","ping_status":"closed","template":"","meta":{"_monsterinsights_skip_tracking":false,"_monsterinsights_sitenote_active":false,"_monsterinsights_sitenote_note":"","_monsterinsights_sitenote_category":0},"yoast_head":"<!-- This site is optimized with the Yoast SEO plugin v19.0 - https:\/\/yoast.com\/wordpress\/plugins\/seo\/ -->\n<title>Domov - cvipomocky.sk<\/title>\n<meta name=\"description\" content=\"Inform\u00e1cie o kortik\u00e1lnej poruche zraku (CVI), odpor\u00fa\u010dania a tipy na \u00fapravu pom\u00f4cok a\u00a0prostredia, n\u00e1vody a\u00a0materi\u00e1lov\u00e9 odpor\u00fa\u010dania na v\u00fdrobu nov\u00fdch pom\u00f4cok.\" \/>\n<meta name=\"robots\" content=\"index, follow, max-snippet:-1, max-image-preview:large, max-video-preview:-1\" \/>\n<link rel=\"canonical\" href=\"https:\/\/cvipomocky.sk\/\" \/>\n<meta property=\"og:locale\" content=\"sk_SK\" \/>\n<meta property=\"og:type\" content=\"article\" \/>\n<meta property=\"og:title\" content=\"Domov - cvipomocky.sk\" \/>\n<meta property=\"og:description\" content=\"Inform\u00e1cie o kortik\u00e1lnej poruche zraku (CVI), odpor\u00fa\u010dania a tipy na \u00fapravu pom\u00f4cok a\u00a0prostredia, n\u00e1vody a\u00a0materi\u00e1lov\u00e9 odpor\u00fa\u010dania na v\u00fdrobu nov\u00fdch pom\u00f4cok.\" \/>\n<meta property=\"og:url\" content=\"https:\/\/cvipomocky.sk\/\" \/>\n<meta property=\"og:site_name\" content=\"cvipomocky.sk\" \/>\n<meta property=\"article:modified_time\" content=\"2022-06-12T13:32:13+00:00\" \/>\n<meta property=\"og:image\" content=\"http:\/\/cvipomocky.sk\/wp-content\/uploads\/2022\/05\/IMG_20220421_131554479-scaled.jpg\" \/>\n<meta name=\"twitter:card\" content=\"summary_large_image\" \/>\n<meta name=\"twitter:label1\" content=\"Predpokladan\u00fd \u010das \u010d\u00edtania\" \/>\n\t<meta name=\"twitter:data1\" content=\"2 min\u00faty\" \/>\n<script type=\"application\/ld+json\" class=\"yoast-schema-graph\">{\"@context\":\"https:\/\/schema.org\",\"@graph\":[{\"@type\":[\"Person\",\"Organization\"],\"@id\":\"https:\/\/cvipomocky.sk\/#\/schema\/person\/6764def79ff29fc2ea07657bb110ef9b\",\"name\":\"evarak\",\"image\":{\"@type\":\"ImageObject\",\"inLanguage\":\"sk-SK\",\"@id\":\"https:\/\/cvipomocky.sk\/#\/schema\/person\/image\/\",\"url\":\"https:\/\/cvipomocky.sk\/wp-content\/uploads\/2022\/06\/hrasok_01.jpg\",\"contentUrl\":\"https:\/\/cvipomocky.sk\/wp-content\/uploads\/2022\/06\/hrasok_01.jpg\",\"width\":1600,\"height\":1200,\"caption\":\"evarak\"},\"logo\":{\"@id\":\"https:\/\/cvipomocky.sk\/#\/schema\/person\/image\/\"},\"sameAs\":[\"http:\/\/cvipomocky.sk\"]},{\"@type\":\"WebSite\",\"@id\":\"https:\/\/cvipomocky.sk\/#website\",\"url\":\"https:\/\/cvipomocky.sk\/\",\"name\":\"cvipomocky.sk\",\"description\":\"pom\u00f4cky pre deti s CVI\",\"publisher\":{\"@id\":\"https:\/\/cvipomocky.sk\/#\/schema\/person\/6764def79ff29fc2ea07657bb110ef9b\"},\"potentialAction\":[{\"@type\":\"SearchAction\",\"target\":{\"@type\":\"EntryPoint\",\"urlTemplate\":\"https:\/\/cvipomocky.sk\/?s={search_term_string}\"},\"query-input\":\"required name=search_term_string\"}],\"inLanguage\":\"sk-SK\"},{\"@type\":\"ImageObject\",\"inLanguage\":\"sk-SK\",\"@id\":\"https:\/\/cvipomocky.sk\/#primaryimage\",\"url\":\"https:\/\/cvipomocky.sk\/wp-content\/uploads\/2022\/05\/IMG_20220421_131554479-scaled.jpg\",\"contentUrl\":\"https:\/\/cvipomocky.sk\/wp-content\/uploads\/2022\/05\/IMG_20220421_131554479-scaled.jpg\",\"width\":2560,\"height\":1920,\"caption\":\"fotografia filcov\u00fdch rybiek\"},{\"@type\":\"WebPage\",\"@id\":\"https:\/\/cvipomocky.sk\/#webpage\",\"url\":\"https:\/\/cvipomocky.sk\/\",\"name\":\"Domov - cvipomocky.sk\",\"isPartOf\":{\"@id\":\"https:\/\/cvipomocky.sk\/#website\"},\"primaryImageOfPage\":{\"@id\":\"https:\/\/cvipomocky.sk\/#primaryimage\"},\"datePublished\":\"2022-05-05T17:54:31+00:00\",\"dateModified\":\"2022-06-12T13:32:13+00:00\",\"description\":\"Inform\u00e1cie o kortik\u00e1lnej poruche zraku (CVI), odpor\u00fa\u010dania a tipy na \u00fapravu pom\u00f4cok a\u00a0prostredia, n\u00e1vody a\u00a0materi\u00e1lov\u00e9 odpor\u00fa\u010dania na v\u00fdrobu nov\u00fdch pom\u00f4cok.\",\"breadcrumb\":{\"@id\":\"https:\/\/cvipomocky.sk\/#breadcrumb\"},\"inLanguage\":\"sk-SK\",\"potentialAction\":[{\"@type\":\"ReadAction\",\"target\":[\"https:\/\/cvipomocky.sk\/\"]}]},{\"@type\":\"BreadcrumbList\",\"@id\":\"https:\/\/cvipomocky.sk\/#breadcrumb\",\"itemListElement\":[{\"@type\":\"ListItem\",\"position\":1,\"name\":\"Home\",\"item\":\"https:\/\/cvipomocky.sk\/\"},{\"@type\":\"ListItem\",\"position\":2,\"name\":\"Domov\"}]}]}<\/script>\n<!-- \/ Yoast SEO plugin. -->","yoast_head_json":{"title":"Domov - cvipomocky.sk","description":"Inform\u00e1cie o kortik\u00e1lnej poruche zraku (CVI), odpor\u00fa\u010dania a tipy na \u00fapravu pom\u00f4cok a\u00a0prostredia, n\u00e1vody a\u00a0materi\u00e1lov\u00e9 odpor\u00fa\u010dania na v\u00fdrobu nov\u00fdch pom\u00f4cok.","robots":{"index":"index","follow":"follow","max-snippet":"max-snippet:-1","max-image-preview":"max-image-preview:large","max-video-preview":"max-video-preview:-1"},"canonical":"https:\/\/cvipomocky.sk\/","og_locale":"sk_SK","og_type":"article","og_title":"Domov - cvipomocky.sk","og_description":"Inform\u00e1cie o kortik\u00e1lnej poruche zraku (CVI), odpor\u00fa\u010dania a tipy na \u00fapravu pom\u00f4cok a\u00a0prostredia, n\u00e1vody a\u00a0materi\u00e1lov\u00e9 odpor\u00fa\u010dania na v\u00fdrobu nov\u00fdch pom\u00f4cok.","og_url":"https:\/\/cvipomocky.sk\/","og_site_name":"cvipomocky.sk","article_modified_time":"2022-06-12T13:32:13+00:00","og_image":[{"url":"http:\/\/cvipomocky.sk\/wp-content\/uploads\/2022\/05\/IMG_20220421_131554479-scaled.jpg"}],"twitter_card":"summary_large_image","twitter_misc":{"Predpokladan\u00fd \u010das \u010d\u00edtania":"2 min\u00faty"},"schema":{"@context":"https:\/\/schema.org","@graph":[{"@type":["Person","Organization"],"@id":"https:\/\/cvipomocky.sk\/#\/schema\/person\/6764def79ff29fc2ea07657bb110ef9b","name":"evarak","image":{"@type":"ImageObject","inLanguage":"sk-SK","@id":"https:\/\/cvipomocky.sk\/#\/schema\/person\/image\/","url":"https:\/\/cvipomocky.sk\/wp-content\/uploads\/2022\/06\/hrasok_01.jpg","contentUrl":"https:\/\/cvipomocky.sk\/wp-content\/uploads\/2022\/06\/hrasok_01.jpg","width":1600,"height":1200,"caption":"evarak"},"logo":{"@id":"https:\/\/cvipomocky.sk\/#\/schema\/person\/image\/"},"sameAs":["http:\/\/cvipomocky.sk"]},{"@type":"WebSite","@id":"https:\/\/cvipomocky.sk\/#website","url":"https:\/\/cvipomocky.sk\/","name":"cvipomocky.sk","description":"pom\u00f4cky pre deti s CVI","publisher":{"@id":"https:\/\/cvipomocky.sk\/#\/schema\/person\/6764def79ff29fc2ea07657bb110ef9b"},"potentialAction":[{"@type":"SearchAction","target":{"@type":"EntryPoint","urlTemplate":"https:\/\/cvipomocky.sk\/?s={search_term_string}"},"query-input":"required name=search_term_string"}],"inLanguage":"sk-SK"},{"@type":"ImageObject","inLanguage":"sk-SK","@id":"https:\/\/cvipomocky.sk\/#primaryimage","url":"https:\/\/cvipomocky.sk\/wp-content\/uploads\/2022\/05\/IMG_20220421_131554479-scaled.jpg","contentUrl":"https:\/\/cvipomocky.sk\/wp-content\/uploads\/2022\/05\/IMG_20220421_131554479-scaled.jpg","width":2560,"height":1920,"caption":"fotografia filcov\u00fdch rybiek"},{"@type":"WebPage","@id":"https:\/\/cvipomocky.sk\/#webpage","url":"https:\/\/cvipomocky.sk\/","name":"Domov - cvipomocky.sk","isPartOf":{"@id":"https:\/\/cvipomocky.sk\/#website"},"primaryImageOfPage":{"@id":"https:\/\/cvipomocky.sk\/#primaryimage"},"datePublished":"2022-05-05T17:54:31+00:00","dateModified":"2022-06-12T13:32:13+00:00","description":"Inform\u00e1cie o kortik\u00e1lnej poruche zraku (CVI), odpor\u00fa\u010dania a tipy na \u00fapravu pom\u00f4cok a\u00a0prostredia, n\u00e1vody a\u00a0materi\u00e1lov\u00e9 odpor\u00fa\u010dania na v\u00fdrobu nov\u00fdch pom\u00f4cok.","breadcrumb":{"@id":"https:\/\/cvipomocky.sk\/#breadcrumb"},"inLanguage":"sk-SK","potentialAction":[{"@type":"ReadAction","target":["https:\/\/cvipomocky.sk\/"]}]},{"@type":"BreadcrumbList","@id":"https:\/\/cvipomocky.sk\/#breadcrumb","itemListElement":[{"@type":"ListItem","position":1,"name":"Home","item":"https:\/\/cvipomocky.sk\/"},{"@type":"ListItem","position":2,"name":"Domov"}]}]}},"_links":{"self":[{"href":"https:\/\/cvipomocky.sk\/index.php?rest_route=\/wp\/v2\/pages\/7"}],"collection":[{"href":"https:\/\/cvipomocky.sk\/index.php?rest_route=\/wp\/v2\/pages"}],"about":[{"href":"https:\/\/cvipomocky.sk\/index.php?rest_route=\/wp\/v2\/types\/page"}],"author":[{"embeddable":true,"href":"https:\/\/cvipomocky.sk\/index.php?rest_route=\/wp\/v2\/users\/1"}],"replies":[{"embeddable":true,"href":"https:\/\/cvipomocky.sk\/index.php?rest_route=%2Fwp%2Fv2%2Fcomments&post=7"}],"version-history":[{"count":7,"href":"https:\/\/cvipomocky.sk\/index.php?rest_route=\/wp\/v2\/pages\/7\/revisions"}],"predecessor-version":[{"id":817,"href":"https:\/\/cvipomocky.sk\/index.php?rest_route=\/wp\/v2\/pages\/7\/revisions\/817"}],"wp:attachment":[{"href":"https:\/\/cvipomocky.sk\/index.php?rest_route=%2Fwp%2Fv2%2Fmedia&parent=7"}],"curies":[{"name":"wp","href":"https:\/\/api.w.org\/{rel}","templated":true}]}}