{"id":9,"date":"2022-05-05T19:54:31","date_gmt":"2022-05-05T17:54:31","guid":{"rendered":"https:\/\/cvipomocky.sk\/?page_id=9"},"modified":"2022-06-12T15:29:25","modified_gmt":"2022-06-12T13:29:25","slug":"kontakt","status":"publish","type":"page","link":"https:\/\/cvipomocky.sk\/?page_id=9","title":{"rendered":"Kontakt"},"content":{"rendered":"<div class=\"yoast-breadcrumbs\"><span><span><a href=\"https:\/\/cvipomocky.sk\/\">Home<\/a> &raquo; <span class=\"breadcrumb_last\" aria-current=\"page\">Kontakt<\/span><\/span><\/span><\/div>\n\n\n<div class=\"wp-block-image\"><figure class=\"alignright is-resized\"><img loading=\"lazy\" src=\"https:\/\/cvipomocky.sk\/wp-content\/uploads\/2022\/06\/efka-300x300.png\" alt=\"\" class=\"wp-image-479\" width=\"220\" height=\"220\" srcset=\"https:\/\/cvipomocky.sk\/wp-content\/uploads\/2022\/06\/efka-300x300.png 300w, https:\/\/cvipomocky.sk\/wp-content\/uploads\/2022\/06\/efka-1024x1024.png 1024w, https:\/\/cvipomocky.sk\/wp-content\/uploads\/2022\/06\/efka-150x150.png 150w, https:\/\/cvipomocky.sk\/wp-content\/uploads\/2022\/06\/efka-768x768.png 768w, https:\/\/cvipomocky.sk\/wp-content\/uploads\/2022\/06\/efka.png 1044w\" sizes=\"(max-width: 220px) 100vw, 220px\" \/><\/figure><\/div>\n\n\n\n<p>Projekt <strong>cvipomocky.sk<\/strong> vznikol v r\u00e1mci dizerta\u010dnej pr\u00e1ce<strong> Mgr. art. Evy Jen\u010dur\u00e1kovej<\/strong> v ateli\u00e9ri Vizu\u00e1lna komunik\u00e1cia, Katedra dizajnu, Fakulta umen\u00ed TUKE v rokoch 2018 \u2013 2022. Autorka v r\u00e1mci odbornej str\u00e1nky projektu spolupracovala najm\u00e4 s <a href=\"https:\/\/kukadla.sk\/\" target=\"_blank\" rel=\"noreferrer noopener\">o. z. Kukadl\u00e1<\/a> a s malou Mar\u00ednkou, ako aj s pani Halkou Tytykalovou z <a href=\"https:\/\/ranastarostlivost.sk\/\" target=\"_blank\" rel=\"noreferrer noopener\">Ranej starostlivosti, n. o.<\/a> <\/p>\n\n\n\n<p>\u00dasil\u00edm autorky bolo na z\u00e1klade \u0161tvorro\u010dn\u00e9ho v\u00fdskumu a vyu\u017eitia odborn\u00fdch sk\u00fasenost\u00ed a znalost\u00ed v oblasti dizajnu a vizu\u00e1lnej komunik\u00e1cie navrhn\u00fa\u0165 vhodn\u00e9 a dostupn\u00e9 pom\u00f4cky pre deti s kortik\u00e1lnou poruchou zraku, \u00fapravu u\u017e existuj\u00facich pom\u00f4cok \u010di sformulova\u0165 odpor\u00fa\u010dania pre \u00fapravu prostredia pre deti s CVI.<\/p>\n\n\n\n<p>Obsah tejto webovej str\u00e1nky je ur\u010den\u00fd pre rodi\u010dov det\u00ed s CVI, odborn\u00fdch asistentov, \u0161peci\u00e1lnych pedag\u00f3gov, ako aj dizajn\u00e9rov a odborn\u00fa i \u0161irok\u00fa verejnos\u0165, ktor\u00e1 sa zauj\u00edma o problematiku CVI. Inform\u00e1cie, \u0161abl\u00f3ny, foton\u00e1vody, vide\u00e1 at\u010f. nach\u00e1dzaj\u00face sa na tejto webovej str\u00e1nke je mo\u017en\u00e9 pou\u017ei\u0165 na nekomer\u010dn\u00e9 \u00fa\u010dely. V pr\u00edpade komer\u010dn\u00e9ho pou\u017eitia alebo spolupr\u00e1ce kontaktujte, pros\u00edm, autorku: <strong>eva.jencurakova(at)tuke.sk<\/strong><\/p>\n\n\n\n<p>\u24b8 Mgr. art. Eva Jen\u010dur\u00e1kov\u00e1, 2022<\/p>\n\n\n\n<div class=\"wp-container-1 wp-block-buttons\"><\/div>\n","protected":false},"excerpt":{"rendered":"<p>Projekt cvipomocky.sk vznikol v r\u00e1mci dizerta\u010dnej pr\u00e1ce Mgr. art. Evy Jen\u010dur\u00e1kovej v ateli\u00e9ri Vizu\u00e1lna komunik\u00e1cia, Katedra dizajnu, Fakulta umen\u00ed TUKE v rokoch 2018 \u2013 2022. Autorka v r\u00e1mci odbornej str\u00e1nky projektu spolupracovala najm\u00e4 s o. z. Kukadl\u00e1 a s malou Mar\u00ednkou, ako aj s pani Halkou Tytykalovou z Ranej starostlivosti, n. o. \u00dasil\u00edm autorky bolo&hellip; <a class=\"more-link\" href=\"https:\/\/cvipomocky.sk\/?page_id=9\">Pokra\u010dova\u0165 v \u010d\u00edtan\u00ed <span class=\"screen-reader-text\">Kontakt<\/span><\/a><\/p>\n","protected":false},"author":1,"featured_media":0,"parent":0,"menu_order":0,"comment_status":"closed","ping_status":"closed","template":"","meta":{"_monsterinsights_skip_tracking":false,"_monsterinsights_sitenote_active":false,"_monsterinsights_sitenote_note":"","_monsterinsights_sitenote_category":0},"yoast_head":"<!-- This site is optimized with the Yoast SEO plugin v19.0 - https:\/\/yoast.com\/wordpress\/plugins\/seo\/ -->\n<title>Kontakt - cvipomocky.sk<\/title>\n<meta name=\"robots\" content=\"index, follow, max-snippet:-1, max-image-preview:large, max-video-preview:-1\" \/>\n<link rel=\"canonical\" href=\"https:\/\/cvipomocky.sk\/?page_id=9\" \/>\n<meta property=\"og:locale\" content=\"sk_SK\" \/>\n<meta property=\"og:type\" content=\"article\" \/>\n<meta property=\"og:title\" content=\"Kontakt - cvipomocky.sk\" \/>\n<meta property=\"og:description\" content=\"Projekt cvipomocky.sk vznikol v r\u00e1mci dizerta\u010dnej pr\u00e1ce Mgr. art. Evy Jen\u010dur\u00e1kovej v ateli\u00e9ri Vizu\u00e1lna komunik\u00e1cia, Katedra dizajnu, Fakulta umen\u00ed TUKE v rokoch 2018 \u2013 2022. Autorka v r\u00e1mci odbornej str\u00e1nky projektu spolupracovala najm\u00e4 s o. z. Kukadl\u00e1 a s malou Mar\u00ednkou, ako aj s pani Halkou Tytykalovou z Ranej starostlivosti, n. o. \u00dasil\u00edm autorky bolo&hellip; Pokra\u010dova\u0165 v \u010d\u00edtan\u00ed Kontakt\" \/>\n<meta property=\"og:url\" content=\"https:\/\/cvipomocky.sk\/?page_id=9\" \/>\n<meta property=\"og:site_name\" content=\"cvipomocky.sk\" \/>\n<meta property=\"article:modified_time\" content=\"2022-06-12T13:29:25+00:00\" \/>\n<meta property=\"og:image\" content=\"https:\/\/cvipomocky.sk\/wp-content\/uploads\/2022\/06\/efka-300x300.png\" \/>\n<meta name=\"twitter:card\" content=\"summary_large_image\" \/>\n<meta name=\"twitter:label1\" content=\"Predpokladan\u00fd \u010das \u010d\u00edtania\" \/>\n\t<meta name=\"twitter:data1\" content=\"2 min\u00faty\" \/>\n<script type=\"application\/ld+json\" class=\"yoast-schema-graph\">{\"@context\":\"https:\/\/schema.org\",\"@graph\":[{\"@type\":[\"Person\",\"Organization\"],\"@id\":\"https:\/\/cvipomocky.sk\/#\/schema\/person\/6764def79ff29fc2ea07657bb110ef9b\",\"name\":\"evarak\",\"image\":{\"@type\":\"ImageObject\",\"inLanguage\":\"sk-SK\",\"@id\":\"https:\/\/cvipomocky.sk\/#\/schema\/person\/image\/\",\"url\":\"https:\/\/cvipomocky.sk\/wp-content\/uploads\/2022\/06\/hrasok_01.jpg\",\"contentUrl\":\"https:\/\/cvipomocky.sk\/wp-content\/uploads\/2022\/06\/hrasok_01.jpg\",\"width\":1600,\"height\":1200,\"caption\":\"evarak\"},\"logo\":{\"@id\":\"https:\/\/cvipomocky.sk\/#\/schema\/person\/image\/\"},\"sameAs\":[\"http:\/\/cvipomocky.sk\"]},{\"@type\":\"WebSite\",\"@id\":\"https:\/\/cvipomocky.sk\/#website\",\"url\":\"https:\/\/cvipomocky.sk\/\",\"name\":\"cvipomocky.sk\",\"description\":\"pom\u00f4cky pre deti s CVI\",\"publisher\":{\"@id\":\"https:\/\/cvipomocky.sk\/#\/schema\/person\/6764def79ff29fc2ea07657bb110ef9b\"},\"potentialAction\":[{\"@type\":\"SearchAction\",\"target\":{\"@type\":\"EntryPoint\",\"urlTemplate\":\"https:\/\/cvipomocky.sk\/?s={search_term_string}\"},\"query-input\":\"required name=search_term_string\"}],\"inLanguage\":\"sk-SK\"},{\"@type\":\"ImageObject\",\"inLanguage\":\"sk-SK\",\"@id\":\"https:\/\/cvipomocky.sk\/?page_id=9#primaryimage\",\"url\":\"https:\/\/cvipomocky.sk\/wp-content\/uploads\/2022\/06\/efka-300x300.png\",\"contentUrl\":\"https:\/\/cvipomocky.sk\/wp-content\/uploads\/2022\/06\/efka-300x300.png\"},{\"@type\":\"WebPage\",\"@id\":\"https:\/\/cvipomocky.sk\/?page_id=9#webpage\",\"url\":\"https:\/\/cvipomocky.sk\/?page_id=9\",\"name\":\"Kontakt - cvipomocky.sk\",\"isPartOf\":{\"@id\":\"https:\/\/cvipomocky.sk\/#website\"},\"primaryImageOfPage\":{\"@id\":\"https:\/\/cvipomocky.sk\/?page_id=9#primaryimage\"},\"datePublished\":\"2022-05-05T17:54:31+00:00\",\"dateModified\":\"2022-06-12T13:29:25+00:00\",\"breadcrumb\":{\"@id\":\"https:\/\/cvipomocky.sk\/?page_id=9#breadcrumb\"},\"inLanguage\":\"sk-SK\",\"potentialAction\":[{\"@type\":\"ReadAction\",\"target\":[\"https:\/\/cvipomocky.sk\/?page_id=9\"]}]},{\"@type\":\"BreadcrumbList\",\"@id\":\"https:\/\/cvipomocky.sk\/?page_id=9#breadcrumb\",\"itemListElement\":[{\"@type\":\"ListItem\",\"position\":1,\"name\":\"Home\",\"item\":\"https:\/\/cvipomocky.sk\/\"},{\"@type\":\"ListItem\",\"position\":2,\"name\":\"Kontakt\"}]}]}<\/script>\n<!-- \/ Yoast SEO plugin. -->","yoast_head_json":{"title":"Kontakt - cvipomocky.sk","robots":{"index":"index","follow":"follow","max-snippet":"max-snippet:-1","max-image-preview":"max-image-preview:large","max-video-preview":"max-video-preview:-1"},"canonical":"https:\/\/cvipomocky.sk\/?page_id=9","og_locale":"sk_SK","og_type":"article","og_title":"Kontakt - cvipomocky.sk","og_description":"Projekt cvipomocky.sk vznikol v r\u00e1mci dizerta\u010dnej pr\u00e1ce Mgr. art. Evy Jen\u010dur\u00e1kovej v ateli\u00e9ri Vizu\u00e1lna komunik\u00e1cia, Katedra dizajnu, Fakulta umen\u00ed TUKE v rokoch 2018 \u2013 2022. Autorka v r\u00e1mci odbornej str\u00e1nky projektu spolupracovala najm\u00e4 s o. z. Kukadl\u00e1 a s malou Mar\u00ednkou, ako aj s pani Halkou Tytykalovou z Ranej starostlivosti, n. o. \u00dasil\u00edm autorky bolo&hellip; Pokra\u010dova\u0165 v \u010d\u00edtan\u00ed Kontakt","og_url":"https:\/\/cvipomocky.sk\/?page_id=9","og_site_name":"cvipomocky.sk","article_modified_time":"2022-06-12T13:29:25+00:00","og_image":[{"url":"https:\/\/cvipomocky.sk\/wp-content\/uploads\/2022\/06\/efka-300x300.png"}],"twitter_card":"summary_large_image","twitter_misc":{"Predpokladan\u00fd \u010das \u010d\u00edtania":"2 min\u00faty"},"schema":{"@context":"https:\/\/schema.org","@graph":[{"@type":["Person","Organization"],"@id":"https:\/\/cvipomocky.sk\/#\/schema\/person\/6764def79ff29fc2ea07657bb110ef9b","name":"evarak","image":{"@type":"ImageObject","inLanguage":"sk-SK","@id":"https:\/\/cvipomocky.sk\/#\/schema\/person\/image\/","url":"https:\/\/cvipomocky.sk\/wp-content\/uploads\/2022\/06\/hrasok_01.jpg","contentUrl":"https:\/\/cvipomocky.sk\/wp-content\/uploads\/2022\/06\/hrasok_01.jpg","width":1600,"height":1200,"caption":"evarak"},"logo":{"@id":"https:\/\/cvipomocky.sk\/#\/schema\/person\/image\/"},"sameAs":["http:\/\/cvipomocky.sk"]},{"@type":"WebSite","@id":"https:\/\/cvipomocky.sk\/#website","url":"https:\/\/cvipomocky.sk\/","name":"cvipomocky.sk","description":"pom\u00f4cky pre deti s CVI","publisher":{"@id":"https:\/\/cvipomocky.sk\/#\/schema\/person\/6764def79ff29fc2ea07657bb110ef9b"},"potentialAction":[{"@type":"SearchAction","target":{"@type":"EntryPoint","urlTemplate":"https:\/\/cvipomocky.sk\/?s={search_term_string}"},"query-input":"required name=search_term_string"}],"inLanguage":"sk-SK"},{"@type":"ImageObject","inLanguage":"sk-SK","@id":"https:\/\/cvipomocky.sk\/?page_id=9#primaryimage","url":"https:\/\/cvipomocky.sk\/wp-content\/uploads\/2022\/06\/efka-300x300.png","contentUrl":"https:\/\/cvipomocky.sk\/wp-content\/uploads\/2022\/06\/efka-300x300.png"},{"@type":"WebPage","@id":"https:\/\/cvipomocky.sk\/?page_id=9#webpage","url":"https:\/\/cvipomocky.sk\/?page_id=9","name":"Kontakt - cvipomocky.sk","isPartOf":{"@id":"https:\/\/cvipomocky.sk\/#website"},"primaryImageOfPage":{"@id":"https:\/\/cvipomocky.sk\/?page_id=9#primaryimage"},"datePublished":"2022-05-05T17:54:31+00:00","dateModified":"2022-06-12T13:29:25+00:00","breadcrumb":{"@id":"https:\/\/cvipomocky.sk\/?page_id=9#breadcrumb"},"inLanguage":"sk-SK","potentialAction":[{"@type":"ReadAction","target":["https:\/\/cvipomocky.sk\/?page_id=9"]}]},{"@type":"BreadcrumbList","@id":"https:\/\/cvipomocky.sk\/?page_id=9#breadcrumb","itemListElement":[{"@type":"ListItem","position":1,"name":"Home","item":"https:\/\/cvipomocky.sk\/"},{"@type":"ListItem","position":2,"name":"Kontakt"}]}]}},"_links":{"self":[{"href":"https:\/\/cvipomocky.sk\/index.php?rest_route=\/wp\/v2\/pages\/9"}],"collection":[{"href":"https:\/\/cvipomocky.sk\/index.php?rest_route=\/wp\/v2\/pages"}],"about":[{"href":"https:\/\/cvipomocky.sk\/index.php?rest_route=\/wp\/v2\/types\/page"}],"author":[{"embeddable":true,"href":"https:\/\/cvipomocky.sk\/index.php?rest_route=\/wp\/v2\/users\/1"}],"replies":[{"embeddable":true,"href":"https:\/\/cvipomocky.sk\/index.php?rest_route=%2Fwp%2Fv2%2Fcomments&post=9"}],"version-history":[{"count":6,"href":"https:\/\/cvipomocky.sk\/index.php?rest_route=\/wp\/v2\/pages\/9\/revisions"}],"predecessor-version":[{"id":813,"href":"https:\/\/cvipomocky.sk\/index.php?rest_route=\/wp\/v2\/pages\/9\/revisions\/813"}],"wp:attachment":[{"href":"https:\/\/cvipomocky.sk\/index.php?rest_route=%2Fwp%2Fv2%2Fmedia&parent=9"}],"curies":[{"name":"wp","href":"https:\/\/api.w.org\/{rel}","templated":true}]}}