{"id":94,"date":"2022-05-05T22:12:01","date_gmt":"2022-05-05T20:12:01","guid":{"rendered":"https:\/\/cvipomocky.sk\/?page_id=94"},"modified":"2022-06-12T14:23:25","modified_gmt":"2022-06-12T12:23:25","slug":"filcove-rybky","status":"publish","type":"page","link":"https:\/\/cvipomocky.sk\/?page_id=94","title":{"rendered":"Filcov\u00e9 rybky"},"content":{"rendered":"<div class=\"yoast-breadcrumbs\"><span><span><a href=\"https:\/\/cvipomocky.sk\/\">Home<\/a> &raquo; <span><a href=\"https:\/\/cvipomocky.sk\/?page_id=132\">Tvorba pom\u00f4cok<\/a> &raquo; <span class=\"breadcrumb_last\" aria-current=\"page\">Filcov\u00e9 rybky<\/span><\/span><\/span><\/span><\/div>\n\n\n<figure class=\"wp-block-image alignwide size-large\"><img loading=\"lazy\" width=\"1024\" height=\"768\" src=\"http:\/\/cvipomocky.sk\/wp-content\/uploads\/2022\/06\/03-1024x768.jpg\" alt=\"\" class=\"wp-image-153\" srcset=\"https:\/\/cvipomocky.sk\/wp-content\/uploads\/2022\/06\/03-1024x768.jpg 1024w, https:\/\/cvipomocky.sk\/wp-content\/uploads\/2022\/06\/03-300x225.jpg 300w, https:\/\/cvipomocky.sk\/wp-content\/uploads\/2022\/06\/03-768x576.jpg 768w, https:\/\/cvipomocky.sk\/wp-content\/uploads\/2022\/06\/03-1536x1152.jpg 1536w, https:\/\/cvipomocky.sk\/wp-content\/uploads\/2022\/06\/03-1568x1176.jpg 1568w, https:\/\/cvipomocky.sk\/wp-content\/uploads\/2022\/06\/03.jpg 1600w\" sizes=\"(max-width: 1024px) 100vw, 1024px\" \/><\/figure>\n\n\n\n<figure class=\"wp-block-gallery has-nested-images columns-default is-cropped\">\n<figure class=\"wp-block-image size-large\"><img loading=\"lazy\" width=\"768\" height=\"1024\" data-id=\"152\"  src=\"https:\/\/cvipomocky.sk\/wp-content\/uploads\/2022\/06\/01-768x1024.jpg\" alt=\"\" class=\"wp-image-152\" srcset=\"https:\/\/cvipomocky.sk\/wp-content\/uploads\/2022\/06\/01-768x1024.jpg 768w, https:\/\/cvipomocky.sk\/wp-content\/uploads\/2022\/06\/01-225x300.jpg 225w, https:\/\/cvipomocky.sk\/wp-content\/uploads\/2022\/06\/01-1152x1536.jpg 1152w, https:\/\/cvipomocky.sk\/wp-content\/uploads\/2022\/06\/01.jpg 1200w\" sizes=\"(max-width: 768px) 100vw, 768px\" \/><\/figure>\n\n\n\n<figure class=\"wp-block-image size-large\"><img loading=\"lazy\" width=\"768\" height=\"1024\" data-id=\"151\"  src=\"https:\/\/cvipomocky.sk\/wp-content\/uploads\/2022\/06\/02-768x1024.jpg\" alt=\"\" class=\"wp-image-151\" srcset=\"https:\/\/cvipomocky.sk\/wp-content\/uploads\/2022\/06\/02-768x1024.jpg 768w, https:\/\/cvipomocky.sk\/wp-content\/uploads\/2022\/06\/02-225x300.jpg 225w, https:\/\/cvipomocky.sk\/wp-content\/uploads\/2022\/06\/02-1152x1536.jpg 1152w, https:\/\/cvipomocky.sk\/wp-content\/uploads\/2022\/06\/02.jpg 1200w\" sizes=\"(max-width: 768px) 100vw, 768px\" \/><\/figure>\n\n\n\n<figure class=\"wp-block-image size-large\"><img loading=\"lazy\" width=\"768\" height=\"1024\" data-id=\"156\"  src=\"https:\/\/cvipomocky.sk\/wp-content\/uploads\/2022\/06\/04-768x1024.jpg\" alt=\"\" class=\"wp-image-156\" srcset=\"https:\/\/cvipomocky.sk\/wp-content\/uploads\/2022\/06\/04-768x1024.jpg 768w, https:\/\/cvipomocky.sk\/wp-content\/uploads\/2022\/06\/04-225x300.jpg 225w, https:\/\/cvipomocky.sk\/wp-content\/uploads\/2022\/06\/04-1152x1536.jpg 1152w, https:\/\/cvipomocky.sk\/wp-content\/uploads\/2022\/06\/04.jpg 1200w\" sizes=\"(max-width: 768px) 100vw, 768px\" \/><\/figure>\n<\/figure>\n\n\n\n<p>Pre tvorcov-za\u010diato\u010dn\u00edkov je pri pr\u00edprave filcov\u00fdch pom\u00f4cok vhodn\u00e9 za\u010da\u0165 jednoduch\u00fdmi tvarmi aj postupmi. Preto sme pripravili <strong>fotografick\u00fd postup<\/strong> pre vyhotovenie farebn\u00fdch rybiek z filcu, ktor\u00fd posl\u00fa\u017ei aj <strong>pri tvorbe \u010fal\u0161\u00edch filcov\u00fdch pom\u00f4cok<\/strong> na tejto webstr\u00e1nke.<\/p>\n\n\n\n<p>Filcov\u00e9 rybky posl\u00fa\u017eia ako hra\u010dky pre deti s CVI pri stimul\u00e1cii zraku, ale aj pri rozvoji ich taktiln\u00fdch a motorick\u00fdch schopnost\u00ed. Farebnos\u0165 je mo\u017en\u00e9 obmie\u0148a\u0165 pod\u013ea preferenci\u00ed dan\u00e9ho die\u0165a\u0165a. <strong>Ve\u013ekos\u0165 pom\u00f4cky:<\/strong> \u0161\u00edrka cca 19 cm, v\u00fd\u0161ka cca 13 cm, hr\u00fabka cca 4 cm.<\/p>\n\n\n\n<p>Na v\u00fdrobu filcov\u00fdch rybiek budeme potrebova\u0165:<\/p>\n\n\n\n<ul><li>m\u00e4kk\u00e9 farebn\u00e9 filce form\u00e1tu A4, hr\u00fabka pribli\u017ene 1 mm<\/li><li>dut\u00e9 vl\u00e1kno<\/li><li>mal\u00e9 gomb\u00edky<\/li><li>kraj\u010d\u00edrska krieda na zna\u010denie<\/li><li>farebn\u00e9 nite<\/li><li>ihly alebo \u0161ijac\u00ed stroj<\/li><li>no\u017enice<\/li><li>\u0161abl\u00f3ny rybiek<\/li><\/ul>\n\n\n\n<div class=\"wp-block-file\"><a id=\"wp-block-file--media-3c125559-47c4-4a8b-a6ab-eb349453f4ab\" href=\"https:\/\/cvipomocky.sk\/wp-content\/uploads\/2022\/06\/Filcove_rybky_sablona.pdf\" target=\"_blank\" rel=\"noreferrer noopener\">Filcove_rybky_sablona<\/a><a href=\"https:\/\/cvipomocky.sk\/wp-content\/uploads\/2022\/06\/Filcove_rybky_sablona.pdf\" class=\"wp-block-file__button\" download aria-describedby=\"wp-block-file--media-3c125559-47c4-4a8b-a6ab-eb349453f4ab\">Stiahnu\u0165<\/a><\/div>\n\n\n\n<p><strong>Fotografick\u00fd postup:<\/strong><\/p>\n\n\n\n<figure class=\"wp-block-image size-large\"><img loading=\"lazy\" width=\"1024\" height=\"768\" src=\"http:\/\/cvipomocky.sk\/wp-content\/uploads\/2022\/06\/A-1024x768.jpg\" alt=\"\" class=\"wp-image-160\" srcset=\"https:\/\/cvipomocky.sk\/wp-content\/uploads\/2022\/06\/A-1024x768.jpg 1024w, https:\/\/cvipomocky.sk\/wp-content\/uploads\/2022\/06\/A-300x225.jpg 300w, https:\/\/cvipomocky.sk\/wp-content\/uploads\/2022\/06\/A-768x576.jpg 768w, https:\/\/cvipomocky.sk\/wp-content\/uploads\/2022\/06\/A-1536x1152.jpg 1536w, https:\/\/cvipomocky.sk\/wp-content\/uploads\/2022\/06\/A-2048x1536.jpg 2048w, https:\/\/cvipomocky.sk\/wp-content\/uploads\/2022\/06\/A-1568x1176.jpg 1568w\" sizes=\"(max-width: 1024px) 100vw, 1024px\" \/><figcaption>1.  Priprav\u00edme si potrebn\u00fd materi\u00e1l, \u0161abl\u00f3ny vytla\u010d\u00edme na form\u00e1t A4 a rozstrih\u00e1me.<\/figcaption><\/figure>\n\n\n\n<figure class=\"wp-block-image size-large\"><img loading=\"lazy\" width=\"1024\" height=\"768\" src=\"https:\/\/cvipomocky.sk\/wp-content\/uploads\/2022\/06\/B_small-1024x768.jpg\" alt=\"\" class=\"wp-image-171\" srcset=\"https:\/\/cvipomocky.sk\/wp-content\/uploads\/2022\/06\/B_small-1024x768.jpg 1024w, https:\/\/cvipomocky.sk\/wp-content\/uploads\/2022\/06\/B_small-300x225.jpg 300w, https:\/\/cvipomocky.sk\/wp-content\/uploads\/2022\/06\/B_small-768x576.jpg 768w, https:\/\/cvipomocky.sk\/wp-content\/uploads\/2022\/06\/B_small-1536x1152.jpg 1536w, https:\/\/cvipomocky.sk\/wp-content\/uploads\/2022\/06\/B_small-1568x1176.jpg 1568w, https:\/\/cvipomocky.sk\/wp-content\/uploads\/2022\/06\/B_small.jpg 1600w\" sizes=\"(max-width: 1024px) 100vw, 1024px\" \/><figcaption>2.  Pod\u013ea \u0161abl\u00f3n si obkresl\u00edme tvary na farebn\u00e9 filce, vystrihneme ich a \u0161pendl\u00edkmi upevn\u00edme jednotliv\u00e9 \u010dasti, ktor\u00e9 je potrebn\u00e9 spolu zo\u0161i\u0165.<\/figcaption><\/figure>\n\n\n\n<figure class=\"wp-block-image size-large\"><img loading=\"lazy\" width=\"1024\" height=\"768\" src=\"https:\/\/cvipomocky.sk\/wp-content\/uploads\/2022\/06\/C_small-1024x768.jpg\" alt=\"\" class=\"wp-image-175\" srcset=\"https:\/\/cvipomocky.sk\/wp-content\/uploads\/2022\/06\/C_small-1024x768.jpg 1024w, https:\/\/cvipomocky.sk\/wp-content\/uploads\/2022\/06\/C_small-300x225.jpg 300w, https:\/\/cvipomocky.sk\/wp-content\/uploads\/2022\/06\/C_small-768x576.jpg 768w, https:\/\/cvipomocky.sk\/wp-content\/uploads\/2022\/06\/C_small-1536x1152.jpg 1536w, https:\/\/cvipomocky.sk\/wp-content\/uploads\/2022\/06\/C_small-1568x1176.jpg 1568w, https:\/\/cvipomocky.sk\/wp-content\/uploads\/2022\/06\/C_small.jpg 1600w\" sizes=\"(max-width: 1024px) 100vw, 1024px\" \/><figcaption>3.  Jednotliv\u00e9 \u010dasti rybky spolu zo\u0161ijeme ru\u010dne alebo strojovo.<\/figcaption><\/figure>\n\n\n\n<figure class=\"wp-block-image size-large\"><img loading=\"lazy\" width=\"1024\" height=\"768\" src=\"https:\/\/cvipomocky.sk\/wp-content\/uploads\/2022\/06\/D_small-1024x768.jpg\" alt=\"\" class=\"wp-image-178\" srcset=\"https:\/\/cvipomocky.sk\/wp-content\/uploads\/2022\/06\/D_small-1024x768.jpg 1024w, https:\/\/cvipomocky.sk\/wp-content\/uploads\/2022\/06\/D_small-300x225.jpg 300w, https:\/\/cvipomocky.sk\/wp-content\/uploads\/2022\/06\/D_small-768x576.jpg 768w, https:\/\/cvipomocky.sk\/wp-content\/uploads\/2022\/06\/D_small-1536x1152.jpg 1536w, https:\/\/cvipomocky.sk\/wp-content\/uploads\/2022\/06\/D_small-1568x1176.jpg 1568w, https:\/\/cvipomocky.sk\/wp-content\/uploads\/2022\/06\/D_small.jpg 1600w\" sizes=\"(max-width: 1024px) 100vw, 1024px\" \/><figcaption>4.  Pri zo\u0161\u00edvan\u00ed tela rybky aj chvosta nech\u00e1me nezo\u0161it\u00fd otvor ve\u013ekosti cca 3 \u2013 4 cm, pomocou ktor\u00e9ho budeme rybku plni\u0165 dut\u00fdm vl\u00e1knom. Plutvy nepln\u00edme, len ich zo\u0161ijeme a pri\u0161ijeme k samotn\u00e9mu telu rybky.<\/figcaption><\/figure>\n\n\n\n<figure class=\"wp-block-image size-large\"><img loading=\"lazy\" width=\"1024\" height=\"768\" src=\"http:\/\/cvipomocky.sk\/wp-content\/uploads\/2022\/06\/F_small-1024x768.jpg\" alt=\"\" class=\"wp-image-185\" srcset=\"https:\/\/cvipomocky.sk\/wp-content\/uploads\/2022\/06\/F_small-1024x768.jpg 1024w, https:\/\/cvipomocky.sk\/wp-content\/uploads\/2022\/06\/F_small-300x225.jpg 300w, https:\/\/cvipomocky.sk\/wp-content\/uploads\/2022\/06\/F_small-768x576.jpg 768w, https:\/\/cvipomocky.sk\/wp-content\/uploads\/2022\/06\/F_small-1536x1152.jpg 1536w, https:\/\/cvipomocky.sk\/wp-content\/uploads\/2022\/06\/F_small-1568x1176.jpg 1568w, https:\/\/cvipomocky.sk\/wp-content\/uploads\/2022\/06\/F_small.jpg 1600w\" sizes=\"(max-width: 1024px) 100vw, 1024px\" \/><figcaption>5.  Po naplnen\u00ed tela aj chvosta rybky pomocou dut\u00e9ho vl\u00e1kna chvost pri\u0161ijeme k telu ru\u010dne, pomocou ihly a nite. Chvost si pri \u0161it\u00ed m\u00f4\u017eeme prichyti\u0165 \u0161pendl\u00edkmi.<\/figcaption><\/figure>\n\n\n\n<figure class=\"wp-block-image size-large\"><img loading=\"lazy\" width=\"1024\" height=\"768\" src=\"http:\/\/cvipomocky.sk\/wp-content\/uploads\/2022\/06\/E_small-1024x768.jpg\" alt=\"\" class=\"wp-image-182\" srcset=\"https:\/\/cvipomocky.sk\/wp-content\/uploads\/2022\/06\/E_small-1024x768.jpg 1024w, https:\/\/cvipomocky.sk\/wp-content\/uploads\/2022\/06\/E_small-300x225.jpg 300w, https:\/\/cvipomocky.sk\/wp-content\/uploads\/2022\/06\/E_small-768x576.jpg 768w, https:\/\/cvipomocky.sk\/wp-content\/uploads\/2022\/06\/E_small-1536x1152.jpg 1536w, https:\/\/cvipomocky.sk\/wp-content\/uploads\/2022\/06\/E_small-1568x1176.jpg 1568w, https:\/\/cvipomocky.sk\/wp-content\/uploads\/2022\/06\/E_small.jpg 1600w\" sizes=\"(max-width: 1024px) 100vw, 1024px\" \/><figcaption>6.  Pri zo\u0161\u00edvan\u00ed jednotliv\u00fdch \u010dast\u00ed db\u00e1me o to, aby boli stehy pevn\u00e9 a pravideln\u00e9.<\/figcaption><\/figure>\n\n\n\n<figure class=\"wp-block-image size-large\"><img loading=\"lazy\" width=\"1024\" height=\"768\" src=\"http:\/\/cvipomocky.sk\/wp-content\/uploads\/2022\/05\/IMG_20220421_131554479-1024x768.jpg\" alt=\"fotografia filcov\u00fdch rybiek\" class=\"wp-image-65\" srcset=\"https:\/\/cvipomocky.sk\/wp-content\/uploads\/2022\/05\/IMG_20220421_131554479-1024x768.jpg 1024w, https:\/\/cvipomocky.sk\/wp-content\/uploads\/2022\/05\/IMG_20220421_131554479-300x225.jpg 300w, https:\/\/cvipomocky.sk\/wp-content\/uploads\/2022\/05\/IMG_20220421_131554479-768x576.jpg 768w, https:\/\/cvipomocky.sk\/wp-content\/uploads\/2022\/05\/IMG_20220421_131554479-1536x1152.jpg 1536w, https:\/\/cvipomocky.sk\/wp-content\/uploads\/2022\/05\/IMG_20220421_131554479-2048x1536.jpg 2048w, https:\/\/cvipomocky.sk\/wp-content\/uploads\/2022\/05\/IMG_20220421_131554479-1568x1176.jpg 1568w\" sizes=\"(max-width: 1024px) 100vw, 1024px\" \/><figcaption>7.  Pri tvorbe rybiek je mo\u017en\u00e9 ich farebnos\u0165 upravi\u0165 pod\u013ea preferenci\u00ed dan\u00e9ho die\u0165a\u0165a.<\/figcaption><\/figure>\n\n\n\n<p>Tento postup je vo ve\u013ekej miere univerz\u00e1lny aj pre ostatn\u00e9 filcov\u00e9 pom\u00f4cky, ktor\u00e9 s\u00fa dostupn\u00e9 na tejto webovej str\u00e1nke. Na z\u00e1klade tak\u00e9hoto postupu dok\u00e1\u017eete u\u0161i\u0165, \u010di u\u017e ru\u010dne, alebo strojovo, filcov\u00e9 zvieratk\u00e1, abecedu, \u010d\u00edsla, ako aj pr\u00edrodn\u00e9 tvary.<\/p>\n","protected":false},"excerpt":{"rendered":"<p>Pre tvorcov-za\u010diato\u010dn\u00edkov je pri pr\u00edprave filcov\u00fdch pom\u00f4cok vhodn\u00e9 za\u010da\u0165 jednoduch\u00fdmi tvarmi aj postupmi. Preto sme pripravili fotografick\u00fd postup pre vyhotovenie farebn\u00fdch rybiek z filcu, ktor\u00fd posl\u00fa\u017ei aj pri tvorbe \u010fal\u0161\u00edch filcov\u00fdch pom\u00f4cok na tejto webstr\u00e1nke. Filcov\u00e9 rybky posl\u00fa\u017eia ako hra\u010dky pre deti s CVI pri stimul\u00e1cii zraku, ale aj pri rozvoji ich taktiln\u00fdch a motorick\u00fdch&hellip; <a class=\"more-link\" href=\"https:\/\/cvipomocky.sk\/?page_id=94\">Pokra\u010dova\u0165 v \u010d\u00edtan\u00ed <span class=\"screen-reader-text\">Filcov\u00e9 rybky<\/span><\/a><\/p>\n","protected":false},"author":1,"featured_media":0,"parent":132,"menu_order":2,"comment_status":"closed","ping_status":"closed","template":"","meta":{"_monsterinsights_skip_tracking":false,"_monsterinsights_sitenote_active":false,"_monsterinsights_sitenote_note":"","_monsterinsights_sitenote_category":0},"yoast_head":"<!-- This site is optimized with the Yoast SEO plugin v19.0 - https:\/\/yoast.com\/wordpress\/plugins\/seo\/ -->\n<title>Filcov\u00e9 rybky - cvipomocky.sk<\/title>\n<meta name=\"description\" content=\"Fotografick\u00fd n\u00e1vod na tvorbu ru\u010dne alebo strojovo \u0161it\u00fdch filcov\u00fdch rybiek. Obsahuje aj \u0161abl\u00f3ny vo form\u00e1te PDF na stiahnutie.\" \/>\n<meta name=\"robots\" content=\"index, follow, max-snippet:-1, max-image-preview:large, max-video-preview:-1\" \/>\n<link rel=\"canonical\" href=\"https:\/\/cvipomocky.sk\/?page_id=94\" \/>\n<meta property=\"og:locale\" content=\"sk_SK\" \/>\n<meta property=\"og:type\" content=\"article\" \/>\n<meta property=\"og:title\" content=\"Filcov\u00e9 rybky - cvipomocky.sk\" \/>\n<meta property=\"og:description\" content=\"Fotografick\u00fd n\u00e1vod na tvorbu ru\u010dne alebo strojovo \u0161it\u00fdch filcov\u00fdch rybiek. Obsahuje aj \u0161abl\u00f3ny vo form\u00e1te PDF na stiahnutie.\" \/>\n<meta property=\"og:url\" content=\"https:\/\/cvipomocky.sk\/?page_id=94\" \/>\n<meta property=\"og:site_name\" content=\"cvipomocky.sk\" \/>\n<meta property=\"article:modified_time\" content=\"2022-06-12T12:23:25+00:00\" \/>\n<meta property=\"og:image\" content=\"http:\/\/cvipomocky.sk\/wp-content\/uploads\/2022\/06\/03-1024x768.jpg\" \/>\n<meta name=\"twitter:card\" content=\"summary_large_image\" \/>\n<meta name=\"twitter:label1\" content=\"Predpokladan\u00fd \u010das \u010d\u00edtania\" \/>\n\t<meta name=\"twitter:data1\" content=\"4 min\u00faty\" \/>\n<script type=\"application\/ld+json\" class=\"yoast-schema-graph\">{\"@context\":\"https:\/\/schema.org\",\"@graph\":[{\"@type\":[\"Person\",\"Organization\"],\"@id\":\"https:\/\/cvipomocky.sk\/#\/schema\/person\/6764def79ff29fc2ea07657bb110ef9b\",\"name\":\"evarak\",\"image\":{\"@type\":\"ImageObject\",\"inLanguage\":\"sk-SK\",\"@id\":\"https:\/\/cvipomocky.sk\/#\/schema\/person\/image\/\",\"url\":\"https:\/\/cvipomocky.sk\/wp-content\/uploads\/2022\/06\/hrasok_01.jpg\",\"contentUrl\":\"https:\/\/cvipomocky.sk\/wp-content\/uploads\/2022\/06\/hrasok_01.jpg\",\"width\":1600,\"height\":1200,\"caption\":\"evarak\"},\"logo\":{\"@id\":\"https:\/\/cvipomocky.sk\/#\/schema\/person\/image\/\"},\"sameAs\":[\"http:\/\/cvipomocky.sk\"]},{\"@type\":\"WebSite\",\"@id\":\"https:\/\/cvipomocky.sk\/#website\",\"url\":\"https:\/\/cvipomocky.sk\/\",\"name\":\"cvipomocky.sk\",\"description\":\"pom\u00f4cky pre deti s CVI\",\"publisher\":{\"@id\":\"https:\/\/cvipomocky.sk\/#\/schema\/person\/6764def79ff29fc2ea07657bb110ef9b\"},\"potentialAction\":[{\"@type\":\"SearchAction\",\"target\":{\"@type\":\"EntryPoint\",\"urlTemplate\":\"https:\/\/cvipomocky.sk\/?s={search_term_string}\"},\"query-input\":\"required name=search_term_string\"}],\"inLanguage\":\"sk-SK\"},{\"@type\":\"ImageObject\",\"inLanguage\":\"sk-SK\",\"@id\":\"https:\/\/cvipomocky.sk\/?page_id=94#primaryimage\",\"url\":\"https:\/\/cvipomocky.sk\/wp-content\/uploads\/2022\/06\/03.jpg\",\"contentUrl\":\"https:\/\/cvipomocky.sk\/wp-content\/uploads\/2022\/06\/03.jpg\",\"width\":1600,\"height\":1200},{\"@type\":\"WebPage\",\"@id\":\"https:\/\/cvipomocky.sk\/?page_id=94#webpage\",\"url\":\"https:\/\/cvipomocky.sk\/?page_id=94\",\"name\":\"Filcov\u00e9 rybky - cvipomocky.sk\",\"isPartOf\":{\"@id\":\"https:\/\/cvipomocky.sk\/#website\"},\"primaryImageOfPage\":{\"@id\":\"https:\/\/cvipomocky.sk\/?page_id=94#primaryimage\"},\"datePublished\":\"2022-05-05T20:12:01+00:00\",\"dateModified\":\"2022-06-12T12:23:25+00:00\",\"description\":\"Fotografick\u00fd n\u00e1vod na tvorbu ru\u010dne alebo strojovo \u0161it\u00fdch filcov\u00fdch rybiek. Obsahuje aj \u0161abl\u00f3ny vo form\u00e1te PDF na stiahnutie.\",\"breadcrumb\":{\"@id\":\"https:\/\/cvipomocky.sk\/?page_id=94#breadcrumb\"},\"inLanguage\":\"sk-SK\",\"potentialAction\":[{\"@type\":\"ReadAction\",\"target\":[\"https:\/\/cvipomocky.sk\/?page_id=94\"]}]},{\"@type\":\"BreadcrumbList\",\"@id\":\"https:\/\/cvipomocky.sk\/?page_id=94#breadcrumb\",\"itemListElement\":[{\"@type\":\"ListItem\",\"position\":1,\"name\":\"Home\",\"item\":\"https:\/\/cvipomocky.sk\/\"},{\"@type\":\"ListItem\",\"position\":2,\"name\":\"Tvorba pom\u00f4cok\",\"item\":\"https:\/\/cvipomocky.sk\/?page_id=132\"},{\"@type\":\"ListItem\",\"position\":3,\"name\":\"Filcov\u00e9 rybky\"}]}]}<\/script>\n<!-- \/ Yoast SEO plugin. -->","yoast_head_json":{"title":"Filcov\u00e9 rybky - cvipomocky.sk","description":"Fotografick\u00fd n\u00e1vod na tvorbu ru\u010dne alebo strojovo \u0161it\u00fdch filcov\u00fdch rybiek. Obsahuje aj \u0161abl\u00f3ny vo form\u00e1te PDF na stiahnutie.","robots":{"index":"index","follow":"follow","max-snippet":"max-snippet:-1","max-image-preview":"max-image-preview:large","max-video-preview":"max-video-preview:-1"},"canonical":"https:\/\/cvipomocky.sk\/?page_id=94","og_locale":"sk_SK","og_type":"article","og_title":"Filcov\u00e9 rybky - cvipomocky.sk","og_description":"Fotografick\u00fd n\u00e1vod na tvorbu ru\u010dne alebo strojovo \u0161it\u00fdch filcov\u00fdch rybiek. Obsahuje aj \u0161abl\u00f3ny vo form\u00e1te PDF na stiahnutie.","og_url":"https:\/\/cvipomocky.sk\/?page_id=94","og_site_name":"cvipomocky.sk","article_modified_time":"2022-06-12T12:23:25+00:00","og_image":[{"url":"http:\/\/cvipomocky.sk\/wp-content\/uploads\/2022\/06\/03-1024x768.jpg"}],"twitter_card":"summary_large_image","twitter_misc":{"Predpokladan\u00fd \u010das \u010d\u00edtania":"4 min\u00faty"},"schema":{"@context":"https:\/\/schema.org","@graph":[{"@type":["Person","Organization"],"@id":"https:\/\/cvipomocky.sk\/#\/schema\/person\/6764def79ff29fc2ea07657bb110ef9b","name":"evarak","image":{"@type":"ImageObject","inLanguage":"sk-SK","@id":"https:\/\/cvipomocky.sk\/#\/schema\/person\/image\/","url":"https:\/\/cvipomocky.sk\/wp-content\/uploads\/2022\/06\/hrasok_01.jpg","contentUrl":"https:\/\/cvipomocky.sk\/wp-content\/uploads\/2022\/06\/hrasok_01.jpg","width":1600,"height":1200,"caption":"evarak"},"logo":{"@id":"https:\/\/cvipomocky.sk\/#\/schema\/person\/image\/"},"sameAs":["http:\/\/cvipomocky.sk"]},{"@type":"WebSite","@id":"https:\/\/cvipomocky.sk\/#website","url":"https:\/\/cvipomocky.sk\/","name":"cvipomocky.sk","description":"pom\u00f4cky pre deti s CVI","publisher":{"@id":"https:\/\/cvipomocky.sk\/#\/schema\/person\/6764def79ff29fc2ea07657bb110ef9b"},"potentialAction":[{"@type":"SearchAction","target":{"@type":"EntryPoint","urlTemplate":"https:\/\/cvipomocky.sk\/?s={search_term_string}"},"query-input":"required name=search_term_string"}],"inLanguage":"sk-SK"},{"@type":"ImageObject","inLanguage":"sk-SK","@id":"https:\/\/cvipomocky.sk\/?page_id=94#primaryimage","url":"https:\/\/cvipomocky.sk\/wp-content\/uploads\/2022\/06\/03.jpg","contentUrl":"https:\/\/cvipomocky.sk\/wp-content\/uploads\/2022\/06\/03.jpg","width":1600,"height":1200},{"@type":"WebPage","@id":"https:\/\/cvipomocky.sk\/?page_id=94#webpage","url":"https:\/\/cvipomocky.sk\/?page_id=94","name":"Filcov\u00e9 rybky - cvipomocky.sk","isPartOf":{"@id":"https:\/\/cvipomocky.sk\/#website"},"primaryImageOfPage":{"@id":"https:\/\/cvipomocky.sk\/?page_id=94#primaryimage"},"datePublished":"2022-05-05T20:12:01+00:00","dateModified":"2022-06-12T12:23:25+00:00","description":"Fotografick\u00fd n\u00e1vod na tvorbu ru\u010dne alebo strojovo \u0161it\u00fdch filcov\u00fdch rybiek. Obsahuje aj \u0161abl\u00f3ny vo form\u00e1te PDF na stiahnutie.","breadcrumb":{"@id":"https:\/\/cvipomocky.sk\/?page_id=94#breadcrumb"},"inLanguage":"sk-SK","potentialAction":[{"@type":"ReadAction","target":["https:\/\/cvipomocky.sk\/?page_id=94"]}]},{"@type":"BreadcrumbList","@id":"https:\/\/cvipomocky.sk\/?page_id=94#breadcrumb","itemListElement":[{"@type":"ListItem","position":1,"name":"Home","item":"https:\/\/cvipomocky.sk\/"},{"@type":"ListItem","position":2,"name":"Tvorba pom\u00f4cok","item":"https:\/\/cvipomocky.sk\/?page_id=132"},{"@type":"ListItem","position":3,"name":"Filcov\u00e9 rybky"}]}]}},"_links":{"self":[{"href":"https:\/\/cvipomocky.sk\/index.php?rest_route=\/wp\/v2\/pages\/94"}],"collection":[{"href":"https:\/\/cvipomocky.sk\/index.php?rest_route=\/wp\/v2\/pages"}],"about":[{"href":"https:\/\/cvipomocky.sk\/index.php?rest_route=\/wp\/v2\/types\/page"}],"author":[{"embeddable":true,"href":"https:\/\/cvipomocky.sk\/index.php?rest_route=\/wp\/v2\/users\/1"}],"replies":[{"embeddable":true,"href":"https:\/\/cvipomocky.sk\/index.php?rest_route=%2Fwp%2Fv2%2Fcomments&post=94"}],"version-history":[{"count":6,"href":"https:\/\/cvipomocky.sk\/index.php?rest_route=\/wp\/v2\/pages\/94\/revisions"}],"predecessor-version":[{"id":309,"href":"https:\/\/cvipomocky.sk\/index.php?rest_route=\/wp\/v2\/pages\/94\/revisions\/309"}],"up":[{"embeddable":true,"href":"https:\/\/cvipomocky.sk\/index.php?rest_route=\/wp\/v2\/pages\/132"}],"wp:attachment":[{"href":"https:\/\/cvipomocky.sk\/index.php?rest_route=%2Fwp%2Fv2%2Fmedia&parent=94"}],"curies":[{"name":"wp","href":"https:\/\/api.w.org\/{rel}","templated":true}]}}