{"id":95,"date":"2022-05-05T22:12:01","date_gmt":"2022-05-05T20:12:01","guid":{"rendered":"https:\/\/cvipomocky.sk\/?page_id=95"},"modified":"2022-06-12T14:23:47","modified_gmt":"2022-06-12T12:23:47","slug":"filcova-abeceda-a-cisla","status":"publish","type":"page","link":"https:\/\/cvipomocky.sk\/?page_id=95","title":{"rendered":"Filcov\u00e1 abeceda a \u010d\u00edsla"},"content":{"rendered":"<div class=\"yoast-breadcrumbs\"><span><span><a href=\"https:\/\/cvipomocky.sk\/\">Home<\/a> &raquo; <span><a href=\"https:\/\/cvipomocky.sk\/?page_id=132\">Tvorba pom\u00f4cok<\/a> &raquo; <span class=\"breadcrumb_last\" aria-current=\"page\">Filcov\u00e1 abeceda a \u010d\u00edsla<\/span><\/span><\/span><\/span><\/div>\n\n\n<figure class=\"wp-block-image alignwide size-large\"><img loading=\"lazy\" width=\"1024\" height=\"768\" src=\"http:\/\/cvipomocky.sk\/wp-content\/uploads\/2022\/06\/abeceda_01-1024x768.jpg\" alt=\"\" class=\"wp-image-346\" srcset=\"https:\/\/cvipomocky.sk\/wp-content\/uploads\/2022\/06\/abeceda_01-1024x768.jpg 1024w, https:\/\/cvipomocky.sk\/wp-content\/uploads\/2022\/06\/abeceda_01-300x225.jpg 300w, https:\/\/cvipomocky.sk\/wp-content\/uploads\/2022\/06\/abeceda_01-768x576.jpg 768w, https:\/\/cvipomocky.sk\/wp-content\/uploads\/2022\/06\/abeceda_01-1536x1152.jpg 1536w, https:\/\/cvipomocky.sk\/wp-content\/uploads\/2022\/06\/abeceda_01-1568x1176.jpg 1568w, https:\/\/cvipomocky.sk\/wp-content\/uploads\/2022\/06\/abeceda_01.jpg 1920w\" sizes=\"(max-width: 1024px) 100vw, 1024px\" \/><\/figure>\n\n\n\n<p>Pre jednoduch\u0161ie obozn\u00e1menie sa die\u0165a\u0165a s CVI bola vytvoren\u00e1 aj <strong>trojrozmern\u00e1 abeceda<\/strong> (ve\u013ek\u00e9 p\u00edsmen\u00e1) a <strong>\u010d\u00edslice.<\/strong> S\u00fa op\u00e4\u0165 u\u0161it\u00e9 z farebn\u00fdch filcov a vyplnen\u00e9 dut\u00fdm vl\u00e1knom. Ve\u013ekos\u0165 jednotliv\u00fdch p\u00edsmen bola zvolen\u00e1 tak, aby z jedn\u00e9ho farebn\u00e9ho filcu form\u00e1tu A4 bolo mo\u017en\u00e9 u\u0161i\u0165 jedno alebo dve p\u00edsmenk\u00e1, pri\u010dom je ich ve\u013ekos\u0165 dostato\u010dn\u00e1 a primeran\u00e1 rozmerom detskej r\u00fa\u010dky. <\/p>\n\n\n\n<p>Pre \u0161abl\u00f3ny bola zvolen\u00e1 rodina p\u00edsma <strong><a href=\"https:\/\/fonts.google.com\/specimen\/Nunito\" target=\"_blank\" rel=\"noreferrer noopener\">Nunito<\/a><\/strong> a rez <strong>Black.<\/strong> V pr\u00edpade potreby je mo\u017en\u00e9 vytvori\u0165 si pomocou tohto p\u00edsma aj \u0161abl\u00f3ny pre mal\u00e9 p\u00edsmen\u00e1 abecedy \u010di \u010fal\u0161ie znaky.<\/p>\n\n\n\n<p>Na v\u00fdrobu filcovej abecedy a \u010d\u00edsel budeme potrebova\u0165:<\/p>\n\n\n\n<ul><li>m\u00e4kk\u00e9 farebn\u00e9 filce form\u00e1tu A4, hr\u00fabka pribli\u017ene 1 mm<\/li><li>farebn\u00e9 nite<\/li><li>dut\u00e9 vl\u00e1kno<\/li><li>ihlica ako pom\u00f4cka pri plnen\u00ed tvarov dut\u00fdm vl\u00e1knom<\/li><li>kraj\u010d\u00edrska krieda na ozna\u010denie strihu<\/li><li>ihly alebo \u0161ijac\u00ed stroj<\/li><li>no\u017enice<\/li><li>\u0161abl\u00f3ny abecedy a \u010d\u00edsel<\/li><\/ul>\n\n\n\n<div class=\"wp-block-file\"><a id=\"wp-block-file--media-b877b309-41a0-41ff-a4e1-89bf8b717609\" href=\"https:\/\/cvipomocky.sk\/wp-content\/uploads\/2022\/06\/Filcova_abeceda_cisla_sablona.pdf\" target=\"_blank\" rel=\"noreferrer noopener\">Filcova_abeceda_cisla_sablona<\/a><a href=\"https:\/\/cvipomocky.sk\/wp-content\/uploads\/2022\/06\/Filcova_abeceda_cisla_sablona.pdf\" class=\"wp-block-file__button\" download aria-describedby=\"wp-block-file--media-b877b309-41a0-41ff-a4e1-89bf8b717609\">Stiahnu\u0165<\/a><\/div>\n\n\n\n<p><strong>Postup:<\/strong><\/p>\n\n\n\n<p>Tvorba t\u00fdchto pom\u00f4cok je ve\u013emi jednoduch\u00e1. Po vystrihnut\u00ed dan\u00e9ho tvaru (predn\u00e1 aj zadn\u00e1 \u010das\u0165) sa tvar po obvode zo\u0161ije, pri\u010dom vynech\u00e1me dvoj- a\u017e trojcentimetrov\u00fd otvor na naplnenie dut\u00fdm vl\u00e1knom. Po naplnen\u00ed tvaru otvor za\u0161ijeme ru\u010dne alebo strojovo. Farebnos\u0165 p\u00edsmen alebo \u010d\u00edslic m\u00f4\u017eeme zmeni\u0165 v z\u00e1vislosti od preferovanej farby\/farieb die\u0165a\u0165a s CVI. <\/p>\n\n\n\n<figure class=\"wp-block-video alignwide\"><video controls loop muted src=\"https:\/\/cvipomocky.sk\/wp-content\/uploads\/2022\/06\/VID_20200423_023352-1.mp4\"><\/video><\/figure>\n\n\n\n<p><\/p>\n","protected":false},"excerpt":{"rendered":"<p>Pre jednoduch\u0161ie obozn\u00e1menie sa die\u0165a\u0165a s CVI bola vytvoren\u00e1 aj trojrozmern\u00e1 abeceda (ve\u013ek\u00e9 p\u00edsmen\u00e1) a \u010d\u00edslice. S\u00fa op\u00e4\u0165 u\u0161it\u00e9 z farebn\u00fdch filcov a vyplnen\u00e9 dut\u00fdm vl\u00e1knom. Ve\u013ekos\u0165 jednotliv\u00fdch p\u00edsmen bola zvolen\u00e1 tak, aby z jedn\u00e9ho farebn\u00e9ho filcu form\u00e1tu A4 bolo mo\u017en\u00e9 u\u0161i\u0165 jedno alebo dve p\u00edsmenk\u00e1, pri\u010dom je ich ve\u013ekos\u0165 dostato\u010dn\u00e1 a primeran\u00e1 rozmerom detskej&hellip; <a class=\"more-link\" href=\"https:\/\/cvipomocky.sk\/?page_id=95\">Pokra\u010dova\u0165 v \u010d\u00edtan\u00ed <span class=\"screen-reader-text\">Filcov\u00e1 abeceda a \u010d\u00edsla<\/span><\/a><\/p>\n","protected":false},"author":1,"featured_media":0,"parent":132,"menu_order":5,"comment_status":"closed","ping_status":"closed","template":"","meta":{"_monsterinsights_skip_tracking":false,"_monsterinsights_sitenote_active":false,"_monsterinsights_sitenote_note":"","_monsterinsights_sitenote_category":0},"yoast_head":"<!-- This site is optimized with the Yoast SEO plugin v19.0 - https:\/\/yoast.com\/wordpress\/plugins\/seo\/ -->\n<title>Filcov\u00e1 abeceda a \u010d\u00edsla - cvipomocky.sk<\/title>\n<meta name=\"robots\" content=\"index, follow, max-snippet:-1, max-image-preview:large, max-video-preview:-1\" \/>\n<link rel=\"canonical\" href=\"https:\/\/cvipomocky.sk\/?page_id=95\" \/>\n<meta property=\"og:locale\" content=\"sk_SK\" \/>\n<meta property=\"og:type\" content=\"article\" \/>\n<meta property=\"og:title\" content=\"Filcov\u00e1 abeceda a \u010d\u00edsla - cvipomocky.sk\" \/>\n<meta property=\"og:description\" content=\"Pre jednoduch\u0161ie obozn\u00e1menie sa die\u0165a\u0165a s CVI bola vytvoren\u00e1 aj trojrozmern\u00e1 abeceda (ve\u013ek\u00e9 p\u00edsmen\u00e1) a \u010d\u00edslice. S\u00fa op\u00e4\u0165 u\u0161it\u00e9 z farebn\u00fdch filcov a vyplnen\u00e9 dut\u00fdm vl\u00e1knom. Ve\u013ekos\u0165 jednotliv\u00fdch p\u00edsmen bola zvolen\u00e1 tak, aby z jedn\u00e9ho farebn\u00e9ho filcu form\u00e1tu A4 bolo mo\u017en\u00e9 u\u0161i\u0165 jedno alebo dve p\u00edsmenk\u00e1, pri\u010dom je ich ve\u013ekos\u0165 dostato\u010dn\u00e1 a primeran\u00e1 rozmerom detskej&hellip; Pokra\u010dova\u0165 v \u010d\u00edtan\u00ed Filcov\u00e1 abeceda a \u010d\u00edsla\" \/>\n<meta property=\"og:url\" content=\"https:\/\/cvipomocky.sk\/?page_id=95\" \/>\n<meta property=\"og:site_name\" content=\"cvipomocky.sk\" \/>\n<meta property=\"article:modified_time\" content=\"2022-06-12T12:23:47+00:00\" \/>\n<meta property=\"og:image\" content=\"http:\/\/cvipomocky.sk\/wp-content\/uploads\/2022\/06\/abeceda_01-1024x768.jpg\" \/>\n<meta name=\"twitter:card\" content=\"summary_large_image\" \/>\n<meta name=\"twitter:label1\" content=\"Predpokladan\u00fd \u010das \u010d\u00edtania\" \/>\n\t<meta name=\"twitter:data1\" content=\"2 min\u00faty\" \/>\n<script type=\"application\/ld+json\" class=\"yoast-schema-graph\">{\"@context\":\"https:\/\/schema.org\",\"@graph\":[{\"@type\":[\"Person\",\"Organization\"],\"@id\":\"https:\/\/cvipomocky.sk\/#\/schema\/person\/6764def79ff29fc2ea07657bb110ef9b\",\"name\":\"evarak\",\"image\":{\"@type\":\"ImageObject\",\"inLanguage\":\"sk-SK\",\"@id\":\"https:\/\/cvipomocky.sk\/#\/schema\/person\/image\/\",\"url\":\"https:\/\/cvipomocky.sk\/wp-content\/uploads\/2022\/06\/hrasok_01.jpg\",\"contentUrl\":\"https:\/\/cvipomocky.sk\/wp-content\/uploads\/2022\/06\/hrasok_01.jpg\",\"width\":1600,\"height\":1200,\"caption\":\"evarak\"},\"logo\":{\"@id\":\"https:\/\/cvipomocky.sk\/#\/schema\/person\/image\/\"},\"sameAs\":[\"http:\/\/cvipomocky.sk\"]},{\"@type\":\"WebSite\",\"@id\":\"https:\/\/cvipomocky.sk\/#website\",\"url\":\"https:\/\/cvipomocky.sk\/\",\"name\":\"cvipomocky.sk\",\"description\":\"pom\u00f4cky pre deti s CVI\",\"publisher\":{\"@id\":\"https:\/\/cvipomocky.sk\/#\/schema\/person\/6764def79ff29fc2ea07657bb110ef9b\"},\"potentialAction\":[{\"@type\":\"SearchAction\",\"target\":{\"@type\":\"EntryPoint\",\"urlTemplate\":\"https:\/\/cvipomocky.sk\/?s={search_term_string}\"},\"query-input\":\"required name=search_term_string\"}],\"inLanguage\":\"sk-SK\"},{\"@type\":\"ImageObject\",\"inLanguage\":\"sk-SK\",\"@id\":\"https:\/\/cvipomocky.sk\/?page_id=95#primaryimage\",\"url\":\"https:\/\/cvipomocky.sk\/wp-content\/uploads\/2022\/06\/abeceda_01.jpg\",\"contentUrl\":\"https:\/\/cvipomocky.sk\/wp-content\/uploads\/2022\/06\/abeceda_01.jpg\",\"width\":1920,\"height\":1440},{\"@type\":\"WebPage\",\"@id\":\"https:\/\/cvipomocky.sk\/?page_id=95#webpage\",\"url\":\"https:\/\/cvipomocky.sk\/?page_id=95\",\"name\":\"Filcov\u00e1 abeceda a \u010d\u00edsla - cvipomocky.sk\",\"isPartOf\":{\"@id\":\"https:\/\/cvipomocky.sk\/#website\"},\"primaryImageOfPage\":{\"@id\":\"https:\/\/cvipomocky.sk\/?page_id=95#primaryimage\"},\"datePublished\":\"2022-05-05T20:12:01+00:00\",\"dateModified\":\"2022-06-12T12:23:47+00:00\",\"breadcrumb\":{\"@id\":\"https:\/\/cvipomocky.sk\/?page_id=95#breadcrumb\"},\"inLanguage\":\"sk-SK\",\"potentialAction\":[{\"@type\":\"ReadAction\",\"target\":[\"https:\/\/cvipomocky.sk\/?page_id=95\"]}]},{\"@type\":\"BreadcrumbList\",\"@id\":\"https:\/\/cvipomocky.sk\/?page_id=95#breadcrumb\",\"itemListElement\":[{\"@type\":\"ListItem\",\"position\":1,\"name\":\"Home\",\"item\":\"https:\/\/cvipomocky.sk\/\"},{\"@type\":\"ListItem\",\"position\":2,\"name\":\"Tvorba pom\u00f4cok\",\"item\":\"https:\/\/cvipomocky.sk\/?page_id=132\"},{\"@type\":\"ListItem\",\"position\":3,\"name\":\"Filcov\u00e1 abeceda a \u010d\u00edsla\"}]}]}<\/script>\n<!-- \/ Yoast SEO plugin. -->","yoast_head_json":{"title":"Filcov\u00e1 abeceda a \u010d\u00edsla - cvipomocky.sk","robots":{"index":"index","follow":"follow","max-snippet":"max-snippet:-1","max-image-preview":"max-image-preview:large","max-video-preview":"max-video-preview:-1"},"canonical":"https:\/\/cvipomocky.sk\/?page_id=95","og_locale":"sk_SK","og_type":"article","og_title":"Filcov\u00e1 abeceda a \u010d\u00edsla - cvipomocky.sk","og_description":"Pre jednoduch\u0161ie obozn\u00e1menie sa die\u0165a\u0165a s CVI bola vytvoren\u00e1 aj trojrozmern\u00e1 abeceda (ve\u013ek\u00e9 p\u00edsmen\u00e1) a \u010d\u00edslice. S\u00fa op\u00e4\u0165 u\u0161it\u00e9 z farebn\u00fdch filcov a vyplnen\u00e9 dut\u00fdm vl\u00e1knom. Ve\u013ekos\u0165 jednotliv\u00fdch p\u00edsmen bola zvolen\u00e1 tak, aby z jedn\u00e9ho farebn\u00e9ho filcu form\u00e1tu A4 bolo mo\u017en\u00e9 u\u0161i\u0165 jedno alebo dve p\u00edsmenk\u00e1, pri\u010dom je ich ve\u013ekos\u0165 dostato\u010dn\u00e1 a primeran\u00e1 rozmerom detskej&hellip; Pokra\u010dova\u0165 v \u010d\u00edtan\u00ed Filcov\u00e1 abeceda a \u010d\u00edsla","og_url":"https:\/\/cvipomocky.sk\/?page_id=95","og_site_name":"cvipomocky.sk","article_modified_time":"2022-06-12T12:23:47+00:00","og_image":[{"url":"http:\/\/cvipomocky.sk\/wp-content\/uploads\/2022\/06\/abeceda_01-1024x768.jpg"}],"twitter_card":"summary_large_image","twitter_misc":{"Predpokladan\u00fd \u010das \u010d\u00edtania":"2 min\u00faty"},"schema":{"@context":"https:\/\/schema.org","@graph":[{"@type":["Person","Organization"],"@id":"https:\/\/cvipomocky.sk\/#\/schema\/person\/6764def79ff29fc2ea07657bb110ef9b","name":"evarak","image":{"@type":"ImageObject","inLanguage":"sk-SK","@id":"https:\/\/cvipomocky.sk\/#\/schema\/person\/image\/","url":"https:\/\/cvipomocky.sk\/wp-content\/uploads\/2022\/06\/hrasok_01.jpg","contentUrl":"https:\/\/cvipomocky.sk\/wp-content\/uploads\/2022\/06\/hrasok_01.jpg","width":1600,"height":1200,"caption":"evarak"},"logo":{"@id":"https:\/\/cvipomocky.sk\/#\/schema\/person\/image\/"},"sameAs":["http:\/\/cvipomocky.sk"]},{"@type":"WebSite","@id":"https:\/\/cvipomocky.sk\/#website","url":"https:\/\/cvipomocky.sk\/","name":"cvipomocky.sk","description":"pom\u00f4cky pre deti s CVI","publisher":{"@id":"https:\/\/cvipomocky.sk\/#\/schema\/person\/6764def79ff29fc2ea07657bb110ef9b"},"potentialAction":[{"@type":"SearchAction","target":{"@type":"EntryPoint","urlTemplate":"https:\/\/cvipomocky.sk\/?s={search_term_string}"},"query-input":"required name=search_term_string"}],"inLanguage":"sk-SK"},{"@type":"ImageObject","inLanguage":"sk-SK","@id":"https:\/\/cvipomocky.sk\/?page_id=95#primaryimage","url":"https:\/\/cvipomocky.sk\/wp-content\/uploads\/2022\/06\/abeceda_01.jpg","contentUrl":"https:\/\/cvipomocky.sk\/wp-content\/uploads\/2022\/06\/abeceda_01.jpg","width":1920,"height":1440},{"@type":"WebPage","@id":"https:\/\/cvipomocky.sk\/?page_id=95#webpage","url":"https:\/\/cvipomocky.sk\/?page_id=95","name":"Filcov\u00e1 abeceda a \u010d\u00edsla - cvipomocky.sk","isPartOf":{"@id":"https:\/\/cvipomocky.sk\/#website"},"primaryImageOfPage":{"@id":"https:\/\/cvipomocky.sk\/?page_id=95#primaryimage"},"datePublished":"2022-05-05T20:12:01+00:00","dateModified":"2022-06-12T12:23:47+00:00","breadcrumb":{"@id":"https:\/\/cvipomocky.sk\/?page_id=95#breadcrumb"},"inLanguage":"sk-SK","potentialAction":[{"@type":"ReadAction","target":["https:\/\/cvipomocky.sk\/?page_id=95"]}]},{"@type":"BreadcrumbList","@id":"https:\/\/cvipomocky.sk\/?page_id=95#breadcrumb","itemListElement":[{"@type":"ListItem","position":1,"name":"Home","item":"https:\/\/cvipomocky.sk\/"},{"@type":"ListItem","position":2,"name":"Tvorba pom\u00f4cok","item":"https:\/\/cvipomocky.sk\/?page_id=132"},{"@type":"ListItem","position":3,"name":"Filcov\u00e1 abeceda a \u010d\u00edsla"}]}]}},"_links":{"self":[{"href":"https:\/\/cvipomocky.sk\/index.php?rest_route=\/wp\/v2\/pages\/95"}],"collection":[{"href":"https:\/\/cvipomocky.sk\/index.php?rest_route=\/wp\/v2\/pages"}],"about":[{"href":"https:\/\/cvipomocky.sk\/index.php?rest_route=\/wp\/v2\/types\/page"}],"author":[{"embeddable":true,"href":"https:\/\/cvipomocky.sk\/index.php?rest_route=\/wp\/v2\/users\/1"}],"replies":[{"embeddable":true,"href":"https:\/\/cvipomocky.sk\/index.php?rest_route=%2Fwp%2Fv2%2Fcomments&post=95"}],"version-history":[{"count":6,"href":"https:\/\/cvipomocky.sk\/index.php?rest_route=\/wp\/v2\/pages\/95\/revisions"}],"predecessor-version":[{"id":429,"href":"https:\/\/cvipomocky.sk\/index.php?rest_route=\/wp\/v2\/pages\/95\/revisions\/429"}],"up":[{"embeddable":true,"href":"https:\/\/cvipomocky.sk\/index.php?rest_route=\/wp\/v2\/pages\/132"}],"wp:attachment":[{"href":"https:\/\/cvipomocky.sk\/index.php?rest_route=%2Fwp%2Fv2%2Fmedia&parent=95"}],"curies":[{"name":"wp","href":"https:\/\/api.w.org\/{rel}","templated":true}]}}