{"id":96,"date":"2022-05-05T22:12:01","date_gmt":"2022-05-05T20:12:01","guid":{"rendered":"https:\/\/cvipomocky.sk\/?page_id=96"},"modified":"2022-06-12T14:23:32","modified_gmt":"2022-06-12T12:23:32","slug":"filcove-zvieratka","status":"publish","type":"page","link":"https:\/\/cvipomocky.sk\/?page_id=96","title":{"rendered":"Filcov\u00e9 zvieratk\u00e1"},"content":{"rendered":"<div class=\"yoast-breadcrumbs\"><span><span><a href=\"https:\/\/cvipomocky.sk\/\">Home<\/a> &raquo; <span><a href=\"https:\/\/cvipomocky.sk\/?page_id=132\">Tvorba pom\u00f4cok<\/a> &raquo; <span class=\"breadcrumb_last\" aria-current=\"page\">Filcov\u00e9 zvieratk\u00e1<\/span><\/span><\/span><\/span><\/div>\n\n\n<figure class=\"wp-block-image alignwide size-large\"><img loading=\"lazy\" width=\"1024\" height=\"768\" src=\"http:\/\/cvipomocky.sk\/wp-content\/uploads\/2022\/06\/zvieratka_spolu-1024x768.jpg\" alt=\"\" class=\"wp-image-321\" srcset=\"https:\/\/cvipomocky.sk\/wp-content\/uploads\/2022\/06\/zvieratka_spolu-1024x768.jpg 1024w, https:\/\/cvipomocky.sk\/wp-content\/uploads\/2022\/06\/zvieratka_spolu-300x225.jpg 300w, https:\/\/cvipomocky.sk\/wp-content\/uploads\/2022\/06\/zvieratka_spolu-768x576.jpg 768w, https:\/\/cvipomocky.sk\/wp-content\/uploads\/2022\/06\/zvieratka_spolu-1536x1152.jpg 1536w, https:\/\/cvipomocky.sk\/wp-content\/uploads\/2022\/06\/zvieratka_spolu-1568x1176.jpg 1568w, https:\/\/cvipomocky.sk\/wp-content\/uploads\/2022\/06\/zvieratka_spolu.jpg 1920w\" sizes=\"(max-width: 1024px) 100vw, 1024px\" \/><\/figure>\n\n\n\n<figure class=\"wp-block-gallery has-nested-images columns-default is-cropped\">\n<figure class=\"wp-block-image size-large\"><img loading=\"lazy\" width=\"768\" height=\"1024\" data-id=\"316\"  src=\"https:\/\/cvipomocky.sk\/wp-content\/uploads\/2022\/06\/zvieratka_02-768x1024.jpg\" alt=\"\" class=\"wp-image-316\" srcset=\"https:\/\/cvipomocky.sk\/wp-content\/uploads\/2022\/06\/zvieratka_02-768x1024.jpg 768w, https:\/\/cvipomocky.sk\/wp-content\/uploads\/2022\/06\/zvieratka_02-225x300.jpg 225w, https:\/\/cvipomocky.sk\/wp-content\/uploads\/2022\/06\/zvieratka_02-1152x1536.jpg 1152w, https:\/\/cvipomocky.sk\/wp-content\/uploads\/2022\/06\/zvieratka_02.jpg 1440w\" sizes=\"(max-width: 768px) 100vw, 768px\" \/><\/figure>\n\n\n\n<figure class=\"wp-block-image size-large\"><img loading=\"lazy\" width=\"768\" height=\"1024\" data-id=\"317\"  src=\"https:\/\/cvipomocky.sk\/wp-content\/uploads\/2022\/06\/zvieratka_03-768x1024.jpg\" alt=\"\" class=\"wp-image-317\" srcset=\"https:\/\/cvipomocky.sk\/wp-content\/uploads\/2022\/06\/zvieratka_03-768x1024.jpg 768w, https:\/\/cvipomocky.sk\/wp-content\/uploads\/2022\/06\/zvieratka_03-225x300.jpg 225w, https:\/\/cvipomocky.sk\/wp-content\/uploads\/2022\/06\/zvieratka_03-1152x1536.jpg 1152w, https:\/\/cvipomocky.sk\/wp-content\/uploads\/2022\/06\/zvieratka_03.jpg 1440w\" sizes=\"(max-width: 768px) 100vw, 768px\" \/><\/figure>\n\n\n\n<figure class=\"wp-block-image size-large\"><img loading=\"lazy\" width=\"768\" height=\"1024\" data-id=\"319\"  src=\"https:\/\/cvipomocky.sk\/wp-content\/uploads\/2022\/06\/zvieratka_04-768x1024.jpg\" alt=\"\" class=\"wp-image-319\" srcset=\"https:\/\/cvipomocky.sk\/wp-content\/uploads\/2022\/06\/zvieratka_04-768x1024.jpg 768w, https:\/\/cvipomocky.sk\/wp-content\/uploads\/2022\/06\/zvieratka_04-225x300.jpg 225w, https:\/\/cvipomocky.sk\/wp-content\/uploads\/2022\/06\/zvieratka_04-1152x1536.jpg 1152w, https:\/\/cvipomocky.sk\/wp-content\/uploads\/2022\/06\/zvieratka_04.jpg 1440w\" sizes=\"(max-width: 768px) 100vw, 768px\" \/><\/figure>\n<\/figure>\n\n\n\n<p>Filcov\u00e9 hra\u010dky \u2013 zvieratk\u00e1 <strong>sova<\/strong> a <strong>l\u00ed\u0161ka<\/strong> \u2013 maj\u00fa rozpoznate\u013en\u00e9 charakteristick\u00e9 znaky (tvar, kr\u00eddla, chvost, u\u0161i, zob\u00e1\u010dik at\u010f.), v\u010faka \u010domu si ich die\u0165a lep\u0161ie zapam\u00e4t\u00e1. Pri sove je mo\u017en\u00e9 upravi\u0165 jej <strong>farebnos\u0165<\/strong> pod\u013ea ob\u013e\u00fabenej farby die\u0165a\u0165a, l\u00ed\u0161ka je pr\u00edzna\u010dn\u00e1 svojou oran\u017eovou (hrdzavou, hnedou) farbou, ktor\u00e1 je pre deti s CVI \u013eahko rozpoznate\u013en\u00e1 a p\u00fata ich vizu\u00e1lnu pozornos\u0165. <strong>Rozmery<\/strong> t\u00fdchto pom\u00f4cok s\u00fa pribli\u017ene: <strong>28 cm v\u00fd\u0161ka, 18 cm \u0161\u00edrka (l\u00ed\u0161ka: 25 cm \u0161\u00edrka), 10 cm hr\u00fabka.<\/strong> Pom\u00f4cky je mo\u017en\u00e9 za\u010dleni\u0165 do aktiv\u00edt na stimul\u00e1ciu zrakov\u00fdch funkci\u00ed (prenos zrakovej pozornosti, rozpozn\u00e1vanie charakteristick\u00fdch znakov predmetov a pod.).<\/p>\n\n\n\n<p>Na v\u00fdrobu filcov\u00fdch zvieratiek budeme potrebova\u0165:<\/p>\n\n\n\n<ul><li>m\u00e4kk\u00e9 farebn\u00e9 filce form\u00e1tu A4, hr\u00fabka 1 \u2013 2 mm<\/li><li>mal\u00e9 tmav\u00e9 gomb\u00edky rovnakej farby<\/li><li>farebn\u00e9 nite<\/li><li>dut\u00e9 vl\u00e1kno ako v\u00fdpl\u0148<\/li><li>kraj\u010d\u00edrska krieda na ozna\u010denie strihu<\/li><li>ihly alebo \u0161ijac\u00ed stroj<\/li><li>no\u017enice<\/li><li>\u0161abl\u00f3ny zvieratiek<\/li><\/ul>\n\n\n\n<div class=\"wp-block-file\"><a id=\"wp-block-file--media-e013e832-88ad-4276-969a-857c8668be89\" href=\"https:\/\/cvipomocky.sk\/wp-content\/uploads\/2022\/06\/Filcova_sova_sablona.pdf\" target=\"_blank\" rel=\"noreferrer noopener\">Filcova_sova_sablona<\/a><a href=\"https:\/\/cvipomocky.sk\/wp-content\/uploads\/2022\/06\/Filcova_sova_sablona.pdf\" class=\"wp-block-file__button\" download aria-describedby=\"wp-block-file--media-e013e832-88ad-4276-969a-857c8668be89\">Stiahnu\u0165<\/a><\/div>\n\n\n\n<div class=\"wp-block-file\"><a id=\"wp-block-file--media-af1bda13-d5ef-40a1-8683-386d038e2842\" href=\"https:\/\/cvipomocky.sk\/wp-content\/uploads\/2022\/06\/Filcova_liska_sablona.pdf\" target=\"_blank\" rel=\"noreferrer noopener\">Filcova_liska_sablona<\/a><a href=\"https:\/\/cvipomocky.sk\/wp-content\/uploads\/2022\/06\/Filcova_liska_sablona.pdf\" class=\"wp-block-file__button\" download aria-describedby=\"wp-block-file--media-af1bda13-d5ef-40a1-8683-386d038e2842\">Stiahnu\u0165<\/a><\/div>\n\n\n\n<p><strong>Postup:<\/strong><\/p>\n\n\n\n<p>Pri \u0161it\u00ed t\u00fdchto pom\u00f4cok sa m\u00f4\u017eeme riadi\u0165 fotografick\u00fdm postupom, ktor\u00fd je uveden\u00fd pri filcov\u00fdch rybk\u00e1ch. Odpor\u00fa\u010dame pou\u017eitie m\u00e4kk\u00e9ho filcu hr\u00fabky 1 \u2013 2 mm, ktor\u00fd sa pri vyp\u013a\u0148an\u00ed pom\u00f4cky nebude l\u00e1ma\u0165 a vytv\u00e1ra\u0165 tak ne\u017eiad\u00face z\u00e1hyby. Filc je v niektor\u00fdch \u010dastiach mo\u017en\u00e9 vystu\u017ei\u0165 vlizel\u00ednom.<\/p>\n\n\n\n<div class=\"wp-block-columns\">\n<div class=\"wp-block-column\" style=\"flex-basis:50%\">\n<figure class=\"wp-block-video\"><video controls loop muted src=\"https:\/\/cvipomocky.sk\/wp-content\/uploads\/2022\/06\/VID_20200423_003940.mp4\"><\/video><figcaption>Uk\u00e1\u017eka filcovej l\u00ed\u0161ky.<\/figcaption><\/figure>\n<\/div>\n\n\n\n<div class=\"wp-block-column\" style=\"flex-basis:50%\">\n<figure class=\"wp-block-video\"><video controls loop muted src=\"https:\/\/cvipomocky.sk\/wp-content\/uploads\/2022\/06\/VID_20200423_003903.mp4\"><\/video><figcaption>Spodn\u00e1 a zadn\u00e1 strana l\u00ed\u0161ky.<\/figcaption><\/figure>\n<\/div>\n<\/div>\n","protected":false},"excerpt":{"rendered":"<p>Filcov\u00e9 hra\u010dky \u2013 zvieratk\u00e1 sova a l\u00ed\u0161ka \u2013 maj\u00fa rozpoznate\u013en\u00e9 charakteristick\u00e9 znaky (tvar, kr\u00eddla, chvost, u\u0161i, zob\u00e1\u010dik at\u010f.), v\u010faka \u010domu si ich die\u0165a lep\u0161ie zapam\u00e4t\u00e1. Pri sove je mo\u017en\u00e9 upravi\u0165 jej farebnos\u0165 pod\u013ea ob\u013e\u00fabenej farby die\u0165a\u0165a, l\u00ed\u0161ka je pr\u00edzna\u010dn\u00e1 svojou oran\u017eovou (hrdzavou, hnedou) farbou, ktor\u00e1 je pre deti s CVI \u013eahko rozpoznate\u013en\u00e1 a p\u00fata ich&hellip; <a class=\"more-link\" href=\"https:\/\/cvipomocky.sk\/?page_id=96\">Pokra\u010dova\u0165 v \u010d\u00edtan\u00ed <span class=\"screen-reader-text\">Filcov\u00e9 zvieratk\u00e1<\/span><\/a><\/p>\n","protected":false},"author":1,"featured_media":0,"parent":132,"menu_order":3,"comment_status":"closed","ping_status":"closed","template":"","meta":{"_monsterinsights_skip_tracking":false,"_monsterinsights_sitenote_active":false,"_monsterinsights_sitenote_note":"","_monsterinsights_sitenote_category":0},"yoast_head":"<!-- This site is optimized with the Yoast SEO plugin v19.0 - https:\/\/yoast.com\/wordpress\/plugins\/seo\/ -->\n<title>Filcov\u00e9 zvieratk\u00e1 - cvipomocky.sk<\/title>\n<meta name=\"description\" content=\"Uk\u00e1\u017eky pom\u00f4cok, hra\u010diek, pre deti s kortik\u00e1lnou poruchou zraku. Zah\u0155\u0148aj\u00fa filcov\u00e9 sovi\u010dky a l\u00ed\u0161ku. S\u00fa\u010das\u0165ou s\u00fa i \u0161abl\u00f3ny pre tvorbu pom\u00f4cok.\" \/>\n<meta name=\"robots\" content=\"index, follow, max-snippet:-1, max-image-preview:large, max-video-preview:-1\" \/>\n<link rel=\"canonical\" href=\"https:\/\/cvipomocky.sk\/?page_id=96\" \/>\n<meta property=\"og:locale\" content=\"sk_SK\" \/>\n<meta property=\"og:type\" content=\"article\" \/>\n<meta property=\"og:title\" content=\"Filcov\u00e9 zvieratk\u00e1 - cvipomocky.sk\" \/>\n<meta property=\"og:description\" content=\"Uk\u00e1\u017eky pom\u00f4cok, hra\u010diek, pre deti s kortik\u00e1lnou poruchou zraku. Zah\u0155\u0148aj\u00fa filcov\u00e9 sovi\u010dky a l\u00ed\u0161ku. S\u00fa\u010das\u0165ou s\u00fa i \u0161abl\u00f3ny pre tvorbu pom\u00f4cok.\" \/>\n<meta property=\"og:url\" content=\"https:\/\/cvipomocky.sk\/?page_id=96\" \/>\n<meta property=\"og:site_name\" content=\"cvipomocky.sk\" \/>\n<meta property=\"article:modified_time\" content=\"2022-06-12T12:23:32+00:00\" \/>\n<meta property=\"og:image\" content=\"http:\/\/cvipomocky.sk\/wp-content\/uploads\/2022\/06\/zvieratka_spolu-1024x768.jpg\" \/>\n<meta name=\"twitter:card\" content=\"summary_large_image\" \/>\n<meta name=\"twitter:label1\" content=\"Predpokladan\u00fd \u010das \u010d\u00edtania\" \/>\n\t<meta name=\"twitter:data1\" content=\"2 min\u00faty\" \/>\n<script type=\"application\/ld+json\" class=\"yoast-schema-graph\">{\"@context\":\"https:\/\/schema.org\",\"@graph\":[{\"@type\":[\"Person\",\"Organization\"],\"@id\":\"https:\/\/cvipomocky.sk\/#\/schema\/person\/6764def79ff29fc2ea07657bb110ef9b\",\"name\":\"evarak\",\"image\":{\"@type\":\"ImageObject\",\"inLanguage\":\"sk-SK\",\"@id\":\"https:\/\/cvipomocky.sk\/#\/schema\/person\/image\/\",\"url\":\"https:\/\/cvipomocky.sk\/wp-content\/uploads\/2022\/06\/hrasok_01.jpg\",\"contentUrl\":\"https:\/\/cvipomocky.sk\/wp-content\/uploads\/2022\/06\/hrasok_01.jpg\",\"width\":1600,\"height\":1200,\"caption\":\"evarak\"},\"logo\":{\"@id\":\"https:\/\/cvipomocky.sk\/#\/schema\/person\/image\/\"},\"sameAs\":[\"http:\/\/cvipomocky.sk\"]},{\"@type\":\"WebSite\",\"@id\":\"https:\/\/cvipomocky.sk\/#website\",\"url\":\"https:\/\/cvipomocky.sk\/\",\"name\":\"cvipomocky.sk\",\"description\":\"pom\u00f4cky pre deti s CVI\",\"publisher\":{\"@id\":\"https:\/\/cvipomocky.sk\/#\/schema\/person\/6764def79ff29fc2ea07657bb110ef9b\"},\"potentialAction\":[{\"@type\":\"SearchAction\",\"target\":{\"@type\":\"EntryPoint\",\"urlTemplate\":\"https:\/\/cvipomocky.sk\/?s={search_term_string}\"},\"query-input\":\"required name=search_term_string\"}],\"inLanguage\":\"sk-SK\"},{\"@type\":\"ImageObject\",\"inLanguage\":\"sk-SK\",\"@id\":\"https:\/\/cvipomocky.sk\/?page_id=96#primaryimage\",\"url\":\"https:\/\/cvipomocky.sk\/wp-content\/uploads\/2022\/06\/zvieratka_spolu.jpg\",\"contentUrl\":\"https:\/\/cvipomocky.sk\/wp-content\/uploads\/2022\/06\/zvieratka_spolu.jpg\",\"width\":1920,\"height\":1440},{\"@type\":\"WebPage\",\"@id\":\"https:\/\/cvipomocky.sk\/?page_id=96#webpage\",\"url\":\"https:\/\/cvipomocky.sk\/?page_id=96\",\"name\":\"Filcov\u00e9 zvieratk\u00e1 - cvipomocky.sk\",\"isPartOf\":{\"@id\":\"https:\/\/cvipomocky.sk\/#website\"},\"primaryImageOfPage\":{\"@id\":\"https:\/\/cvipomocky.sk\/?page_id=96#primaryimage\"},\"datePublished\":\"2022-05-05T20:12:01+00:00\",\"dateModified\":\"2022-06-12T12:23:32+00:00\",\"description\":\"Uk\u00e1\u017eky pom\u00f4cok, hra\u010diek, pre deti s kortik\u00e1lnou poruchou zraku. Zah\u0155\u0148aj\u00fa filcov\u00e9 sovi\u010dky a l\u00ed\u0161ku. S\u00fa\u010das\u0165ou s\u00fa i \u0161abl\u00f3ny pre tvorbu pom\u00f4cok.\",\"breadcrumb\":{\"@id\":\"https:\/\/cvipomocky.sk\/?page_id=96#breadcrumb\"},\"inLanguage\":\"sk-SK\",\"potentialAction\":[{\"@type\":\"ReadAction\",\"target\":[\"https:\/\/cvipomocky.sk\/?page_id=96\"]}]},{\"@type\":\"BreadcrumbList\",\"@id\":\"https:\/\/cvipomocky.sk\/?page_id=96#breadcrumb\",\"itemListElement\":[{\"@type\":\"ListItem\",\"position\":1,\"name\":\"Home\",\"item\":\"https:\/\/cvipomocky.sk\/\"},{\"@type\":\"ListItem\",\"position\":2,\"name\":\"Tvorba pom\u00f4cok\",\"item\":\"https:\/\/cvipomocky.sk\/?page_id=132\"},{\"@type\":\"ListItem\",\"position\":3,\"name\":\"Filcov\u00e9 zvieratk\u00e1\"}]}]}<\/script>\n<!-- \/ Yoast SEO plugin. -->","yoast_head_json":{"title":"Filcov\u00e9 zvieratk\u00e1 - cvipomocky.sk","description":"Uk\u00e1\u017eky pom\u00f4cok, hra\u010diek, pre deti s kortik\u00e1lnou poruchou zraku. Zah\u0155\u0148aj\u00fa filcov\u00e9 sovi\u010dky a l\u00ed\u0161ku. S\u00fa\u010das\u0165ou s\u00fa i \u0161abl\u00f3ny pre tvorbu pom\u00f4cok.","robots":{"index":"index","follow":"follow","max-snippet":"max-snippet:-1","max-image-preview":"max-image-preview:large","max-video-preview":"max-video-preview:-1"},"canonical":"https:\/\/cvipomocky.sk\/?page_id=96","og_locale":"sk_SK","og_type":"article","og_title":"Filcov\u00e9 zvieratk\u00e1 - cvipomocky.sk","og_description":"Uk\u00e1\u017eky pom\u00f4cok, hra\u010diek, pre deti s kortik\u00e1lnou poruchou zraku. Zah\u0155\u0148aj\u00fa filcov\u00e9 sovi\u010dky a l\u00ed\u0161ku. S\u00fa\u010das\u0165ou s\u00fa i \u0161abl\u00f3ny pre tvorbu pom\u00f4cok.","og_url":"https:\/\/cvipomocky.sk\/?page_id=96","og_site_name":"cvipomocky.sk","article_modified_time":"2022-06-12T12:23:32+00:00","og_image":[{"url":"http:\/\/cvipomocky.sk\/wp-content\/uploads\/2022\/06\/zvieratka_spolu-1024x768.jpg"}],"twitter_card":"summary_large_image","twitter_misc":{"Predpokladan\u00fd \u010das \u010d\u00edtania":"2 min\u00faty"},"schema":{"@context":"https:\/\/schema.org","@graph":[{"@type":["Person","Organization"],"@id":"https:\/\/cvipomocky.sk\/#\/schema\/person\/6764def79ff29fc2ea07657bb110ef9b","name":"evarak","image":{"@type":"ImageObject","inLanguage":"sk-SK","@id":"https:\/\/cvipomocky.sk\/#\/schema\/person\/image\/","url":"https:\/\/cvipomocky.sk\/wp-content\/uploads\/2022\/06\/hrasok_01.jpg","contentUrl":"https:\/\/cvipomocky.sk\/wp-content\/uploads\/2022\/06\/hrasok_01.jpg","width":1600,"height":1200,"caption":"evarak"},"logo":{"@id":"https:\/\/cvipomocky.sk\/#\/schema\/person\/image\/"},"sameAs":["http:\/\/cvipomocky.sk"]},{"@type":"WebSite","@id":"https:\/\/cvipomocky.sk\/#website","url":"https:\/\/cvipomocky.sk\/","name":"cvipomocky.sk","description":"pom\u00f4cky pre deti s CVI","publisher":{"@id":"https:\/\/cvipomocky.sk\/#\/schema\/person\/6764def79ff29fc2ea07657bb110ef9b"},"potentialAction":[{"@type":"SearchAction","target":{"@type":"EntryPoint","urlTemplate":"https:\/\/cvipomocky.sk\/?s={search_term_string}"},"query-input":"required name=search_term_string"}],"inLanguage":"sk-SK"},{"@type":"ImageObject","inLanguage":"sk-SK","@id":"https:\/\/cvipomocky.sk\/?page_id=96#primaryimage","url":"https:\/\/cvipomocky.sk\/wp-content\/uploads\/2022\/06\/zvieratka_spolu.jpg","contentUrl":"https:\/\/cvipomocky.sk\/wp-content\/uploads\/2022\/06\/zvieratka_spolu.jpg","width":1920,"height":1440},{"@type":"WebPage","@id":"https:\/\/cvipomocky.sk\/?page_id=96#webpage","url":"https:\/\/cvipomocky.sk\/?page_id=96","name":"Filcov\u00e9 zvieratk\u00e1 - cvipomocky.sk","isPartOf":{"@id":"https:\/\/cvipomocky.sk\/#website"},"primaryImageOfPage":{"@id":"https:\/\/cvipomocky.sk\/?page_id=96#primaryimage"},"datePublished":"2022-05-05T20:12:01+00:00","dateModified":"2022-06-12T12:23:32+00:00","description":"Uk\u00e1\u017eky pom\u00f4cok, hra\u010diek, pre deti s kortik\u00e1lnou poruchou zraku. Zah\u0155\u0148aj\u00fa filcov\u00e9 sovi\u010dky a l\u00ed\u0161ku. S\u00fa\u010das\u0165ou s\u00fa i \u0161abl\u00f3ny pre tvorbu pom\u00f4cok.","breadcrumb":{"@id":"https:\/\/cvipomocky.sk\/?page_id=96#breadcrumb"},"inLanguage":"sk-SK","potentialAction":[{"@type":"ReadAction","target":["https:\/\/cvipomocky.sk\/?page_id=96"]}]},{"@type":"BreadcrumbList","@id":"https:\/\/cvipomocky.sk\/?page_id=96#breadcrumb","itemListElement":[{"@type":"ListItem","position":1,"name":"Home","item":"https:\/\/cvipomocky.sk\/"},{"@type":"ListItem","position":2,"name":"Tvorba pom\u00f4cok","item":"https:\/\/cvipomocky.sk\/?page_id=132"},{"@type":"ListItem","position":3,"name":"Filcov\u00e9 zvieratk\u00e1"}]}]}},"_links":{"self":[{"href":"https:\/\/cvipomocky.sk\/index.php?rest_route=\/wp\/v2\/pages\/96"}],"collection":[{"href":"https:\/\/cvipomocky.sk\/index.php?rest_route=\/wp\/v2\/pages"}],"about":[{"href":"https:\/\/cvipomocky.sk\/index.php?rest_route=\/wp\/v2\/types\/page"}],"author":[{"embeddable":true,"href":"https:\/\/cvipomocky.sk\/index.php?rest_route=\/wp\/v2\/users\/1"}],"replies":[{"embeddable":true,"href":"https:\/\/cvipomocky.sk\/index.php?rest_route=%2Fwp%2Fv2%2Fcomments&post=96"}],"version-history":[{"count":5,"href":"https:\/\/cvipomocky.sk\/index.php?rest_route=\/wp\/v2\/pages\/96\/revisions"}],"predecessor-version":[{"id":356,"href":"https:\/\/cvipomocky.sk\/index.php?rest_route=\/wp\/v2\/pages\/96\/revisions\/356"}],"up":[{"embeddable":true,"href":"https:\/\/cvipomocky.sk\/index.php?rest_route=\/wp\/v2\/pages\/132"}],"wp:attachment":[{"href":"https:\/\/cvipomocky.sk\/index.php?rest_route=%2Fwp%2Fv2%2Fmedia&parent=96"}],"curies":[{"name":"wp","href":"https:\/\/api.w.org\/{rel}","templated":true}]}}