{"id":98,"date":"2022-05-05T22:12:01","date_gmt":"2022-05-05T20:12:01","guid":{"rendered":"https:\/\/cvipomocky.sk\/?page_id=98"},"modified":"2022-06-12T14:23:17","modified_gmt":"2022-06-12T12:23:17","slug":"plstene-hrasky","status":"publish","type":"page","link":"https:\/\/cvipomocky.sk\/?page_id=98","title":{"rendered":"Plsten\u00e9 hr\u00e1\u0161ky"},"content":{"rendered":"<div class=\"yoast-breadcrumbs\"><span><span><a href=\"https:\/\/cvipomocky.sk\/\">Home<\/a> &raquo; <span><a href=\"https:\/\/cvipomocky.sk\/?page_id=132\">Tvorba pom\u00f4cok<\/a> &raquo; <span class=\"breadcrumb_last\" aria-current=\"page\">Plsten\u00e9 hr\u00e1\u0161ky<\/span><\/span><\/span><\/span><\/div>\n\n\n<figure class=\"wp-block-image alignwide size-large\"><img loading=\"lazy\" width=\"1024\" height=\"768\" src=\"http:\/\/cvipomocky.sk\/wp-content\/uploads\/2022\/06\/hrasok_01-1024x768.jpg\" alt=\"\" class=\"wp-image-238\" srcset=\"https:\/\/cvipomocky.sk\/wp-content\/uploads\/2022\/06\/hrasok_01-1024x768.jpg 1024w, https:\/\/cvipomocky.sk\/wp-content\/uploads\/2022\/06\/hrasok_01-300x225.jpg 300w, https:\/\/cvipomocky.sk\/wp-content\/uploads\/2022\/06\/hrasok_01-768x576.jpg 768w, https:\/\/cvipomocky.sk\/wp-content\/uploads\/2022\/06\/hrasok_01-1536x1152.jpg 1536w, https:\/\/cvipomocky.sk\/wp-content\/uploads\/2022\/06\/hrasok_01-1568x1176.jpg 1568w, https:\/\/cvipomocky.sk\/wp-content\/uploads\/2022\/06\/hrasok_01.jpg 1600w\" sizes=\"(max-width: 1024px) 100vw, 1024px\" \/><\/figure>\n\n\n\n<figure class=\"wp-block-gallery has-nested-images columns-default is-cropped\">\n<figure class=\"wp-block-image size-large\"><img loading=\"lazy\" width=\"768\" height=\"1024\" data-id=\"245\"  src=\"https:\/\/cvipomocky.sk\/wp-content\/uploads\/2022\/06\/hrasok_02-768x1024.jpg\" alt=\"\" class=\"wp-image-245\" srcset=\"https:\/\/cvipomocky.sk\/wp-content\/uploads\/2022\/06\/hrasok_02-768x1024.jpg 768w, https:\/\/cvipomocky.sk\/wp-content\/uploads\/2022\/06\/hrasok_02-225x300.jpg 225w, https:\/\/cvipomocky.sk\/wp-content\/uploads\/2022\/06\/hrasok_02-1152x1536.jpg 1152w, https:\/\/cvipomocky.sk\/wp-content\/uploads\/2022\/06\/hrasok_02.jpg 1200w\" sizes=\"(max-width: 768px) 100vw, 768px\" \/><\/figure>\n\n\n\n<figure class=\"wp-block-image size-large\"><img loading=\"lazy\" width=\"768\" height=\"1024\" data-id=\"243\"  src=\"https:\/\/cvipomocky.sk\/wp-content\/uploads\/2022\/06\/hrasok_03-768x1024.jpg\" alt=\"\" class=\"wp-image-243\" srcset=\"https:\/\/cvipomocky.sk\/wp-content\/uploads\/2022\/06\/hrasok_03-768x1024.jpg 768w, https:\/\/cvipomocky.sk\/wp-content\/uploads\/2022\/06\/hrasok_03-225x300.jpg 225w, https:\/\/cvipomocky.sk\/wp-content\/uploads\/2022\/06\/hrasok_03-1152x1536.jpg 1152w, https:\/\/cvipomocky.sk\/wp-content\/uploads\/2022\/06\/hrasok_03.jpg 1200w\" sizes=\"(max-width: 768px) 100vw, 768px\" \/><\/figure>\n\n\n\n<figure class=\"wp-block-image size-large\"><img loading=\"lazy\" width=\"768\" height=\"1024\" data-id=\"244\"  src=\"https:\/\/cvipomocky.sk\/wp-content\/uploads\/2022\/06\/hrasok_04-768x1024.jpg\" alt=\"\" class=\"wp-image-244\" srcset=\"https:\/\/cvipomocky.sk\/wp-content\/uploads\/2022\/06\/hrasok_04-768x1024.jpg 768w, https:\/\/cvipomocky.sk\/wp-content\/uploads\/2022\/06\/hrasok_04-225x300.jpg 225w, https:\/\/cvipomocky.sk\/wp-content\/uploads\/2022\/06\/hrasok_04-1152x1536.jpg 1152w, https:\/\/cvipomocky.sk\/wp-content\/uploads\/2022\/06\/hrasok_04.jpg 1200w\" sizes=\"(max-width: 768px) 100vw, 768px\" \/><\/figure>\n<\/figure>\n\n\n\n<p><em>Plsten\u00e9 hr\u00e1\u0161ky s\u00fa trojrozmern\u00e9 filcov\u00e9 a plsten\u00e9 pom\u00f4cky, ktor\u00e9 maj\u00fa za cie\u013e pom\u00f4c\u0165 die\u0165a\u0165u s CVI prechod od re\u00e1lneho objektu (hr\u00e1\u0161ok) k jeho vizu\u00e1lnej podobe (anim\u00e1cie). V\u010faka tvaru, zipsu aj uplsten\u00fdm hr\u00e1\u0161kom pom\u00f4cka umo\u017e\u0148uje interakciu die\u0165a\u0165a a n\u00e1cvik jemnej motoriky. Ve\u013ekos\u0165 pom\u00f4cky: 21 cm \u0161\u00edrka, 7 cm v\u00fd\u0161ka, 3,5 cm hr\u00fabka. Pom\u00f4cka je vhodn\u00e1 pre deti s preferovanou zelenou farbou.<\/em><\/p>\n\n\n\n<p>Na v\u00fdrobu plsten\u00fdch hr\u00e1\u0161kov budeme potrebova\u0165:<\/p>\n\n\n\n<ul><li>m\u00e4kk\u00e9 zelen\u00e9 filce form\u00e1tu A4, hr\u00fabka pribli\u017ene 1 mm<\/li><li>merino vlna na plstenie zelenej farby<\/li><li>zips zelenej farby a d\u013a\u017eky 12 \u2013 14 cm<\/li><li>nite zelenej farby<\/li><li>ihly na plstenie<\/li><li>m\u00e4kk\u00e1 podlo\u017eka (napr. kus molitanu)<\/li><li>n\u00e1prstok<\/li><li>kraj\u010d\u00edrska krieda na zna\u010denie<\/li><li>ihly na \u0161itie alebo \u0161ijac\u00ed stroj<\/li><li>no\u017enice<\/li><li>\u0161abl\u00f3ny hr\u00e1\u0161kov<\/li><\/ul>\n\n\n\n<div class=\"wp-block-file\"><a id=\"wp-block-file--media-3ad1b60a-5855-4e1d-b3e6-a416d95e36d7\" href=\"http:\/\/cvipomocky.sk\/wp-content\/uploads\/2022\/06\/Plstene_hrasky_sablona.pdf\" target=\"_blank\" rel=\"noreferrer noopener\">Plstene_hrasky_sablona<\/a><a href=\"http:\/\/cvipomocky.sk\/wp-content\/uploads\/2022\/06\/Plstene_hrasky_sablona.pdf\" class=\"wp-block-file__button\" download aria-describedby=\"wp-block-file--media-3ad1b60a-5855-4e1d-b3e6-a416d95e36d7\">Stiahnu\u0165<\/a><\/div>\n\n\n\n<p>Postup:<\/p>\n\n\n\n<p>Pri tvorbe plsten\u00fdch hr\u00e1\u0161kov budeme vyu\u017e\u00edva\u0165 dve techniky:<strong> \u0161itie a plstenie.<\/strong> Struky, v ktor\u00fdch bud\u00fa uplsten\u00e9 hr\u00e1\u0161ky, u\u0161ijeme z m\u00e4kk\u00fdch zelen\u00fdch filcov pod\u013ea \u0161abl\u00f3ny, pri\u0161ijeme k nim stopku a l\u00edstky, tak isto aj zips odpovedaj\u00facej farebnosti. <\/p>\n\n\n\n<p>Pri <strong>plsten\u00ed<\/strong> vytvor\u00edme 5 guli\u010diek priemeru 25 \u2013 30 mm zo zelenej merino vlny. Pou\u017e\u00edvame pri tom ihly na plstenie a m\u00e4kk\u00fa podlo\u017eku, na ktorej plst\u00edme, napr\u00edklad kus molitanu. Aby sme zabr\u00e1nili pichnutiu sa pri plsten\u00ed, m\u00f4\u017eeme pou\u017e\u00edva\u0165 n\u00e1prstok.<\/p>\n\n\n\n<figure class=\"wp-block-image size-large\"><img loading=\"lazy\" width=\"1024\" height=\"768\" src=\"https:\/\/cvipomocky.sk\/wp-content\/uploads\/2022\/06\/hrasky-material-1024x768.jpg\" alt=\"\" class=\"wp-image-266\" srcset=\"https:\/\/cvipomocky.sk\/wp-content\/uploads\/2022\/06\/hrasky-material-1024x768.jpg 1024w, https:\/\/cvipomocky.sk\/wp-content\/uploads\/2022\/06\/hrasky-material-300x225.jpg 300w, https:\/\/cvipomocky.sk\/wp-content\/uploads\/2022\/06\/hrasky-material-768x576.jpg 768w, https:\/\/cvipomocky.sk\/wp-content\/uploads\/2022\/06\/hrasky-material-1536x1152.jpg 1536w, https:\/\/cvipomocky.sk\/wp-content\/uploads\/2022\/06\/hrasky-material-1568x1176.jpg 1568w, https:\/\/cvipomocky.sk\/wp-content\/uploads\/2022\/06\/hrasky-material.jpg 1600w\" sizes=\"(max-width: 1024px) 100vw, 1024px\" \/><figcaption>Hore: ihly na plstenie s r\u00fa\u010dkou, pod nimi zipsy d\u013a\u017eky 12 a 14 cm, ako aj m\u00e4kk\u00e9 zelen\u00e9 filce hr\u00fabky cca 1 mm, dole: zelen\u00e1 merino vlna na plstenie.<\/figcaption><\/figure>\n\n\n\n<figure class=\"wp-block-image size-large\"><img loading=\"lazy\" width=\"1024\" height=\"768\" src=\"https:\/\/cvipomocky.sk\/wp-content\/uploads\/2022\/06\/hrasky-work-in-progressl-1024x768.jpg\" alt=\"\" class=\"wp-image-268\" srcset=\"https:\/\/cvipomocky.sk\/wp-content\/uploads\/2022\/06\/hrasky-work-in-progressl-1024x768.jpg 1024w, https:\/\/cvipomocky.sk\/wp-content\/uploads\/2022\/06\/hrasky-work-in-progressl-300x225.jpg 300w, https:\/\/cvipomocky.sk\/wp-content\/uploads\/2022\/06\/hrasky-work-in-progressl-768x576.jpg 768w, https:\/\/cvipomocky.sk\/wp-content\/uploads\/2022\/06\/hrasky-work-in-progressl-1536x1152.jpg 1536w, https:\/\/cvipomocky.sk\/wp-content\/uploads\/2022\/06\/hrasky-work-in-progressl-1568x1176.jpg 1568w, https:\/\/cvipomocky.sk\/wp-content\/uploads\/2022\/06\/hrasky-work-in-progressl.jpg 1600w\" sizes=\"(max-width: 1024px) 100vw, 1024px\" \/><figcaption>V\u013eavo hore: u\u0161it\u00fd filcov\u00fd struk pre hr\u00e1\u0161ky, ved\u013ea neho 5 uplsten\u00fdch hr\u00e1\u0161kov zo zelenej merino vlny, vpravo: rozstrihan\u00e9 \u0161abl\u00f3ny pre hr\u00e1\u0161kov\u00fd struk.<\/figcaption><\/figure>\n\n\n\n<figure class=\"wp-block-image size-large\"><img loading=\"lazy\" width=\"1024\" height=\"768\" src=\"http:\/\/cvipomocky.sk\/wp-content\/uploads\/2022\/05\/IMG_20220408_101041258-1024x768.jpg\" alt=\"\" class=\"wp-image-57\" srcset=\"https:\/\/cvipomocky.sk\/wp-content\/uploads\/2022\/05\/IMG_20220408_101041258-1024x768.jpg 1024w, https:\/\/cvipomocky.sk\/wp-content\/uploads\/2022\/05\/IMG_20220408_101041258-300x225.jpg 300w, https:\/\/cvipomocky.sk\/wp-content\/uploads\/2022\/05\/IMG_20220408_101041258-768x576.jpg 768w, https:\/\/cvipomocky.sk\/wp-content\/uploads\/2022\/05\/IMG_20220408_101041258-1536x1152.jpg 1536w, https:\/\/cvipomocky.sk\/wp-content\/uploads\/2022\/05\/IMG_20220408_101041258-2048x1536.jpg 2048w, https:\/\/cvipomocky.sk\/wp-content\/uploads\/2022\/05\/IMG_20220408_101041258-1568x1176.jpg 1568w\" sizes=\"(max-width: 1024px) 100vw, 1024px\" \/><figcaption>Pri \u0161it\u00ed aj plsten\u00ed m\u00f4\u017eete vyu\u017e\u00edva\u0165 r\u00f4zne odtiene zelenej farby, \u010di u\u017e pri filcoch, zipsoch, alebo aj samotnej merino vlne. Ide\u00e1lne je ale zachova\u0165 <strong>dostato\u010dn\u00fd kontrast<\/strong> medzi hr\u00e1\u0161kov\u00fdm strukom a plsten\u00fdmi hr\u00e1\u0161kami, aby ich die\u0165a vedelo \u013eah\u0161ie rozpozna\u0165.<\/figcaption><\/figure>\n\n\n\n<figure class=\"wp-block-embed is-type-video is-provider-youtube wp-block-embed-youtube wp-embed-aspect-16-9 wp-has-aspect-ratio\"><div class=\"wp-block-embed__wrapper\">\n<iframe loading=\"lazy\" title=\"Needle felting How to 04 : How to make a felt ball - Make a 1.8cm ball with 1g of wool. -\" width=\"750\" height=\"422\" src=\"https:\/\/www.youtube.com\/embed\/yfxSUMZTT-M?feature=oembed\" frameborder=\"0\" allow=\"accelerometer; autoplay; clipboard-write; encrypted-media; gyroscope; picture-in-picture\" allowfullscreen><\/iframe>\n<\/div><figcaption>Plsten\u00e9 guli\u010dky je mo\u017en\u00e9 vytvori\u0165 viacer\u00fdmi sp\u00f4sobmi. Vybrali sme techniku <strong>plstenie za sucha<\/strong> \u2013 pomocou ihly na plstenie. Postup je zachyten\u00fd v tomto tutori\u00e1li.<\/figcaption><\/figure>\n","protected":false},"excerpt":{"rendered":"<p>Plsten\u00e9 hr\u00e1\u0161ky s\u00fa trojrozmern\u00e9 filcov\u00e9 a plsten\u00e9 pom\u00f4cky, ktor\u00e9 maj\u00fa za cie\u013e pom\u00f4c\u0165 die\u0165a\u0165u s CVI prechod od re\u00e1lneho objektu (hr\u00e1\u0161ok) k jeho vizu\u00e1lnej podobe (anim\u00e1cie). V\u010faka tvaru, zipsu aj uplsten\u00fdm hr\u00e1\u0161kom pom\u00f4cka umo\u017e\u0148uje interakciu die\u0165a\u0165a a n\u00e1cvik jemnej motoriky. Ve\u013ekos\u0165 pom\u00f4cky: 21 cm \u0161\u00edrka, 7 cm v\u00fd\u0161ka, 3,5 cm hr\u00fabka. Pom\u00f4cka je vhodn\u00e1 pre&hellip; <a class=\"more-link\" href=\"https:\/\/cvipomocky.sk\/?page_id=98\">Pokra\u010dova\u0165 v \u010d\u00edtan\u00ed <span class=\"screen-reader-text\">Plsten\u00e9 hr\u00e1\u0161ky<\/span><\/a><\/p>\n","protected":false},"author":1,"featured_media":0,"parent":132,"menu_order":1,"comment_status":"closed","ping_status":"closed","template":"","meta":{"_monsterinsights_skip_tracking":false,"_monsterinsights_sitenote_active":false,"_monsterinsights_sitenote_note":"","_monsterinsights_sitenote_category":0},"yoast_head":"<!-- This site is optimized with the Yoast SEO plugin v19.0 - https:\/\/yoast.com\/wordpress\/plugins\/seo\/ -->\n<title>Plsten\u00e9 hr\u00e1\u0161ky - cvipomocky.sk<\/title>\n<meta name=\"robots\" content=\"index, follow, max-snippet:-1, max-image-preview:large, max-video-preview:-1\" \/>\n<link rel=\"canonical\" href=\"https:\/\/cvipomocky.sk\/?page_id=98\" \/>\n<meta property=\"og:locale\" content=\"sk_SK\" \/>\n<meta property=\"og:type\" content=\"article\" \/>\n<meta property=\"og:title\" content=\"Plsten\u00e9 hr\u00e1\u0161ky - cvipomocky.sk\" \/>\n<meta property=\"og:description\" content=\"Plsten\u00e9 hr\u00e1\u0161ky s\u00fa trojrozmern\u00e9 filcov\u00e9 a plsten\u00e9 pom\u00f4cky, ktor\u00e9 maj\u00fa za cie\u013e pom\u00f4c\u0165 die\u0165a\u0165u s CVI prechod od re\u00e1lneho objektu (hr\u00e1\u0161ok) k jeho vizu\u00e1lnej podobe (anim\u00e1cie). V\u010faka tvaru, zipsu aj uplsten\u00fdm hr\u00e1\u0161kom pom\u00f4cka umo\u017e\u0148uje interakciu die\u0165a\u0165a a n\u00e1cvik jemnej motoriky. Ve\u013ekos\u0165 pom\u00f4cky: 21 cm \u0161\u00edrka, 7 cm v\u00fd\u0161ka, 3,5 cm hr\u00fabka. Pom\u00f4cka je vhodn\u00e1 pre&hellip; Pokra\u010dova\u0165 v \u010d\u00edtan\u00ed Plsten\u00e9 hr\u00e1\u0161ky\" \/>\n<meta property=\"og:url\" content=\"https:\/\/cvipomocky.sk\/?page_id=98\" \/>\n<meta property=\"og:site_name\" content=\"cvipomocky.sk\" \/>\n<meta property=\"article:modified_time\" content=\"2022-06-12T12:23:17+00:00\" \/>\n<meta property=\"og:image\" content=\"http:\/\/cvipomocky.sk\/wp-content\/uploads\/2022\/06\/hrasok_01-1024x768.jpg\" \/>\n<meta name=\"twitter:card\" content=\"summary_large_image\" \/>\n<meta name=\"twitter:label1\" content=\"Predpokladan\u00fd \u010das \u010d\u00edtania\" \/>\n\t<meta name=\"twitter:data1\" content=\"4 min\u00faty\" \/>\n<script type=\"application\/ld+json\" class=\"yoast-schema-graph\">{\"@context\":\"https:\/\/schema.org\",\"@graph\":[{\"@type\":[\"Person\",\"Organization\"],\"@id\":\"https:\/\/cvipomocky.sk\/#\/schema\/person\/6764def79ff29fc2ea07657bb110ef9b\",\"name\":\"evarak\",\"image\":{\"@type\":\"ImageObject\",\"inLanguage\":\"sk-SK\",\"@id\":\"https:\/\/cvipomocky.sk\/#\/schema\/person\/image\/\",\"url\":\"https:\/\/cvipomocky.sk\/wp-content\/uploads\/2022\/06\/hrasok_01.jpg\",\"contentUrl\":\"https:\/\/cvipomocky.sk\/wp-content\/uploads\/2022\/06\/hrasok_01.jpg\",\"width\":1600,\"height\":1200,\"caption\":\"evarak\"},\"logo\":{\"@id\":\"https:\/\/cvipomocky.sk\/#\/schema\/person\/image\/\"},\"sameAs\":[\"http:\/\/cvipomocky.sk\"]},{\"@type\":\"WebSite\",\"@id\":\"https:\/\/cvipomocky.sk\/#website\",\"url\":\"https:\/\/cvipomocky.sk\/\",\"name\":\"cvipomocky.sk\",\"description\":\"pom\u00f4cky pre deti s CVI\",\"publisher\":{\"@id\":\"https:\/\/cvipomocky.sk\/#\/schema\/person\/6764def79ff29fc2ea07657bb110ef9b\"},\"potentialAction\":[{\"@type\":\"SearchAction\",\"target\":{\"@type\":\"EntryPoint\",\"urlTemplate\":\"https:\/\/cvipomocky.sk\/?s={search_term_string}\"},\"query-input\":\"required name=search_term_string\"}],\"inLanguage\":\"sk-SK\"},{\"@type\":\"ImageObject\",\"inLanguage\":\"sk-SK\",\"@id\":\"https:\/\/cvipomocky.sk\/?page_id=98#primaryimage\",\"url\":\"https:\/\/cvipomocky.sk\/wp-content\/uploads\/2022\/06\/hrasok_01.jpg\",\"contentUrl\":\"https:\/\/cvipomocky.sk\/wp-content\/uploads\/2022\/06\/hrasok_01.jpg\",\"width\":1600,\"height\":1200},{\"@type\":\"WebPage\",\"@id\":\"https:\/\/cvipomocky.sk\/?page_id=98#webpage\",\"url\":\"https:\/\/cvipomocky.sk\/?page_id=98\",\"name\":\"Plsten\u00e9 hr\u00e1\u0161ky - cvipomocky.sk\",\"isPartOf\":{\"@id\":\"https:\/\/cvipomocky.sk\/#website\"},\"primaryImageOfPage\":{\"@id\":\"https:\/\/cvipomocky.sk\/?page_id=98#primaryimage\"},\"datePublished\":\"2022-05-05T20:12:01+00:00\",\"dateModified\":\"2022-06-12T12:23:17+00:00\",\"breadcrumb\":{\"@id\":\"https:\/\/cvipomocky.sk\/?page_id=98#breadcrumb\"},\"inLanguage\":\"sk-SK\",\"potentialAction\":[{\"@type\":\"ReadAction\",\"target\":[\"https:\/\/cvipomocky.sk\/?page_id=98\"]}]},{\"@type\":\"BreadcrumbList\",\"@id\":\"https:\/\/cvipomocky.sk\/?page_id=98#breadcrumb\",\"itemListElement\":[{\"@type\":\"ListItem\",\"position\":1,\"name\":\"Home\",\"item\":\"https:\/\/cvipomocky.sk\/\"},{\"@type\":\"ListItem\",\"position\":2,\"name\":\"Tvorba pom\u00f4cok\",\"item\":\"https:\/\/cvipomocky.sk\/?page_id=132\"},{\"@type\":\"ListItem\",\"position\":3,\"name\":\"Plsten\u00e9 hr\u00e1\u0161ky\"}]}]}<\/script>\n<!-- \/ Yoast SEO plugin. -->","yoast_head_json":{"title":"Plsten\u00e9 hr\u00e1\u0161ky - cvipomocky.sk","robots":{"index":"index","follow":"follow","max-snippet":"max-snippet:-1","max-image-preview":"max-image-preview:large","max-video-preview":"max-video-preview:-1"},"canonical":"https:\/\/cvipomocky.sk\/?page_id=98","og_locale":"sk_SK","og_type":"article","og_title":"Plsten\u00e9 hr\u00e1\u0161ky - cvipomocky.sk","og_description":"Plsten\u00e9 hr\u00e1\u0161ky s\u00fa trojrozmern\u00e9 filcov\u00e9 a plsten\u00e9 pom\u00f4cky, ktor\u00e9 maj\u00fa za cie\u013e pom\u00f4c\u0165 die\u0165a\u0165u s CVI prechod od re\u00e1lneho objektu (hr\u00e1\u0161ok) k jeho vizu\u00e1lnej podobe (anim\u00e1cie). V\u010faka tvaru, zipsu aj uplsten\u00fdm hr\u00e1\u0161kom pom\u00f4cka umo\u017e\u0148uje interakciu die\u0165a\u0165a a n\u00e1cvik jemnej motoriky. Ve\u013ekos\u0165 pom\u00f4cky: 21 cm \u0161\u00edrka, 7 cm v\u00fd\u0161ka, 3,5 cm hr\u00fabka. Pom\u00f4cka je vhodn\u00e1 pre&hellip; Pokra\u010dova\u0165 v \u010d\u00edtan\u00ed Plsten\u00e9 hr\u00e1\u0161ky","og_url":"https:\/\/cvipomocky.sk\/?page_id=98","og_site_name":"cvipomocky.sk","article_modified_time":"2022-06-12T12:23:17+00:00","og_image":[{"url":"http:\/\/cvipomocky.sk\/wp-content\/uploads\/2022\/06\/hrasok_01-1024x768.jpg"}],"twitter_card":"summary_large_image","twitter_misc":{"Predpokladan\u00fd \u010das \u010d\u00edtania":"4 min\u00faty"},"schema":{"@context":"https:\/\/schema.org","@graph":[{"@type":["Person","Organization"],"@id":"https:\/\/cvipomocky.sk\/#\/schema\/person\/6764def79ff29fc2ea07657bb110ef9b","name":"evarak","image":{"@type":"ImageObject","inLanguage":"sk-SK","@id":"https:\/\/cvipomocky.sk\/#\/schema\/person\/image\/","url":"https:\/\/cvipomocky.sk\/wp-content\/uploads\/2022\/06\/hrasok_01.jpg","contentUrl":"https:\/\/cvipomocky.sk\/wp-content\/uploads\/2022\/06\/hrasok_01.jpg","width":1600,"height":1200,"caption":"evarak"},"logo":{"@id":"https:\/\/cvipomocky.sk\/#\/schema\/person\/image\/"},"sameAs":["http:\/\/cvipomocky.sk"]},{"@type":"WebSite","@id":"https:\/\/cvipomocky.sk\/#website","url":"https:\/\/cvipomocky.sk\/","name":"cvipomocky.sk","description":"pom\u00f4cky pre deti s CVI","publisher":{"@id":"https:\/\/cvipomocky.sk\/#\/schema\/person\/6764def79ff29fc2ea07657bb110ef9b"},"potentialAction":[{"@type":"SearchAction","target":{"@type":"EntryPoint","urlTemplate":"https:\/\/cvipomocky.sk\/?s={search_term_string}"},"query-input":"required name=search_term_string"}],"inLanguage":"sk-SK"},{"@type":"ImageObject","inLanguage":"sk-SK","@id":"https:\/\/cvipomocky.sk\/?page_id=98#primaryimage","url":"https:\/\/cvipomocky.sk\/wp-content\/uploads\/2022\/06\/hrasok_01.jpg","contentUrl":"https:\/\/cvipomocky.sk\/wp-content\/uploads\/2022\/06\/hrasok_01.jpg","width":1600,"height":1200},{"@type":"WebPage","@id":"https:\/\/cvipomocky.sk\/?page_id=98#webpage","url":"https:\/\/cvipomocky.sk\/?page_id=98","name":"Plsten\u00e9 hr\u00e1\u0161ky - cvipomocky.sk","isPartOf":{"@id":"https:\/\/cvipomocky.sk\/#website"},"primaryImageOfPage":{"@id":"https:\/\/cvipomocky.sk\/?page_id=98#primaryimage"},"datePublished":"2022-05-05T20:12:01+00:00","dateModified":"2022-06-12T12:23:17+00:00","breadcrumb":{"@id":"https:\/\/cvipomocky.sk\/?page_id=98#breadcrumb"},"inLanguage":"sk-SK","potentialAction":[{"@type":"ReadAction","target":["https:\/\/cvipomocky.sk\/?page_id=98"]}]},{"@type":"BreadcrumbList","@id":"https:\/\/cvipomocky.sk\/?page_id=98#breadcrumb","itemListElement":[{"@type":"ListItem","position":1,"name":"Home","item":"https:\/\/cvipomocky.sk\/"},{"@type":"ListItem","position":2,"name":"Tvorba pom\u00f4cok","item":"https:\/\/cvipomocky.sk\/?page_id=132"},{"@type":"ListItem","position":3,"name":"Plsten\u00e9 hr\u00e1\u0161ky"}]}]}},"_links":{"self":[{"href":"https:\/\/cvipomocky.sk\/index.php?rest_route=\/wp\/v2\/pages\/98"}],"collection":[{"href":"https:\/\/cvipomocky.sk\/index.php?rest_route=\/wp\/v2\/pages"}],"about":[{"href":"https:\/\/cvipomocky.sk\/index.php?rest_route=\/wp\/v2\/types\/page"}],"author":[{"embeddable":true,"href":"https:\/\/cvipomocky.sk\/index.php?rest_route=\/wp\/v2\/users\/1"}],"replies":[{"embeddable":true,"href":"https:\/\/cvipomocky.sk\/index.php?rest_route=%2Fwp%2Fv2%2Fcomments&post=98"}],"version-history":[{"count":7,"href":"https:\/\/cvipomocky.sk\/index.php?rest_route=\/wp\/v2\/pages\/98\/revisions"}],"predecessor-version":[{"id":357,"href":"https:\/\/cvipomocky.sk\/index.php?rest_route=\/wp\/v2\/pages\/98\/revisions\/357"}],"up":[{"embeddable":true,"href":"https:\/\/cvipomocky.sk\/index.php?rest_route=\/wp\/v2\/pages\/132"}],"wp:attachment":[{"href":"https:\/\/cvipomocky.sk\/index.php?rest_route=%2Fwp%2Fv2%2Fmedia&parent=98"}],"curies":[{"name":"wp","href":"https:\/\/api.w.org\/{rel}","templated":true}]}}